{"id":1114,"date":"2024-08-06T09:41:00","date_gmt":"2024-08-06T13:41:00","guid":{"rendered":"https:\/\/alamancecapdev.wpenginepowered.com\/?page_id=1114"},"modified":"2024-10-21T14:39:43","modified_gmt":"2024-10-21T18:39:43","slug":"about-our-program","status":"publish","type":"page","link":"http:\/\/apprenticealamance.com\/es\/about-our-program\/","title":{"rendered":"Acerca de nuestro programa | Aprendiz Alamance"},"content":{"rendered":"<section class=\"wp-block-create-block-main-page-hero apprentice-block-page-hero overflow-hidden alignfull blue\"><div class=\"wrapper\">\n<div class=\"wp-block-columns is-layout-flex wp-container-core-columns-is-layout-9d6595d7 wp-block-columns-is-layout-flex\">\n<div class=\"wp-block-column is-layout-flow wp-block-column-is-layout-flow\">\n<h2 class=\"wp-block-heading apprentice-blocks-page-heading\">Acerca de Aprendiz Alamance<\/h2>\n\n\n\n<p class=\"apprentice-blocks-page-paragraph\">Apprentice Alamance cree en el empoderamiento de la pr\u00f3xima generaci\u00f3n a trav\u00e9s del aprendizaje pr\u00e1ctico y la experiencia del mundo real. Nuestra misi\u00f3n es proporcionar a los estudiantes de secundaria en el condado de Alamance con valiosas oportunidades de aprendizaje que los preparan para carreras exitosas en sus campos elegidos.<\/p>\n\n\n<\/div>\n\n\n\n<div class=\"wp-block-column is-layout-flow wp-block-column-is-layout-flow\">\n<figure class=\"wp-block-image size-full apprentice-blocks-page-image\"><img loading=\"lazy\" decoding=\"async\" width=\"1386\" height=\"1039\" src=\"http:\/\/apprenticealamance.com\/wp-content\/uploads\/2024\/09\/Alamance-Hero-image-banner-V1-1-1.png\" alt=\"\" class=\"wp-image-1351\" srcset=\"http:\/\/apprenticealamance.com\/wp-content\/uploads\/2024\/09\/Alamance-Hero-image-banner-V1-1-1.png 1386w, http:\/\/apprenticealamance.com\/wp-content\/uploads\/2024\/09\/Alamance-Hero-image-banner-V1-1-1-300x225.png 300w, http:\/\/apprenticealamance.com\/wp-content\/uploads\/2024\/09\/Alamance-Hero-image-banner-V1-1-1-1024x768.png 1024w, http:\/\/apprenticealamance.com\/wp-content\/uploads\/2024\/09\/Alamance-Hero-image-banner-V1-1-1-768x576.png 768w, http:\/\/apprenticealamance.com\/wp-content\/uploads\/2024\/09\/Alamance-Hero-image-banner-V1-1-1-176x132.png 176w, http:\/\/apprenticealamance.com\/wp-content\/uploads\/2024\/09\/Alamance-Hero-image-banner-V1-1-1-232x174.png 232w\" sizes=\"auto, (max-width: 1386px) 100vw, 1386px\" \/><\/figure>\n<\/div>\n<\/div>\n<\/div><\/section>\n\n\n\n<section class=\"wp-block-create-block-media-text apprentice-block-theme-media-text alignfull green image-at-left have-bg-shape image-have-radius\"><div class=\"wrapper\">\n<div class=\"wp-block-columns apprentice-block-quote-columns is-layout-flex wp-container-core-columns-is-layout-9d6595d7 wp-block-columns-is-layout-flex\">\n<div class=\"wp-block-column apprentice-block-quote-column is-layout-flow wp-block-column-is-layout-flow\">\n<h2 class=\"wp-block-heading apprentice-block-quote-heading\">Apprentice Alamance presenta su nueva marca<\/h2>\n\n\n\n<p class=\"apprentice-block-quote-paragraph\">El Programa Acelerador de Carreras Profesionales del Condado de Alamance ha completado un amplio esfuerzo de cambio de marca para aumentar el conocimiento de las oportunidades de empleo en la zona. La nueva marca es una representaci\u00f3n de las oportunidades de movilidad econ\u00f3mica y carreras sofisticadas en el \u00e1rea local.<\/p>\n\n\n\n<div class=\"wp-block-button apprentice-block-quote-button is-style-apprentice-blue-button\"><a class=\"wp-block-button__link wp-element-button\" href=\"https:\/\/apprenticealamance.com\/es\/apprentice-alamance-unveils-new-brand-to-reflect-growth-and-vision-for-the-future\/\">Seguir leyendo<\/a><\/div>\n<\/div>\n\n\n\n<div class=\"wp-block-column apprentice-block-quote-column is-layout-flow wp-block-column-is-layout-flow\">\n<figure class=\"wp-block-image size-full apprentice-block-quote-image is-style-default\"><img loading=\"lazy\" decoding=\"async\" width=\"2560\" height=\"2560\" src=\"https:\/\/apprenticealamance.com\/wp-content\/uploads\/2024\/10\/Apprentice-Alamance-Logo-Lockup-Final_Full-Color-Primary-Horizontal-1-scaled.jpg\" alt=\"\" class=\"wp-image-1504\" srcset=\"http:\/\/apprenticealamance.com\/wp-content\/uploads\/2024\/10\/Apprentice-Alamance-Logo-Lockup-Final_Full-Color-Primary-Horizontal-1-scaled.jpg 2560w, http:\/\/apprenticealamance.com\/wp-content\/uploads\/2024\/10\/Apprentice-Alamance-Logo-Lockup-Final_Full-Color-Primary-Horizontal-1-300x300.jpg 300w\" sizes=\"auto, (max-width: 2560px) 100vw, 2560px\" \/><\/figure>\n<\/div>\n<\/div>\n<\/div><\/section>\n\n\n\n<section class=\"wp-block-create-block-lead-para apprentice-block-lead-para overflow-hidden gray alignfull\"><div class=\"wrapper\"><div class=\"category-tag-text\"><\/div>\n<h2 class=\"wp-block-heading has-text-align-center apprentice-blocks-page-heading\"><span style=\"color: #181851;\" class=\"stk-highlight\">Nuestra misi\u00f3n<\/span><\/h2>\n\n\n\n<p class=\"has-text-align-center apprentice-blocks-page-paragraph\">Apprentice Alamance se dedica a transformar la mano de obra en el condado de Alamance ofreciendo programas de aprendizaje innovadores que combinan la ense\u00f1anza en el aula con la formaci\u00f3n en el puesto de trabajo. Nuestro objetivo es cerrar la brecha entre la educaci\u00f3n y la industria, asegurando que nuestros aprendices est\u00e9n bien equipados con las habilidades y conocimientos que necesitan para aprender, ganar y sobresalir en sus carreras.<\/p>\n<\/div><\/section>\n\n\n\n<section class=\"wp-block-create-block-lead-para apprentice-block-lead-para overflow-hidden white alignfull\"><div class=\"wrapper\"><div class=\"category-tag-text\"><\/div>\n<h2 class=\"wp-block-heading has-text-align-center apprentice-blocks-page-heading\" id=\"career-paths\"><span style=\"color: #181851;\" class=\"stk-highlight\">Trayectorias profesionales<\/span><\/h2>\n\n\n\n<p class=\"has-text-align-center apprentice-blocks-page-paragraph\">Ofrecemos pr\u00e1cticas en varios campos, lo que permite a los estudiantes adquirir experiencia pr\u00e1ctica y sentar las bases de sus futuras carreras. Algunas de las trayectorias profesionales disponibles a trav\u00e9s de nuestro programa incluyen:<\/p>\n<\/div><\/section>\n\n\n\n<section class=\"wp-block-create-block-icon-two-cards apprentice-block-two-cards midnight\"><div class=\"wrapper\">\n<div class=\"wp-block-columns apprentice-block-quote-columns is-layout-flex wp-container-core-columns-is-layout-9d6595d7 wp-block-columns-is-layout-flex\">\n<div class=\"wp-block-column apprentice-block-quote-column is-layout-flow wp-block-column-is-layout-flow\">\n<figure class=\"wp-block-image size-large apprentice-block-quote-image\"><img loading=\"lazy\" decoding=\"async\" width=\"512\" height=\"512\" src=\"http:\/\/apprenticealamance.com\/wp-content\/uploads\/2024\/08\/microchip-light-1.svg\" alt=\"\" class=\"wp-image-1252\"\/><\/figure>\n\n\n\n<h4 class=\"wp-block-heading apprentice-block-quote-paragraph\"><strong>Mecatr\u00f3nica<\/strong><\/h4>\n\n\n\n<p class=\"apprentice-block-quote-paragraph\">Este campo en expansi\u00f3n combina los conocimientos de los sistemas mec\u00e1nicos y el\u00e9ctricos. Los t\u00e9cnicos mecatr\u00f3nicos son capaces de diagnosticar, solucionar problemas e instalar todo tipo de equipos industriales.<\/p>\n\n\n\n<div class=\"wp-block-buttons is-content-justification-center is-layout-flex wp-container-core-buttons-is-layout-16018d1d wp-block-buttons-is-layout-flex\">\n<div class=\"wp-block-button\"><a class=\"wp-block-button__link wp-element-button\" href=\"https:\/\/www.alamancecc.edu\/curriculum_programs\/applied-engineering-agriculture-and-skilled-trades\/mechatronics-engineering-technology\/index.php\" target=\"_blank\" rel=\"noreferrer noopener\">M\u00e1s informaci\u00f3n<\/a><\/div>\n<\/div>\n<\/div>\n\n\n\n<div class=\"wp-block-column apprentice-block-quote-column is-layout-flow wp-block-column-is-layout-flow\">\n<figure class=\"wp-block-image size-large apprentice-block-quote-image\"><img loading=\"lazy\" decoding=\"async\" width=\"640\" height=\"512\" src=\"http:\/\/apprenticealamance.com\/wp-content\/uploads\/2024\/08\/gears-light.svg\" alt=\"\" class=\"wp-image-1256\"\/><\/figure>\n\n\n\n<h4 class=\"wp-block-heading apprentice-block-quote-paragraph\"><strong><strong><strong>Mec\u00e1nica<\/strong><\/strong><\/strong><\/h4>\n\n\n\n<p class=\"apprentice-block-quote-paragraph\">Los equipos industriales actuales requieren t\u00e9cnicos expertos en reparaciones mec\u00e1nicas, hidr\u00e1ulicas y neum\u00e1ticas, soluci\u00f3n de problemas y fabricaci\u00f3n de componentes.<\/p>\n\n\n\n<div class=\"wp-block-buttons is-content-justification-center is-layout-flex wp-container-core-buttons-is-layout-16018d1d wp-block-buttons-is-layout-flex\">\n<div class=\"wp-block-button\"><a class=\"wp-block-button__link wp-element-button\" href=\"https:\/\/www.alamancecc.edu\/curriculum_programs\/applied-engineering-agriculture-and-skilled-trades\/mechanical-engineering-technology\/index.php\" target=\"_blank\" rel=\"noreferrer noopener\">M\u00e1s informaci\u00f3n<\/a><\/div>\n<\/div>\n<\/div>\n<\/div>\n<\/div><\/section>\n\n\n\n<div style=\"height:25px\" aria-hidden=\"true\" class=\"wp-block-spacer\"><\/div>\n\n\n\n<section class=\"wp-block-create-block-icon-two-cards apprentice-block-two-cards midnight\"><div class=\"wrapper\">\n<div class=\"wp-block-columns apprentice-block-quote-columns is-layout-flex wp-container-core-columns-is-layout-9d6595d7 wp-block-columns-is-layout-flex\">\n<div class=\"wp-block-column apprentice-block-quote-column is-layout-flow wp-block-column-is-layout-flow\">\n<figure class=\"wp-block-image size-large apprentice-block-quote-image\"><img loading=\"lazy\" decoding=\"async\" width=\"576\" height=\"512\" src=\"http:\/\/apprenticealamance.com\/wp-content\/uploads\/2024\/08\/display-code-light-1.svg\" alt=\"\" class=\"wp-image-1254\"\/><\/figure>\n\n\n\n<h4 class=\"wp-block-heading apprentice-block-quote-paragraph\"><strong><strong><strong>Mecanizado por control num\u00e9rico computerizado (CNC)<\/strong><\/strong><\/strong><\/h4>\n\n\n\n<p class=\"apprentice-block-quote-paragraph\">Las m\u00e1quinas CNC son muy precisas y eficaces y suelen utilizarse para fabricar piezas exactas. Los maquinistas de CNC trabajan a partir de planos o dibujos detallados y utilizan software de dise\u00f1o y mecanizado asistido por ordenador.<\/p>\n\n\n\n<div class=\"wp-block-buttons is-content-justification-center is-layout-flex wp-container-core-buttons-is-layout-16018d1d wp-block-buttons-is-layout-flex\">\n<div class=\"wp-block-button\"><a class=\"wp-block-button__link wp-element-button\" href=\"https:\/\/www.alamancecc.edu\/curriculum_programs\/applied-engineering-agriculture-and-skilled-trades\/computer-integrated-machining\/index.php\" target=\"_blank\" rel=\"noreferrer noopener\">M\u00e1s informaci\u00f3n<\/a><\/div>\n<\/div>\n<\/div>\n\n\n\n<div class=\"wp-block-column apprentice-block-quote-column is-layout-flow wp-block-column-is-layout-flow\">\n<figure class=\"wp-block-image size-large apprentice-block-quote-image\"><img loading=\"lazy\" decoding=\"async\" width=\"640\" height=\"512\" src=\"http:\/\/apprenticealamance.com\/wp-content\/uploads\/2024\/08\/gauge-circle-bolt-light-1.svg\" alt=\"\" class=\"wp-image-1255\"\/><\/figure>\n\n\n\n<h4 class=\"wp-block-heading apprentice-block-quote-paragraph\"><strong><strong>El\u00e9ctrico<\/strong><\/strong><\/h4>\n\n\n\n<p class=\"apprentice-block-quote-paragraph\">Aprender a diagnosticar, reparar e instalar sistemas el\u00e9ctricos y m\u00e1quinas electr\u00f3nicas y controles industriales; incluyendo rob\u00f3tica, automatizaci\u00f3n y distribuci\u00f3n de energ\u00eda. Utilizar herramientas de diagn\u00f3stico de precisi\u00f3n, ordenadores y conocimientos de programaci\u00f3n.<\/p>\n\n\n\n<div class=\"wp-block-buttons is-content-justification-center is-layout-flex wp-container-core-buttons-is-layout-16018d1d wp-block-buttons-is-layout-flex\">\n<div class=\"wp-block-button\"><a class=\"wp-block-button__link wp-element-button\" href=\"https:\/\/www.alamancecc.edu\/curriculum_programs\/applied-engineering-agriculture-and-skilled-trades\/electrical-systems-technology\/index.php\" target=\"_blank\" rel=\"noreferrer noopener\">M\u00e1s informaci\u00f3n<\/a><\/div>\n<\/div>\n<\/div>\n<\/div>\n<\/div><\/section>\n\n\n\n<div style=\"height:50px\" aria-hidden=\"true\" class=\"wp-block-spacer\"><\/div>\n\n\n\n<section class=\"wp-block-create-block-cta-tile apprentice-block-main-section green image-on-top alignfull\"><div class=\"wrapper\"><div class=\"cta-inner\">\n<h2 class=\"wp-block-heading apprentice-block-main-heading\">Participa<\/h2>\n\n\n\n<p class=\"apprentice-block-main-paragraph\">Tanto si eres un estudiante que busca iniciar su carrera profesional, un padre que busca oportunidades para su hijo o una empresa interesada en asociarse con nosotros, Apprentice Alamance tiene algo que ofrecerte.<\/p>\n\n\n\n<div class=\"wp-block-button oapprentice-block-main-button is-style-apprentice-white-button\"><a class=\"wp-block-button__link wp-element-button\" href=\"http:\/\/apprenticealamance.com\/es\/contact-us\/#Contact-Us-Form\">P\u00f3ngase en contacto con nosotros<\/a><\/div>\n<\/div><\/div><\/section>","protected":false},"excerpt":{"rendered":"","protected":false},"author":243,"featured_media":0,"parent":0,"menu_order":0,"comment_status":"closed","ping_status":"closed","template":"","meta":{"footnotes":""},"class_list":["post-1114","page","type-page","status-publish","hentry"],"featured_image_urls_v2":{"full":"","thumbnail":"","medium":"","medium_large":"","large":"","1536x1536":"","2048x2048":"","trp-custom-language-flag":"","post-thumbnail":"","header_logo":"","home-hero":"","home-discover-background":"","home-video-thumbnail":"","home-partner-logo":"","page-banner":"","gform-image-choice-sm":"","gform-image-choice-md":"","gform-image-choice-lg":""},"post_excerpt_stackable_v2":"<p>About Apprentice Alamance Apprentice Alamance believes in empowering the next generation through hands-on learning and real-world experience. Our mission is to provide high school students in Alamance County with valuable apprenticeship opportunities that prepare them for successful careers in their chosen fields. Apprentice Alamance Unveils a New Brand Alamance County\u2019s Career Accelerator Program has completed an extensive rebranding effort to increase awareness of employment opportunities in the area. The new brand is a representation of the opportunities for economic mobility and sophisticated careers in the local area. Read More Our Mission Apprentice Alamance is dedicated to transforming the workforce in&hellip;<\/p>\n","category_list_v2":"","author_info_v2":{"name":"HonestlySystems","url":"http:\/\/apprenticealamance.com\/es\/author\/honestlysystems\/"},"comments_num_v2":"0 comments","yoast_head":"<!-- This site is optimized with the Yoast SEO plugin v27.4 - https:\/\/yoast.com\/product\/yoast-seo-wordpress\/ -->\n<title>About Our Program | Apprentice Alamance - Career Accelerator Program<\/title>\n<meta name=\"robots\" content=\"index, follow, max-snippet:-1, max-image-preview:large, max-video-preview:-1\" \/>\n<link rel=\"canonical\" href=\"https:\/\/apprenticealamance.com\/es\/about-our-program\/\" \/>\n<meta property=\"og:locale\" content=\"es_MX\" \/>\n<meta property=\"og:type\" content=\"article\" \/>\n<meta property=\"og:title\" content=\"About Our Program | Apprentice Alamance - Career Accelerator Program\" \/>\n<meta property=\"og:url\" content=\"https:\/\/apprenticealamance.com\/es\/about-our-program\/\" \/>\n<meta property=\"og:site_name\" content=\"Career Accelerator Program\" \/>\n<meta property=\"article:modified_time\" content=\"2024-10-21T18:39:43+00:00\" \/>\n<meta property=\"og:image\" content=\"http:\/\/apprenticealamance.com\/wp-content\/uploads\/2024\/09\/Alamance-Hero-image-banner-V1-1-1.png\" \/>\n<meta name=\"twitter:card\" content=\"summary_large_image\" \/>\n<meta name=\"twitter:label1\" content=\"Tiempo de lectura\" \/>\n\t<meta name=\"twitter:data1\" content=\"3 minutos\" \/>\n<script type=\"application\/ld+json\" class=\"yoast-schema-graph\">{\"@context\":\"https:\\\/\\\/schema.org\",\"@graph\":[{\"@type\":\"WebPage\",\"@id\":\"https:\\\/\\\/apprenticealamance.com\\\/about-our-program\\\/\",\"url\":\"https:\\\/\\\/apprenticealamance.com\\\/about-our-program\\\/\",\"name\":\"About Our Program | Apprentice Alamance - Career Accelerator Program\",\"isPartOf\":{\"@id\":\"https:\\\/\\\/apprenticealamance.com\\\/#website\"},\"primaryImageOfPage\":{\"@id\":\"https:\\\/\\\/apprenticealamance.com\\\/about-our-program\\\/#primaryimage\"},\"image\":{\"@id\":\"https:\\\/\\\/apprenticealamance.com\\\/about-our-program\\\/#primaryimage\"},\"thumbnailUrl\":\"http:\\\/\\\/apprenticealamance.com\\\/wp-content\\\/uploads\\\/2024\\\/09\\\/Alamance-Hero-image-banner-V1-1-1.png\",\"datePublished\":\"2024-08-06T13:41:00+00:00\",\"dateModified\":\"2024-10-21T18:39:43+00:00\",\"breadcrumb\":{\"@id\":\"https:\\\/\\\/apprenticealamance.com\\\/about-our-program\\\/#breadcrumb\"},\"inLanguage\":\"es\",\"potentialAction\":[{\"@type\":\"ReadAction\",\"target\":[\"https:\\\/\\\/apprenticealamance.com\\\/about-our-program\\\/\"]}]},{\"@type\":\"ImageObject\",\"inLanguage\":\"es\",\"@id\":\"https:\\\/\\\/apprenticealamance.com\\\/about-our-program\\\/#primaryimage\",\"url\":\"http:\\\/\\\/apprenticealamance.com\\\/wp-content\\\/uploads\\\/2024\\\/09\\\/Alamance-Hero-image-banner-V1-1-1.png\",\"contentUrl\":\"http:\\\/\\\/apprenticealamance.com\\\/wp-content\\\/uploads\\\/2024\\\/09\\\/Alamance-Hero-image-banner-V1-1-1.png\"},{\"@type\":\"BreadcrumbList\",\"@id\":\"https:\\\/\\\/apprenticealamance.com\\\/about-our-program\\\/#breadcrumb\",\"itemListElement\":[{\"@type\":\"ListItem\",\"position\":1,\"name\":\"Home\",\"item\":\"https:\\\/\\\/apprenticealamance.com\\\/\"},{\"@type\":\"ListItem\",\"position\":2,\"name\":\"About Our Program | Apprentice Alamance\"}]},{\"@type\":\"WebSite\",\"@id\":\"https:\\\/\\\/apprenticealamance.com\\\/#website\",\"url\":\"https:\\\/\\\/apprenticealamance.com\\\/\",\"name\":\"Career Accelerator Program\",\"description\":\"Career Accelerator Program\",\"potentialAction\":[{\"@type\":\"SearchAction\",\"target\":{\"@type\":\"EntryPoint\",\"urlTemplate\":\"https:\\\/\\\/apprenticealamance.com\\\/?s={search_term_string}\"},\"query-input\":{\"@type\":\"PropertyValueSpecification\",\"valueRequired\":true,\"valueName\":\"search_term_string\"}}],\"inLanguage\":\"es\"}]}<\/script>\n<!-- \/ Yoast SEO plugin. -->","yoast_head_json":{"title":"Sobre Nuestro Programa | Aprendiz Alamance - Programa Acelerador de Carrera","robots":{"index":"index","follow":"follow","max-snippet":"max-snippet:-1","max-image-preview":"max-image-preview:large","max-video-preview":"max-video-preview:-1"},"canonical":"https:\/\/apprenticealamance.com\/es\/about-our-program\/","og_locale":"es_MX","og_type":"article","og_title":"About Our Program | Apprentice Alamance - Career Accelerator Program","og_url":"https:\/\/apprenticealamance.com\/es\/about-our-program\/","og_site_name":"Career Accelerator Program","article_modified_time":"2024-10-21T18:39:43+00:00","og_image":[{"url":"http:\/\/apprenticealamance.com\/wp-content\/uploads\/2024\/09\/Alamance-Hero-image-banner-V1-1-1.png","type":"","width":"","height":""}],"twitter_card":"summary_large_image","twitter_misc":{"Tiempo de lectura":"3 minutos"},"schema":{"@context":"https:\/\/schema.org","@graph":[{"@type":"WebPage","@id":"https:\/\/apprenticealamance.com\/about-our-program\/","url":"https:\/\/apprenticealamance.com\/about-our-program\/","name":"Sobre Nuestro Programa | Aprendiz Alamance - Programa Acelerador de Carrera","isPartOf":{"@id":"https:\/\/apprenticealamance.com\/#website"},"primaryImageOfPage":{"@id":"https:\/\/apprenticealamance.com\/about-our-program\/#primaryimage"},"image":{"@id":"https:\/\/apprenticealamance.com\/about-our-program\/#primaryimage"},"thumbnailUrl":"http:\/\/apprenticealamance.com\/wp-content\/uploads\/2024\/09\/Alamance-Hero-image-banner-V1-1-1.png","datePublished":"2024-08-06T13:41:00+00:00","dateModified":"2024-10-21T18:39:43+00:00","breadcrumb":{"@id":"https:\/\/apprenticealamance.com\/about-our-program\/#breadcrumb"},"inLanguage":"es","potentialAction":[{"@type":"ReadAction","target":["https:\/\/apprenticealamance.com\/about-our-program\/"]}]},{"@type":"ImageObject","inLanguage":"es","@id":"https:\/\/apprenticealamance.com\/about-our-program\/#primaryimage","url":"http:\/\/apprenticealamance.com\/wp-content\/uploads\/2024\/09\/Alamance-Hero-image-banner-V1-1-1.png","contentUrl":"http:\/\/apprenticealamance.com\/wp-content\/uploads\/2024\/09\/Alamance-Hero-image-banner-V1-1-1.png"},{"@type":"BreadcrumbList","@id":"https:\/\/apprenticealamance.com\/about-our-program\/#breadcrumb","itemListElement":[{"@type":"ListItem","position":1,"name":"Home","item":"https:\/\/apprenticealamance.com\/"},{"@type":"ListItem","position":2,"name":"About Our Program | Apprentice Alamance"}]},{"@type":"WebSite","@id":"https:\/\/apprenticealamance.com\/#website","url":"https:\/\/apprenticealamance.com\/","name":"Programa Acelerador de Carrera","description":"Programa Acelerador de Carrera","potentialAction":[{"@type":"SearchAction","target":{"@type":"EntryPoint","urlTemplate":"https:\/\/apprenticealamance.com\/?s={search_term_string}"},"query-input":{"@type":"PropertyValueSpecification","valueRequired":true,"valueName":"search_term_string"}}],"inLanguage":"es"}]}},"_links":{"self":[{"href":"http:\/\/apprenticealamance.com\/es\/wp-json\/wp\/v2\/pages\/1114","targetHints":{"allow":["GET"]}}],"collection":[{"href":"http:\/\/apprenticealamance.com\/es\/wp-json\/wp\/v2\/pages"}],"about":[{"href":"http:\/\/apprenticealamance.com\/es\/wp-json\/wp\/v2\/types\/page"}],"author":[{"embeddable":true,"href":"http:\/\/apprenticealamance.com\/es\/wp-json\/wp\/v2\/users\/243"}],"replies":[{"embeddable":true,"href":"http:\/\/apprenticealamance.com\/es\/wp-json\/wp\/v2\/comments?post=1114"}],"version-history":[{"count":0,"href":"http:\/\/apprenticealamance.com\/es\/wp-json\/wp\/v2\/pages\/1114\/revisions"}],"wp:attachment":[{"href":"http:\/\/apprenticealamance.com\/es\/wp-json\/wp\/v2\/media?parent=1114"}],"curies":[{"name":"wp","href":"https:\/\/api.w.org\/{rel}","templated":true}]}}