{"id":1126,"date":"2024-08-07T08:13:54","date_gmt":"2024-08-07T12:13:54","guid":{"rendered":"https:\/\/alamancecapdev.wpenginepowered.com\/?page_id=1126"},"modified":"2024-10-01T17:34:12","modified_gmt":"2024-10-01T21:34:12","slug":"student-requirements","status":"publish","type":"page","link":"http:\/\/apprenticealamance.com\/es\/student-requirements\/","title":{"rendered":"Requisitos del estudiante | Aprendiz Alamance"},"content":{"rendered":"<section class=\"wp-block-create-block-main-page-hero apprentice-block-page-hero overflow-hidden alignfull orange\"><div class=\"wrapper\">\n<div class=\"wp-block-columns is-layout-flex wp-container-core-columns-is-layout-9d6595d7 wp-block-columns-is-layout-flex\">\n<div class=\"wp-block-column is-layout-flow wp-block-column-is-layout-flow\">\n<h2 class=\"wp-block-heading apprentice-blocks-page-heading\">Requisitos para los estudiantes<\/h2>\n\n\n\n<p class=\"apprentice-blocks-page-paragraph\">Apprentice Alamance ofrece a los estudiantes de secundaria la oportunidad de adquirir experiencia pr\u00e1ctica en sectores por los que sienten curiosidad.<\/p>\n\n\n<\/div>\n\n\n\n<div class=\"wp-block-column is-layout-flow wp-block-column-is-layout-flow\">\n<figure class=\"wp-block-image size-full apprentice-blocks-page-image\"><img loading=\"lazy\" decoding=\"async\" width=\"1386\" height=\"1039\" src=\"http:\/\/apprenticealamance.com\/wp-content\/uploads\/2024\/09\/Alamance-Hero-image-banner-V1_STUDENTS-REQS.png\" alt=\"\" class=\"wp-image-1355\" srcset=\"http:\/\/apprenticealamance.com\/wp-content\/uploads\/2024\/09\/Alamance-Hero-image-banner-V1_STUDENTS-REQS.png 1386w, http:\/\/apprenticealamance.com\/wp-content\/uploads\/2024\/09\/Alamance-Hero-image-banner-V1_STUDENTS-REQS-300x225.png 300w, http:\/\/apprenticealamance.com\/wp-content\/uploads\/2024\/09\/Alamance-Hero-image-banner-V1_STUDENTS-REQS-1024x768.png 1024w, http:\/\/apprenticealamance.com\/wp-content\/uploads\/2024\/09\/Alamance-Hero-image-banner-V1_STUDENTS-REQS-768x576.png 768w, http:\/\/apprenticealamance.com\/wp-content\/uploads\/2024\/09\/Alamance-Hero-image-banner-V1_STUDENTS-REQS-176x132.png 176w, http:\/\/apprenticealamance.com\/wp-content\/uploads\/2024\/09\/Alamance-Hero-image-banner-V1_STUDENTS-REQS-232x174.png 232w\" sizes=\"auto, (max-width: 1386px) 100vw, 1386px\" \/><\/figure>\n<\/div>\n<\/div>\n<\/div><\/section>\n\n\n\n<section class=\"wp-block-create-block-lead-para apprentice-block-lead-para overflow-hidden white alignfull\"><div class=\"wrapper\"><div class=\"category-tag-text\"><\/div>\n<h2 class=\"wp-block-heading has-text-align-center apprentice-blocks-page-heading\"><span style=\"color: #181851;\" class=\"stk-highlight\">Criterios de admisibilidad<\/span><\/h2>\n\n\n\n<p class=\"has-text-align-center apprentice-blocks-page-paragraph\">\u00bfEst\u00e1 interesado en comenzar su carrera con un aprendizaje a trav\u00e9s de Apprentice Alamance? Averig\u00fce si cumple con los requisitos de elegibilidad a continuaci\u00f3n.<\/p>\n<\/div><\/section>\n\n\n\n<section class=\"wp-block-create-block-icon-two-cards apprentice-block-two-cards midnight blue\"><div class=\"wrapper\">\n<div class=\"wp-block-columns apprentice-block-quote-columns is-layout-flex wp-container-core-columns-is-layout-9d6595d7 wp-block-columns-is-layout-flex\">\n<div class=\"wp-block-column apprentice-block-quote-column is-layout-flow wp-block-column-is-layout-flow\">\n<figure class=\"wp-block-image size-large apprentice-block-quote-image is-style-default\"><img loading=\"lazy\" decoding=\"async\" width=\"576\" height=\"512\" src=\"http:\/\/apprenticealamance.com\/wp-content\/uploads\/2024\/08\/school-flag-light.svg\" alt=\"\" class=\"wp-image-1248\"\/><\/figure>\n\n\n\n<h4 class=\"wp-block-heading apprentice-block-quote-paragraph has-normal-font-size\">Estado de la escuela secundaria<\/h4>\n\n\n\n<p class=\"has-text-align-left\">-Debe estar en el pen\u00faltimo o \u00faltimo a\u00f1o de secundaria.<\/p>\n\n\n\n<p class=\"has-text-align-left\">-Asistir a una escuela en el Sistema Escolar Alamance-Burlington*, o ser un estudiante de educaci\u00f3n en el hogar, escuela charter o escuela privada en el Condado de Alamance.<\/p>\n\n\n\n<div style=\"height:8px\" aria-hidden=\"true\" class=\"wp-block-spacer\"><\/div>\n\n\n\n<p class=\"has-text-align-left apprentice-block-quote-paragraph has-normal-font-size\"><em>*Los estudiantes de los sistemas escolares vecinos pueden ser elegibles para aplicar. <a href=\"#\">P\u00f3ngase en contacto con nosotros para m\u00e1s informaci\u00f3n.<\/a><\/em><\/p>\n<\/div>\n\n\n\n<div class=\"wp-block-column apprentice-block-quote-column is-layout-flow wp-block-column-is-layout-flow\">\n<figure class=\"wp-block-image size-large apprentice-block-quote-image\"><img loading=\"lazy\" decoding=\"async\" width=\"384\" height=\"512\" src=\"http:\/\/apprenticealamance.com\/wp-content\/uploads\/2024\/08\/file-lines-light.svg\" alt=\"\" class=\"wp-image-1249\"\/><\/figure>\n\n\n\n<h4 class=\"wp-block-heading apprentice-block-quote-paragraph has-normal-font-size\">Requisitos acad\u00e9micos<\/h4>\n\n\n\n<p class=\"has-text-align-left\">-Mantener un promedio m\u00ednimo de 2,8*.<\/p>\n\n\n\n<p class=\"has-text-align-left\">-Haber completado con \u00e9xito Matem\u00e1ticas 1, Matem\u00e1ticas 2 y Matem\u00e1ticas 3.<\/p>\n\n\n\n<p class=\"has-text-align-left\">- Completar un <a href=\"https:\/\/www.alamancecc.edu\/admissions\/placement-testing\/home\/index.php\">prueba de nivel universitario<\/a> en caso necesario<\/p>\n\n\n\n<p class=\"has-text-align-left\">-Los solicitantes deben ser estudiantes de secundaria en el momento de presentar la solicitud.<\/p>\n\n\n\n<div style=\"height:8px\" aria-hidden=\"true\" class=\"wp-block-spacer\"><\/div>\n\n\n\n<p class=\"has-text-align-left apprentice-block-quote-paragraph has-normal-font-size\"><em>*<em>Determinados aprendizajes pueden requerir una nota media superior.<\/em><\/em><\/p>\n<\/div>\n<\/div>\n<\/div><\/section>\n\n\n\n<div style=\"height:20px\" aria-hidden=\"true\" class=\"wp-block-spacer\"><\/div>\n\n\n\n<section class=\"wp-block-create-block-icon-two-cards apprentice-block-two-cards midnight blue\"><div class=\"wrapper\">\n<div class=\"wp-block-columns apprentice-block-quote-columns is-layout-flex wp-container-core-columns-is-layout-9d6595d7 wp-block-columns-is-layout-flex\">\n<div class=\"wp-block-column apprentice-block-quote-column is-layout-flow wp-block-column-is-layout-flow\">\n<figure class=\"wp-block-image size-large apprentice-block-quote-image\"><img loading=\"lazy\" decoding=\"async\" width=\"448\" height=\"512\" src=\"http:\/\/apprenticealamance.com\/wp-content\/uploads\/2024\/08\/calendar-star-light.svg\" alt=\"\" class=\"wp-image-1250\"\/><\/figure>\n\n\n\n<h4 class=\"wp-block-heading apprentice-block-quote-paragraph has-normal-font-size\"><strong>Asistencia y comportamiento<\/strong><\/h4>\n\n\n\n<p class=\"has-text-align-left\">-Mantener buenos registros de asistencia a la escuela con no m\u00e1s de 5 ausencias al a\u00f1o.<\/p>\n\n\n\n<p class=\"has-text-align-left\">-Compromiso de los padres\/tutores y del alumno<\/p>\n<\/div>\n\n\n\n<div class=\"wp-block-column apprentice-block-quote-column is-layout-flow wp-block-column-is-layout-flow\">\n<figure class=\"wp-block-image size-large apprentice-block-quote-image\"><img loading=\"lazy\" decoding=\"async\" width=\"640\" height=\"512\" src=\"http:\/\/apprenticealamance.com\/wp-content\/uploads\/2024\/08\/book-open-cover-light.svg\" alt=\"\" class=\"wp-image-1251\"\/><\/figure>\n\n\n\n<h4 class=\"wp-block-heading apprentice-block-quote-paragraph has-normal-font-size\"><strong>Cursos de bachillerato recomendados<\/strong><\/h4>\n\n\n\n<p class=\"has-text-align-left\">-F\u00edsica<\/p>\n\n\n\n<p class=\"has-text-align-left\">-Redacci\u00f3n o ingenier\u00eda<\/p>\n\n\n\n<p class=\"has-text-align-left\">- Inform\u00e1tica (MSITA, Programaci\u00f3n, MaWD)<\/p>\n\n\n\n<p class=\"has-text-align-left\">-Cualquier curso pr\u00e1ctico relacionado (automoci\u00f3n, electr\u00f3nica, mec\u00e1nica agr\u00edcola, mecanizado, soldadura, etc.)<\/p>\n<\/div>\n<\/div>\n<\/div><\/section>\n\n\n\n<div style=\"height:20px\" aria-hidden=\"true\" class=\"wp-block-spacer\"><\/div>\n\n\n\n<div class=\"wp-block-group\"><div class=\"wp-block-group__inner-container is-layout-constrained wp-block-group-is-layout-constrained\">\n<div class=\"wp-block-group\"><div class=\"wp-block-group__inner-container is-layout-constrained wp-block-group-is-layout-constrained\">\n<div class=\"wp-block-stackable-heading aligncenter stk-block-heading stk-block-heading--v2 stk-block stk-35057cc\" id=\"are-you-a-good-fit\" data-block-id=\"35057cc\"><style>.stk-35057cc{bottom:-70px !important}.stk-35057cc .stk-block-heading__text{color:#181851 !important}<\/style><h3 class=\"stk-block-heading__text has-text-color has-text-align-center\">\u00bfLe conviene?<\/h3><\/div>\n\n\n\n<section class=\"wp-block-create-block-bullet-list apprentice-block-bullet-list white alignfull\"><div class=\"wrapper\">\n<p class=\"has-text-align-left apprentice-bullet-list-paragraph\">Apprentice Alamance se asocia con empresas locales que emplean a miles de personas, pero hay un n\u00famero limitado de puestos de aprendizaje disponibles cada a\u00f1o. Nuestros aprendizajes van a los estudiantes que son:<\/p>\n\n\n\n<ul class=\"wp-block-list apprentice-bullet-list\">\n<li><strong>Motivado: <\/strong>Estudiantes con ganas de aprender y dispuestos a comprometerse con un programa de formaci\u00f3n pr\u00e1ctica.<\/li>\n\n\n\n<li><strong>Orientaci\u00f3n profesional:<\/strong> Estudiantes que tienen un inter\u00e9s claro en un campo espec\u00edfico y quieren empezar a construir su carrera de inmediato.<\/li>\n\n\n\n<li><strong>Orientado a la Comunidad:<\/strong> Los que quieren permanecer en su comunidad y contribuir a su crecimiento y \u00e9xito.<\/li>\n\n\n\n<li><strong>Jugadores del equipo:<\/strong> Personas a las que les guste trabajar en colaboraci\u00f3n y quieran formar parte de un equipo.<\/li>\n<\/ul>\n<\/div><\/section>\n<\/div><\/div>\n<\/div><\/div>\n\n\n\n<section class=\"wp-block-create-block-cta-tile apprentice-block-main-section orange image-on-top alignfull\"><div class=\"wrapper\"><div class=\"cta-inner\">\n<h2 class=\"wp-block-heading apprentice-block-main-heading\">\u00bfListo para empezar con Aprendiz Alamance?<\/h2>\n\n\n\n<p class=\"apprentice-block-main-paragraph\"><\/p>\n\n\n\n<div class=\"wp-block-button oapprentice-block-main-button\"><a class=\"wp-block-button__link wp-element-button\" href=\"https:\/\/apprenticealamance.com\/es\/start-an-application\/\">Inicie su solicitud hoy mismo<\/a><\/div>\n<\/div><\/div><\/section>","protected":false},"excerpt":{"rendered":"<p>\u00bfLe conviene?<\/p>","protected":false},"author":243,"featured_media":0,"parent":0,"menu_order":0,"comment_status":"closed","ping_status":"closed","template":"","meta":{"footnotes":""},"class_list":["post-1126","page","type-page","status-publish","hentry"],"featured_image_urls_v2":{"full":"","thumbnail":"","medium":"","medium_large":"","large":"","1536x1536":"","2048x2048":"","trp-custom-language-flag":"","post-thumbnail":"","header_logo":"","home-hero":"","home-discover-background":"","home-video-thumbnail":"","home-partner-logo":"","page-banner":"","gform-image-choice-sm":"","gform-image-choice-md":"","gform-image-choice-lg":""},"post_excerpt_stackable_v2":"<p>Student Requirements Apprentice Alamance gives high school students the opportunity to gain hands-on experience in industries they\u2019re curious about. Eligibility Criteria Interested in starting your career with an apprenticeship through Apprentice Alamance? Find out if you meet the eligibility requirements below. High School Status \u2022Must be a junior or senior in high school. \u2022Attend a school in the Alamance-Burlington School System*, or be a homeschool, charter, or private school student in Alamance County. *Students in neighboring school systems may be eligible to apply. Contact us for more details. Academic Requirements \u2022Maintain a minimum 2.8 GPA* \u2022Successfully completed Math 1, Math&hellip;<\/p>\n","category_list_v2":"","author_info_v2":{"name":"HonestlySystems","url":"http:\/\/apprenticealamance.com\/es\/author\/honestlysystems\/"},"comments_num_v2":"0 comments","yoast_head":"<!-- This site is optimized with the Yoast SEO plugin v27.4 - https:\/\/yoast.com\/product\/yoast-seo-wordpress\/ -->\n<title>Student Requirements | Apprentice Alamance - Career Accelerator Program<\/title>\n<meta name=\"robots\" content=\"index, follow, max-snippet:-1, max-image-preview:large, max-video-preview:-1\" \/>\n<link rel=\"canonical\" href=\"https:\/\/apprenticealamance.com\/es\/student-requirements\/\" \/>\n<meta property=\"og:locale\" content=\"es_MX\" \/>\n<meta property=\"og:type\" content=\"article\" \/>\n<meta property=\"og:title\" content=\"Student Requirements | Apprentice Alamance - Career Accelerator Program\" \/>\n<meta property=\"og:description\" content=\"Are You a Good Fit?\" \/>\n<meta property=\"og:url\" content=\"https:\/\/apprenticealamance.com\/es\/student-requirements\/\" \/>\n<meta property=\"og:site_name\" content=\"Career Accelerator Program\" \/>\n<meta property=\"article:modified_time\" content=\"2024-10-01T21:34:12+00:00\" \/>\n<meta property=\"og:image\" content=\"http:\/\/apprenticealamance.com\/wp-content\/uploads\/2024\/09\/Alamance-Hero-image-banner-V1_STUDENTS-REQS.png\" \/>\n<meta name=\"twitter:card\" content=\"summary_large_image\" \/>\n<meta name=\"twitter:label1\" content=\"Tiempo de lectura\" \/>\n\t<meta name=\"twitter:data1\" content=\"3 minutos\" \/>\n<script type=\"application\/ld+json\" class=\"yoast-schema-graph\">{\"@context\":\"https:\\\/\\\/schema.org\",\"@graph\":[{\"@type\":\"WebPage\",\"@id\":\"https:\\\/\\\/apprenticealamance.com\\\/student-requirements\\\/\",\"url\":\"https:\\\/\\\/apprenticealamance.com\\\/student-requirements\\\/\",\"name\":\"Student Requirements | Apprentice Alamance - Career Accelerator Program\",\"isPartOf\":{\"@id\":\"https:\\\/\\\/apprenticealamance.com\\\/#website\"},\"primaryImageOfPage\":{\"@id\":\"https:\\\/\\\/apprenticealamance.com\\\/student-requirements\\\/#primaryimage\"},\"image\":{\"@id\":\"https:\\\/\\\/apprenticealamance.com\\\/student-requirements\\\/#primaryimage\"},\"thumbnailUrl\":\"http:\\\/\\\/apprenticealamance.com\\\/wp-content\\\/uploads\\\/2024\\\/09\\\/Alamance-Hero-image-banner-V1_STUDENTS-REQS.png\",\"datePublished\":\"2024-08-07T12:13:54+00:00\",\"dateModified\":\"2024-10-01T21:34:12+00:00\",\"breadcrumb\":{\"@id\":\"https:\\\/\\\/apprenticealamance.com\\\/student-requirements\\\/#breadcrumb\"},\"inLanguage\":\"es\",\"potentialAction\":[{\"@type\":\"ReadAction\",\"target\":[\"https:\\\/\\\/apprenticealamance.com\\\/student-requirements\\\/\"]}]},{\"@type\":\"ImageObject\",\"inLanguage\":\"es\",\"@id\":\"https:\\\/\\\/apprenticealamance.com\\\/student-requirements\\\/#primaryimage\",\"url\":\"http:\\\/\\\/apprenticealamance.com\\\/wp-content\\\/uploads\\\/2024\\\/09\\\/Alamance-Hero-image-banner-V1_STUDENTS-REQS.png\",\"contentUrl\":\"http:\\\/\\\/apprenticealamance.com\\\/wp-content\\\/uploads\\\/2024\\\/09\\\/Alamance-Hero-image-banner-V1_STUDENTS-REQS.png\"},{\"@type\":\"BreadcrumbList\",\"@id\":\"https:\\\/\\\/apprenticealamance.com\\\/student-requirements\\\/#breadcrumb\",\"itemListElement\":[{\"@type\":\"ListItem\",\"position\":1,\"name\":\"Home\",\"item\":\"https:\\\/\\\/apprenticealamance.com\\\/\"},{\"@type\":\"ListItem\",\"position\":2,\"name\":\"Student Requirements | Apprentice Alamance\"}]},{\"@type\":\"WebSite\",\"@id\":\"https:\\\/\\\/apprenticealamance.com\\\/#website\",\"url\":\"https:\\\/\\\/apprenticealamance.com\\\/\",\"name\":\"Career Accelerator Program\",\"description\":\"Career Accelerator Program\",\"potentialAction\":[{\"@type\":\"SearchAction\",\"target\":{\"@type\":\"EntryPoint\",\"urlTemplate\":\"https:\\\/\\\/apprenticealamance.com\\\/?s={search_term_string}\"},\"query-input\":{\"@type\":\"PropertyValueSpecification\",\"valueRequired\":true,\"valueName\":\"search_term_string\"}}],\"inLanguage\":\"es\"}]}<\/script>\n<!-- \/ Yoast SEO plugin. -->","yoast_head_json":{"title":"Requisitos del estudiante | Aprendiz Alamance - Programa de Aceleraci\u00f3n de Carrera","robots":{"index":"index","follow":"follow","max-snippet":"max-snippet:-1","max-image-preview":"max-image-preview:large","max-video-preview":"max-video-preview:-1"},"canonical":"https:\/\/apprenticealamance.com\/es\/student-requirements\/","og_locale":"es_MX","og_type":"article","og_title":"Student Requirements | Apprentice Alamance - Career Accelerator Program","og_description":"Are You a Good Fit?","og_url":"https:\/\/apprenticealamance.com\/es\/student-requirements\/","og_site_name":"Career Accelerator Program","article_modified_time":"2024-10-01T21:34:12+00:00","og_image":[{"url":"http:\/\/apprenticealamance.com\/wp-content\/uploads\/2024\/09\/Alamance-Hero-image-banner-V1_STUDENTS-REQS.png","type":"","width":"","height":""}],"twitter_card":"summary_large_image","twitter_misc":{"Tiempo de lectura":"3 minutos"},"schema":{"@context":"https:\/\/schema.org","@graph":[{"@type":"WebPage","@id":"https:\/\/apprenticealamance.com\/student-requirements\/","url":"https:\/\/apprenticealamance.com\/student-requirements\/","name":"Requisitos del estudiante | Aprendiz Alamance - Programa de Aceleraci\u00f3n de Carrera","isPartOf":{"@id":"https:\/\/apprenticealamance.com\/#website"},"primaryImageOfPage":{"@id":"https:\/\/apprenticealamance.com\/student-requirements\/#primaryimage"},"image":{"@id":"https:\/\/apprenticealamance.com\/student-requirements\/#primaryimage"},"thumbnailUrl":"http:\/\/apprenticealamance.com\/wp-content\/uploads\/2024\/09\/Alamance-Hero-image-banner-V1_STUDENTS-REQS.png","datePublished":"2024-08-07T12:13:54+00:00","dateModified":"2024-10-01T21:34:12+00:00","breadcrumb":{"@id":"https:\/\/apprenticealamance.com\/student-requirements\/#breadcrumb"},"inLanguage":"es","potentialAction":[{"@type":"ReadAction","target":["https:\/\/apprenticealamance.com\/student-requirements\/"]}]},{"@type":"ImageObject","inLanguage":"es","@id":"https:\/\/apprenticealamance.com\/student-requirements\/#primaryimage","url":"http:\/\/apprenticealamance.com\/wp-content\/uploads\/2024\/09\/Alamance-Hero-image-banner-V1_STUDENTS-REQS.png","contentUrl":"http:\/\/apprenticealamance.com\/wp-content\/uploads\/2024\/09\/Alamance-Hero-image-banner-V1_STUDENTS-REQS.png"},{"@type":"BreadcrumbList","@id":"https:\/\/apprenticealamance.com\/student-requirements\/#breadcrumb","itemListElement":[{"@type":"ListItem","position":1,"name":"Home","item":"https:\/\/apprenticealamance.com\/"},{"@type":"ListItem","position":2,"name":"Student Requirements | Apprentice Alamance"}]},{"@type":"WebSite","@id":"https:\/\/apprenticealamance.com\/#website","url":"https:\/\/apprenticealamance.com\/","name":"Programa Acelerador de Carrera","description":"Programa Acelerador de Carrera","potentialAction":[{"@type":"SearchAction","target":{"@type":"EntryPoint","urlTemplate":"https:\/\/apprenticealamance.com\/?s={search_term_string}"},"query-input":{"@type":"PropertyValueSpecification","valueRequired":true,"valueName":"search_term_string"}}],"inLanguage":"es"}]}},"_links":{"self":[{"href":"http:\/\/apprenticealamance.com\/es\/wp-json\/wp\/v2\/pages\/1126","targetHints":{"allow":["GET"]}}],"collection":[{"href":"http:\/\/apprenticealamance.com\/es\/wp-json\/wp\/v2\/pages"}],"about":[{"href":"http:\/\/apprenticealamance.com\/es\/wp-json\/wp\/v2\/types\/page"}],"author":[{"embeddable":true,"href":"http:\/\/apprenticealamance.com\/es\/wp-json\/wp\/v2\/users\/243"}],"replies":[{"embeddable":true,"href":"http:\/\/apprenticealamance.com\/es\/wp-json\/wp\/v2\/comments?post=1126"}],"version-history":[{"count":0,"href":"http:\/\/apprenticealamance.com\/es\/wp-json\/wp\/v2\/pages\/1126\/revisions"}],"wp:attachment":[{"href":"http:\/\/apprenticealamance.com\/es\/wp-json\/wp\/v2\/media?parent=1126"}],"curies":[{"name":"wp","href":"https:\/\/api.w.org\/{rel}","templated":true}]}}