{"id":1140,"date":"2024-09-06T01:43:03","date_gmt":"2024-09-06T05:43:03","guid":{"rendered":"https:\/\/alamancecapdev.wpenginepowered.com\/?page_id=1140"},"modified":"2024-10-01T17:32:50","modified_gmt":"2024-10-01T21:32:50","slug":"students","status":"publish","type":"page","link":"http:\/\/apprenticealamance.com\/es\/students\/","title":{"rendered":"Estudiantes | Aprendiz Alamance"},"content":{"rendered":"<section class=\"wp-block-create-block-main-page-hero apprentice-block-page-hero overflow-hidden alignfull orange\"><div class=\"wrapper\">\n<div class=\"wp-block-columns is-layout-flex wp-container-core-columns-is-layout-9d6595d7 wp-block-columns-is-layout-flex\">\n<div class=\"wp-block-column is-layout-flow wp-block-column-is-layout-flow\">\n<h2 class=\"wp-block-heading apprentice-blocks-page-heading\">Descubre tu camino con Aprendiz Alamance<\/h2>\n\n\n\n<p class=\"apprentice-blocks-page-paragraph\">\u00bfQuieres dar un impulso a tu carrera mientras est\u00e1s en la escuela secundaria? Apprentice Alamance te ofrece la oportunidad de adquirir experiencia pr\u00e1ctica, ganar un sueldo y labrarte un futuro en un campo que te apasione.<\/p>\n\n\n<\/div>\n\n\n\n<div class=\"wp-block-column is-layout-flow wp-block-column-is-layout-flow\">\n<figure class=\"wp-block-image size-full apprentice-blocks-page-image\"><img decoding=\"async\" src=\"http:\/\/apprenticealamance.com\/wp-content\/uploads\/2024\/09\/Alamance-Hero-image-banner-V1_STUDENTS.png\" alt=\"\" class=\"wp-image-1354\" style=\"object-fit:cover\"\/><\/figure>\n<\/div>\n<\/div>\n<\/div><\/section>\n\n\n\n<section class=\"wp-block-create-block-lead-para apprentice-block-lead-para overflow-hidden midnight alignfull\"><div class=\"wrapper\"><div class=\"category-tag-text\"><\/div>\n<h2 class=\"wp-block-heading has-text-align-center apprentice-blocks-page-heading\"><span style=\"color: #181851;\" class=\"stk-highlight\">Dinero en el bolsillo, carrera profesional en el campo elegido<\/span><\/h2>\n\n\n\n<p class=\"has-text-align-center apprentice-blocks-page-paragraph\">Como aprendiz, tendr\u00e1s un trabajo de verdad con compa\u00f1eros que se interesan por tu \u00e9xito futuro. Ganar\u00e1s un sueldo mientras trabajas, aprendes sobre tu sector y adquieres en clase los conocimientos espec\u00edficos que necesitas para triunfar. Esto significa que podr\u00e1s mantenerte o empezar a ahorrar dinero mientras adquieres una experiencia laboral que estar\u00e1s orgulloso de incluir en tu curr\u00edculum.<\/p>\n<\/div><\/section>\n\n\n\n<div class=\"wp-block-stackable-heading stk-block-heading stk-block-heading--v2 stk-block stk-59b14dd\" id=\"span-style-color-181851-class-stk-highlight-heres-what-else-you-get-when-you-join-apprentice-alamance-span\" data-block-id=\"59b14dd\"><style>.stk-59b14dd{padding-top:52px !important;padding-right:52px !important;padding-bottom:52px !important;padding-left:52px !important;margin-top:24px !important;margin-bottom:-60px !important}<\/style><h3 class=\"stk-block-heading__text has-text-align-center\"><span style=\"color: #181851;\" class=\"stk-highlight\">Esto es lo que obtienes cuando te unes a Aprendices Alamance:<\/span><\/h3><\/div>\n\n\n\n<section class=\"wp-block-create-block-plane-icon-three-cards apprentice-block-plane-icon-three-cards alignfull\"><div class=\"wrapper\">\n<div class=\"wp-block-columns alignfull apprentice-block-plane-icon-columns is-layout-flex wp-container-core-columns-is-layout-9d6595d7 wp-block-columns-is-layout-flex\">\n<div class=\"wp-block-column apprentice-block-plane-icon-column is-layout-flow wp-block-column-is-layout-flow\">\n<figure class=\"wp-block-image size-large apprentice-block-plane-icon-image\"><img loading=\"lazy\" decoding=\"async\" width=\"576\" height=\"512\" src=\"http:\/\/apprenticealamance.com\/wp-content\/uploads\/2024\/08\/star-light-1.svg\" alt=\"\" class=\"wp-image-1240\"\/><\/figure>\n\n\n\n<h4 class=\"wp-block-heading apprentice-block-plane-icon-heading\"><strong>Experiencia pr\u00e1ctica<\/strong><\/h4>\n\n\n\n<p class=\"apprentice-block-plane-icon-paragraph\">Adquiere experiencia pr\u00e1ctica y real en los sectores que te interesan. Ya se trate de fabricaci\u00f3n, tecnolog\u00eda u otro campo, trabajar\u00e1s junto a profesionales y aprender\u00e1s haciendo.<\/p>\n<\/div>\n\n\n\n<div class=\"wp-block-column apprentice-block-plane-icon-column is-layout-flow wp-block-column-is-layout-flow\">\n<figure class=\"wp-block-image size-large apprentice-block-plane-icon-image\"><img loading=\"lazy\" decoding=\"async\" width=\"640\" height=\"512\" src=\"http:\/\/apprenticealamance.com\/wp-content\/uploads\/2024\/08\/graduation-cap-light-1.svg\" alt=\"\" class=\"wp-image-1241\"\/><\/figure>\n\n\n\n<h4 class=\"wp-block-heading apprentice-block-plane-icon-heading\"><strong>Educaci\u00f3n universitaria gratuita<\/strong><\/h4>\n\n\n\n<p class=\"apprentice-block-plane-icon-paragraph\">Tu aprendizaje incluye el acceso a cursos universitarios gratuitos en el Alamance Community College, que complementar\u00e1n tu formaci\u00f3n pr\u00e1ctica.<\/p>\n<\/div>\n\n\n\n<div class=\"wp-block-column apprentice-block-plane-icon-column is-layout-flow wp-block-column-is-layout-flow\">\n<figure class=\"wp-block-image size-large is-resized apprentice-block-plane-icon-image\"><img loading=\"lazy\" decoding=\"async\" width=\"640\" height=\"512\" src=\"http:\/\/apprenticealamance.com\/wp-content\/uploads\/2024\/08\/user-group-light-1.svg\" alt=\"\" class=\"wp-image-1243\" style=\"width:204px;height:auto\"\/><\/figure>\n\n\n\n<h4 class=\"wp-block-heading apprentice-block-plane-icon-heading\"><strong>Conexiones profesionales<\/strong><\/h4>\n\n\n\n<p class=\"apprentice-block-plane-icon-paragraph\">Construye una red de contactos profesionales que puedan ayudarte en tu carrera. Los programas de aprendizaje tambi\u00e9n ofrecen la oportunidad de conocer a l\u00edderes del sector y a posibles futuros empleadores.<\/p>\n<\/div>\n<\/div>\n<\/div><\/section>\n\n\n\n<section class=\"wp-block-create-block-cta-tile apprentice-block-main-section orange  alignfull\"><div class=\"wrapper\"><div class=\"cta-inner\">\n<h3 class=\"wp-block-heading apprentice-block-main-heading\">Impacto comunitario<\/h3>\n\n\n\n<p class=\"apprentice-block-main-paragraph\">Permanezca en su comunidad y contribuya a su crecimiento y desarrollo. Apprentice Alamance le ayuda a desarrollar su carrera profesional cerca de casa.<\/p>\n\n\n\n<div class=\"wp-block-button oapprentice-block-main-button is-style-apprentice-white-button\"><a class=\"wp-block-button__link wp-element-button\" href=\"http:\/\/apprenticealamance.com\/es\/student-requirements\/\">Compruebe si cumple los requisitos<\/a><\/div>\n<\/div><\/div><\/section>\n\n\n\n<section class=\"wp-block-create-block-theme-quote apprentice-block-theme-quote overflow-hidden gray without-image alignfull\"><div class=\"wrapper\">\n<div class=\"wp-block-columns apprentice-block-quote-columns is-layout-flex wp-container-core-columns-is-layout-9d6595d7 wp-block-columns-is-layout-flex\">\n<div class=\"wp-block-column apprentice-block-quote-column is-layout-flow wp-block-column-is-layout-flow\">\n<blockquote class=\"wp-block-quote apprentice-block-quote is-layout-flow wp-block-quote-is-layout-flow\">\n<p>\"Aprendiz Alamance me ha ayudado a descubrir lo que me gusta hacer al exponerme a un mont\u00f3n de disciplinas diferentes en mi empresa. Me perfecciono constantemente y hago contactos\".<\/p>\n\n\n\n<p>Christopher L\u00f3pez<\/p>\n<cite>Hugh M. Cummings High School, Machine Specialties, Inc.<\/cite><\/blockquote>\n<\/div>\n<\/div>\n<\/div><\/section>\n\n\n\n<section class=\"wp-block-create-block-media-text apprentice-block-theme-media-text green image-at-right have-bg-shape image-have-radius alignfull start-side-wrap\"><div class=\"wrapper\">\n<div class=\"wp-block-columns apprentice-block-quote-columns is-layout-flex wp-container-core-columns-is-layout-9d6595d7 wp-block-columns-is-layout-flex\">\n<div class=\"wp-block-column apprentice-block-quote-column is-layout-flow wp-block-column-is-layout-flow\">\n<h2 class=\"wp-block-heading apprentice-block-quote-heading\">Empiece con Aprendiz Alamance<\/h2>\n\n\n\n<p class=\"apprentice-block-quote-paragraph\">Nuestro proceso de solicitud te ayuda a dar lo mejor de ti en Apprentice Alamance, tanto si ya te ves teniendo \u00e9xito en un aprendizaje como si quieres aprender m\u00e1s. Tendr\u00e1s la oportunidad de visitar empresas, establecer contactos y ver posibilidades reales de trabajo y carrera en acci\u00f3n.<\/p>\n\n\n\n<div class=\"wp-block-button apprentice-block-quote-button is-style-apprentice-blue-button\"><a class=\"wp-block-button__link wp-element-button\" href=\"http:\/\/apprenticealamance.com\/es\/tours\/\">Visita virtual<\/a><\/div>\n<\/div>\n\n\n\n<div class=\"wp-block-column apprentice-block-quote-column is-layout-flow wp-block-column-is-layout-flow\">\n<figure class=\"wp-block-image size-full apprentice-block-quote-image is-style-default\"><img loading=\"lazy\" decoding=\"async\" width=\"1500\" height=\"1001\" src=\"http:\/\/apprenticealamance.com\/wp-content\/uploads\/2024\/09\/1051-Apprentice-Alamance-2024-Tim-Coffey-Photography.jpg\" alt=\"\" class=\"wp-image-1321\" srcset=\"http:\/\/apprenticealamance.com\/wp-content\/uploads\/2024\/09\/1051-Apprentice-Alamance-2024-Tim-Coffey-Photography.jpg 1500w, http:\/\/apprenticealamance.com\/wp-content\/uploads\/2024\/09\/1051-Apprentice-Alamance-2024-Tim-Coffey-Photography-300x200.jpg 300w, http:\/\/apprenticealamance.com\/wp-content\/uploads\/2024\/09\/1051-Apprentice-Alamance-2024-Tim-Coffey-Photography-1024x683.jpg 1024w, http:\/\/apprenticealamance.com\/wp-content\/uploads\/2024\/09\/1051-Apprentice-Alamance-2024-Tim-Coffey-Photography-768x513.jpg 768w, http:\/\/apprenticealamance.com\/wp-content\/uploads\/2024\/09\/1051-Apprentice-Alamance-2024-Tim-Coffey-Photography-430x286.jpg 430w, http:\/\/apprenticealamance.com\/wp-content\/uploads\/2024\/09\/1051-Apprentice-Alamance-2024-Tim-Coffey-Photography-198x132.jpg 198w, http:\/\/apprenticealamance.com\/wp-content\/uploads\/2024\/09\/1051-Apprentice-Alamance-2024-Tim-Coffey-Photography-232x155.jpg 232w\" sizes=\"auto, (max-width: 1500px) 100vw, 1500px\" \/><\/figure>\n<\/div>\n<\/div>\n<\/div><\/section>\n\n\n\n<div style=\"height:50px\" aria-hidden=\"true\" class=\"wp-block-spacer\"><\/div>\n\n\n\n<div style=\"height:30px\" aria-hidden=\"true\" class=\"wp-block-spacer\"><\/div>\n\n\n\n<div class=\"wp-block-stackable-heading stk-block-heading stk-block-heading--v2 stk-block stk-0c09bb0\" id=\"span-style-color-181851-class-stk-highlight-perks-of-earning-while-learning-span\" data-block-id=\"0c09bb0\"><h3 class=\"stk-block-heading__text has-text-align-center\"><span style=\"color: #181851;\" class=\"stk-highlight\">Ventajas de ganar mientras se aprende<\/span><\/h3><\/div>\n\n\n\n<div style=\"height:30px\" aria-hidden=\"true\" class=\"wp-block-spacer\"><\/div>\n\n\n\n<section class=\"wp-block-create-block-four-cards apprentice-block-four-cards midnight\"><div class=\"wrapper\">\n<div class=\"wp-block-columns apprentice-block-quote-columns is-layout-flex wp-container-core-columns-is-layout-9d6595d7 wp-block-columns-is-layout-flex\">\n<div class=\"wp-block-column apprentice-block-quote-column is-layout-flow wp-block-column-is-layout-flow\">\n<h4 class=\"wp-block-heading apprentice-block-quote-paragraph\"><strong>Independencia financiera<\/strong><\/h4>\n\n\n\n<p class=\"apprentice-block-quote-paragraph\">Empieza a ganar un sueldo mientras a\u00fan est\u00e1s en el instituto. Esto te dar\u00e1 libertad financiera y te ayudar\u00e1 a ahorrar para tu futuro (o para esa tecnolog\u00eda a la que le has echado el ojo).<\/p>\n<\/div>\n\n\n\n<div class=\"wp-block-column apprentice-block-quote-column is-layout-flow wp-block-column-is-layout-flow\">\n<h4 class=\"wp-block-heading apprentice-block-quote-paragraph\"><strong>Desarrollo profesional<\/strong><\/h4>\n\n\n\n<p class=\"apprentice-block-quote-paragraph\">Adquirir\u00e1s conocimientos pr\u00e1cticos y experiencia que te diferenciar\u00e1n de tus compa\u00f1eros. Estar\u00e1s mejor preparado para el mundo laboral o para seguir estudiando.<\/p>\n<\/div>\n\n\n\n<div class=\"wp-block-column apprentice-block-quote-column is-layout-flow wp-block-column-is-layout-flow\">\n<h4 class=\"wp-block-heading apprentice-block-quote-paragraph\"><strong>Sin deuda estudiantil<\/strong><\/h4>\n\n\n\n<p class=\"apprentice-block-quote-paragraph\">Cuando te conviertes en joven aprendiz, la matr\u00edcula universitaria del programa en el que est\u00e1s inscrito es gratuita. Adem\u00e1s, los libros los paga tu empleador de aprendiz.<\/p>\n<\/div>\n\n\n\n<div class=\"wp-block-column apprentice-block-quote-column is-layout-flow wp-block-column-is-layout-flow\">\n<h4 class=\"wp-block-heading apprentice-block-quote-paragraph\"><strong>Crecimiento personal<\/strong><\/h4>\n\n\n\n<p class=\"apprentice-block-quote-paragraph\">Desarrollar la confianza, la responsabilidad y una fuerte \u00e9tica de trabajo a trav\u00e9s de la experiencia pr\u00e1ctica y la tutor\u00eda profesional.<\/p>\n<\/div>\n<\/div>\n<\/div><\/section>\n\n\n\n<div style=\"height:50px\" aria-hidden=\"true\" class=\"wp-block-spacer\"><\/div>\n\n\n\n<section class=\"wp-block-create-block-cta-tile apprentice-block-main-section orange image-on-top alignfull\"><div class=\"wrapper\"><div class=\"cta-inner\">\n<h2 class=\"wp-block-heading apprentice-block-main-heading\">Empiece con Aprendiz Alamance<\/h2>\n\n\n\n<p class=\"apprentice-block-main-paragraph\"><\/p>\n\n\n\n<div class=\"wp-block-button oapprentice-block-main-button\"><a class=\"wp-block-button__link wp-element-button\" href=\"https:\/\/apprenticealamance.com\/es\/start-an-application\/\">Inicie su solicitud<\/a><\/div>\n<\/div><\/div><\/section>","protected":false},"excerpt":{"rendered":"<p>Esto es lo que obtienes cuando te unes a Aprendiz Alamance: Ventajas de ganar mientras aprendes<\/p>","protected":false},"author":243,"featured_media":0,"parent":0,"menu_order":0,"comment_status":"closed","ping_status":"closed","template":"","meta":{"footnotes":""},"class_list":["post-1140","page","type-page","status-publish","hentry"],"featured_image_urls_v2":{"full":"","thumbnail":"","medium":"","medium_large":"","large":"","1536x1536":"","2048x2048":"","trp-custom-language-flag":"","post-thumbnail":"","header_logo":"","home-hero":"","home-discover-background":"","home-video-thumbnail":"","home-partner-logo":"","page-banner":"","gform-image-choice-sm":"","gform-image-choice-md":"","gform-image-choice-lg":""},"post_excerpt_stackable_v2":"<p>Discover Your Path with Apprentice Alamance Do you want to jumpstart your career while you\u2019re in high school? Apprentice Alamance offers you the chance to get hands-on experience, earn a paycheck, and build a future in a field you\u2019re passionate about. Cash in Your Pocket, Career in Your Chosen Field As an apprentice, you will have a real job with coworkers who are invested in your future success. You will earn a paycheck while you\u2019re on the job learning about your industry and in the classroom getting the specific skills you need to succeed. This means you can support yourself&hellip;<\/p>\n","category_list_v2":"","author_info_v2":{"name":"HonestlySystems","url":"http:\/\/apprenticealamance.com\/es\/author\/honestlysystems\/"},"comments_num_v2":"0 comments","yoast_head":"<!-- This site is optimized with the Yoast SEO plugin v27.4 - https:\/\/yoast.com\/product\/yoast-seo-wordpress\/ -->\n<title>Students | Apprentice Alamance - Career Accelerator Program<\/title>\n<meta name=\"robots\" content=\"index, follow, max-snippet:-1, max-image-preview:large, max-video-preview:-1\" \/>\n<link rel=\"canonical\" href=\"https:\/\/apprenticealamance.com\/es\/students\/\" \/>\n<meta property=\"og:locale\" content=\"es_MX\" \/>\n<meta property=\"og:type\" content=\"article\" \/>\n<meta property=\"og:title\" content=\"Students | Apprentice Alamance - Career Accelerator Program\" \/>\n<meta property=\"og:description\" content=\"Here\u2019s what else you get when you join Apprentice Alamance: Perks of Earning While Learning\" \/>\n<meta property=\"og:url\" content=\"https:\/\/apprenticealamance.com\/es\/students\/\" \/>\n<meta property=\"og:site_name\" content=\"Career Accelerator Program\" \/>\n<meta property=\"article:modified_time\" content=\"2024-10-01T21:32:50+00:00\" \/>\n<meta property=\"og:image\" content=\"http:\/\/apprenticealamance.com\/wp-content\/uploads\/2024\/09\/Alamance-Hero-image-banner-V1_STUDENTS.png\" \/>\n<meta name=\"twitter:card\" content=\"summary_large_image\" \/>\n<meta name=\"twitter:label1\" content=\"Tiempo de lectura\" \/>\n\t<meta name=\"twitter:data1\" content=\"3 minutos\" \/>\n<script type=\"application\/ld+json\" class=\"yoast-schema-graph\">{\"@context\":\"https:\\\/\\\/schema.org\",\"@graph\":[{\"@type\":\"WebPage\",\"@id\":\"https:\\\/\\\/apprenticealamance.com\\\/students\\\/\",\"url\":\"https:\\\/\\\/apprenticealamance.com\\\/students\\\/\",\"name\":\"Students | Apprentice Alamance - Career Accelerator Program\",\"isPartOf\":{\"@id\":\"https:\\\/\\\/apprenticealamance.com\\\/#website\"},\"primaryImageOfPage\":{\"@id\":\"https:\\\/\\\/apprenticealamance.com\\\/students\\\/#primaryimage\"},\"image\":{\"@id\":\"https:\\\/\\\/apprenticealamance.com\\\/students\\\/#primaryimage\"},\"thumbnailUrl\":\"http:\\\/\\\/apprenticealamance.com\\\/wp-content\\\/uploads\\\/2024\\\/09\\\/Alamance-Hero-image-banner-V1_STUDENTS.png\",\"datePublished\":\"2024-09-06T05:43:03+00:00\",\"dateModified\":\"2024-10-01T21:32:50+00:00\",\"breadcrumb\":{\"@id\":\"https:\\\/\\\/apprenticealamance.com\\\/students\\\/#breadcrumb\"},\"inLanguage\":\"es\",\"potentialAction\":[{\"@type\":\"ReadAction\",\"target\":[\"https:\\\/\\\/apprenticealamance.com\\\/students\\\/\"]}]},{\"@type\":\"ImageObject\",\"inLanguage\":\"es\",\"@id\":\"https:\\\/\\\/apprenticealamance.com\\\/students\\\/#primaryimage\",\"url\":\"http:\\\/\\\/apprenticealamance.com\\\/wp-content\\\/uploads\\\/2024\\\/09\\\/Alamance-Hero-image-banner-V1_STUDENTS.png\",\"contentUrl\":\"http:\\\/\\\/apprenticealamance.com\\\/wp-content\\\/uploads\\\/2024\\\/09\\\/Alamance-Hero-image-banner-V1_STUDENTS.png\"},{\"@type\":\"BreadcrumbList\",\"@id\":\"https:\\\/\\\/apprenticealamance.com\\\/students\\\/#breadcrumb\",\"itemListElement\":[{\"@type\":\"ListItem\",\"position\":1,\"name\":\"Home\",\"item\":\"https:\\\/\\\/apprenticealamance.com\\\/\"},{\"@type\":\"ListItem\",\"position\":2,\"name\":\"Students | Apprentice Alamance\"}]},{\"@type\":\"WebSite\",\"@id\":\"https:\\\/\\\/apprenticealamance.com\\\/#website\",\"url\":\"https:\\\/\\\/apprenticealamance.com\\\/\",\"name\":\"Career Accelerator Program\",\"description\":\"Career Accelerator Program\",\"potentialAction\":[{\"@type\":\"SearchAction\",\"target\":{\"@type\":\"EntryPoint\",\"urlTemplate\":\"https:\\\/\\\/apprenticealamance.com\\\/?s={search_term_string}\"},\"query-input\":{\"@type\":\"PropertyValueSpecification\",\"valueRequired\":true,\"valueName\":\"search_term_string\"}}],\"inLanguage\":\"es\"}]}<\/script>\n<!-- \/ Yoast SEO plugin. -->","yoast_head_json":{"title":"Estudiantes | Aprendiz Alamance - Programa de Aceleraci\u00f3n Profesional","robots":{"index":"index","follow":"follow","max-snippet":"max-snippet:-1","max-image-preview":"max-image-preview:large","max-video-preview":"max-video-preview:-1"},"canonical":"https:\/\/apprenticealamance.com\/es\/students\/","og_locale":"es_MX","og_type":"article","og_title":"Students | Apprentice Alamance - Career Accelerator Program","og_description":"Here\u2019s what else you get when you join Apprentice Alamance: Perks of Earning While Learning","og_url":"https:\/\/apprenticealamance.com\/es\/students\/","og_site_name":"Career Accelerator Program","article_modified_time":"2024-10-01T21:32:50+00:00","og_image":[{"url":"http:\/\/apprenticealamance.com\/wp-content\/uploads\/2024\/09\/Alamance-Hero-image-banner-V1_STUDENTS.png","type":"","width":"","height":""}],"twitter_card":"summary_large_image","twitter_misc":{"Tiempo de lectura":"3 minutos"},"schema":{"@context":"https:\/\/schema.org","@graph":[{"@type":"WebPage","@id":"https:\/\/apprenticealamance.com\/students\/","url":"https:\/\/apprenticealamance.com\/students\/","name":"Estudiantes | Aprendiz Alamance - Programa de Aceleraci\u00f3n Profesional","isPartOf":{"@id":"https:\/\/apprenticealamance.com\/#website"},"primaryImageOfPage":{"@id":"https:\/\/apprenticealamance.com\/students\/#primaryimage"},"image":{"@id":"https:\/\/apprenticealamance.com\/students\/#primaryimage"},"thumbnailUrl":"http:\/\/apprenticealamance.com\/wp-content\/uploads\/2024\/09\/Alamance-Hero-image-banner-V1_STUDENTS.png","datePublished":"2024-09-06T05:43:03+00:00","dateModified":"2024-10-01T21:32:50+00:00","breadcrumb":{"@id":"https:\/\/apprenticealamance.com\/students\/#breadcrumb"},"inLanguage":"es","potentialAction":[{"@type":"ReadAction","target":["https:\/\/apprenticealamance.com\/students\/"]}]},{"@type":"ImageObject","inLanguage":"es","@id":"https:\/\/apprenticealamance.com\/students\/#primaryimage","url":"http:\/\/apprenticealamance.com\/wp-content\/uploads\/2024\/09\/Alamance-Hero-image-banner-V1_STUDENTS.png","contentUrl":"http:\/\/apprenticealamance.com\/wp-content\/uploads\/2024\/09\/Alamance-Hero-image-banner-V1_STUDENTS.png"},{"@type":"BreadcrumbList","@id":"https:\/\/apprenticealamance.com\/students\/#breadcrumb","itemListElement":[{"@type":"ListItem","position":1,"name":"Home","item":"https:\/\/apprenticealamance.com\/"},{"@type":"ListItem","position":2,"name":"Students | Apprentice Alamance"}]},{"@type":"WebSite","@id":"https:\/\/apprenticealamance.com\/#website","url":"https:\/\/apprenticealamance.com\/","name":"Programa Acelerador de Carrera","description":"Programa Acelerador de Carrera","potentialAction":[{"@type":"SearchAction","target":{"@type":"EntryPoint","urlTemplate":"https:\/\/apprenticealamance.com\/?s={search_term_string}"},"query-input":{"@type":"PropertyValueSpecification","valueRequired":true,"valueName":"search_term_string"}}],"inLanguage":"es"}]}},"_links":{"self":[{"href":"http:\/\/apprenticealamance.com\/es\/wp-json\/wp\/v2\/pages\/1140","targetHints":{"allow":["GET"]}}],"collection":[{"href":"http:\/\/apprenticealamance.com\/es\/wp-json\/wp\/v2\/pages"}],"about":[{"href":"http:\/\/apprenticealamance.com\/es\/wp-json\/wp\/v2\/types\/page"}],"author":[{"embeddable":true,"href":"http:\/\/apprenticealamance.com\/es\/wp-json\/wp\/v2\/users\/243"}],"replies":[{"embeddable":true,"href":"http:\/\/apprenticealamance.com\/es\/wp-json\/wp\/v2\/comments?post=1140"}],"version-history":[{"count":0,"href":"http:\/\/apprenticealamance.com\/es\/wp-json\/wp\/v2\/pages\/1140\/revisions"}],"wp:attachment":[{"href":"http:\/\/apprenticealamance.com\/es\/wp-json\/wp\/v2\/media?parent=1140"}],"curies":[{"name":"wp","href":"https:\/\/api.w.org\/{rel}","templated":true}]}}