{"id":1284,"date":"2024-09-06T01:42:35","date_gmt":"2024-09-06T05:42:35","guid":{"rendered":"https:\/\/alamancecapdev.wpenginepowered.com\/?page_id=1284"},"modified":"2026-01-29T16:14:38","modified_gmt":"2026-01-29T21:14:38","slug":"events","status":"publish","type":"page","link":"http:\/\/apprenticealamance.com\/es\/events\/","title":{"rendered":"Eventos"},"content":{"rendered":"<div style=\"height:100px\" aria-hidden=\"true\" class=\"wp-block-spacer\"><\/div>\n\n\n\n<div class=\"wp-block-stackable-heading stk-block-heading stk-block-heading--v2 stk-block stk-851b75b\" id=\"events\" data-block-id=\"851b75b\"><style>.stk-851b75b .stk-block-heading__text{color:#181851 !important}<\/style><h1 class=\"stk-block-heading__text has-text-color\">Eventos<\/h1><\/div>\n\n\n\n<p>Los representantes de la compa\u00f1\u00eda Apprentice Alamance, as\u00ed como los aprendices actuales y graduados, recorrer\u00e1n las escuelas secundarias locales en octubre y noviembre para informar a los padres y estudiantes interesados sobre los requisitos del programa, los beneficios y el proceso de solicitud. Si usted es un estudiante de ABSS, es bienvenido a unirse a nosotros en cualquiera de las escuelas secundarias. Si usted no es un estudiante ABSS, le pedimos que se unan a nosotros en una de las sesiones de informaci\u00f3n en Alamance Community College o en uno de los eventos que figuran a continuaci\u00f3n.<\/p>\n\n\n\n<div style=\"height:66px\" aria-hidden=\"true\" class=\"wp-block-spacer\"><\/div>\n\n\n\n<div class=\"wp-block-stackable-heading stk-block-heading stk-block-heading--v2 stk-block stk-ad1c453\" id=\"we-will-be-at-your-school-for-a-parent-student-information-session\" data-block-id=\"ad1c453\"><style>.stk-ad1c453 .stk-block-heading__text{color:#077E4A !important}<\/style><h3 class=\"stk-block-heading__text has-text-color\">Estaremos en su centro escolar para una sesi\u00f3n informativa para padres y alumnos: <\/h3><\/div>\n\n\n\n<ul class=\"wp-block-list\">\n<li>Alamance Community College: por determinar<\/li>\n\n\n\n<li>Escuela Secundaria Cummings: Mi\u00e9rcoles, 1 de octubre, 5:30 PM, Media Center<\/li>\n\n\n\n<li>Eastern Alamance High School: Jueves, 25 de septiembre, 5:30 PM, Media Center<\/li>\n\n\n\n<li>Escuela Secundaria Graham: Jueves, 25 de septiembre, 6 PM, Auditorio Y Martes, 7 de octubre, 5:30 PM, Auditorio<\/li>\n\n\n\n<li>Escuela Secundaria Southeast Alamance: Martes, 30 de septiembre, 5:30 PM, Media Center<\/li>\n\n\n\n<li>Escuela Secundaria Southern Alamance: Jueves, 18 de septiembre, 5:30 PM, Media Center Y Martes, 14 de octubre, 5:30 PM, Media Center<\/li>\n\n\n\n<li>Escuela Secundaria Western Alamance: Mi\u00e9rcoles, 24 de septiembre, 5:30 PM, Media Center<\/li>\n\n\n\n<li>Escuela Secundaria Williams: Lunes, 29 de septiembre, 5:30 PM, Auditorio<\/li>\n<\/ul>\n\n\n\n<ul class=\"wp-block-list\">\n<li>Escuela Secundaria Cedar Ridge: Martes, 30 de septiembre, 6 PM (grados 11 y 12)<\/li>\n\n\n\n<li>Escuela Secundaria Cedar Ridge: Jueves, 2 de octubre, 6 PM (grados 9 y 10, s\u00f3lo informaci\u00f3n)<\/li>\n\n\n\n<li>Feria de Opciones de la Escuela Secundaria ABSS: S\u00e1bado, 4 de octubre, 9 AM - 12 PM, Holly Hill Mall<\/li>\n<\/ul>\n\n\n\n<div style=\"height:66px\" aria-hidden=\"true\" class=\"wp-block-spacer\"><\/div>\n\n\n\n<div class=\"wp-block-stackable-heading stk-block-heading stk-block-heading--v2 stk-block stk-5504887\" id=\"we-are-visiting-your-classrooms\" data-block-id=\"5504887\"><style>.stk-5504887 .stk-block-heading__text{color:#077E4A !important}<\/style><h3 class=\"stk-block-heading__text has-text-color\">\u00a1Estamos visitando sus aulas!<\/h3><\/div>\n\n\n\n<ul class=\"wp-block-list\">\n<li>Eastern Alamance High School: Jueves, 18 de septiembre<\/li>\n\n\n\n<li>Jornadas de fabricaci\u00f3n de la ABSS y la ACC: Mi\u00e9rcoles 29 y jueves 30 de octubre<\/li>\n<\/ul>\n\n\n\n<p><\/p>\n\n\n\n<div class=\"wp-block-stackable-heading stk-block-heading stk-block-heading--v2 stk-block stk-8cfb7e9\" id=\"facility-tours\" data-block-id=\"8cfb7e9\"><style>.stk-8cfb7e9 .stk-block-heading__text{color:#077E4A !important}<\/style><h3 class=\"stk-block-heading__text has-text-color\">Visitas a las instalaciones:<\/h3><\/div>\n\n\n\n<ul class=\"wp-block-list\">\n<li>Armen Stone, 8 de enero de 2026, 17:30<\/li>\n\n\n\n<li>AKG, 17 de diciembre de 2025 y 14 de enero de 2026, 18.00 horas<\/li>\n\n\n\n<li>Glen Raven, 4 de diciembre de 2025, 17:30<\/li>\n\n\n\n<li>MSI, 20 de noviembre de 2025 y 10 de diciembre de 2025, 6 p. m., y 8 de enero de 2026, 6 p. m., y 4 de febrero de 2026, 5:30 p. m.<\/li>\n\n\n\n<li>Sandvik, 11 de diciembre de 2025, 17:30 h, 13 de diciembre de 2025, 9:30 h, y 29 de enero de 2026, 17:30 h.<\/li>\n\n\n\n<li>Elevate Textiles, 3 de febrero de 2026, 5:30 p. m.<\/li>\n<\/ul>\n\n\n\n<p><a href=\"https:\/\/forms.gle\/Qnb45AdGBrQd2Vtu8\">S\u00f3lo previa inscripci\u00f3n (haga clic aqu\u00ed).<\/a><\/p>\n\n\n\n<p><\/p>\n\n\n\n<div class=\"wp-block-stackable-heading stk-block-heading stk-block-heading--v2 stk-block stk-721f308\" id=\"orientation\" data-block-id=\"721f308\"><style>.stk-721f308 .stk-block-heading__text{color:#077E4A !important}<\/style><h3 class=\"stk-block-heading__text has-text-color\">Orientaci\u00f3n:<\/h3><\/div>\n\n\n\n<p><strong>S\u00f3lo por invitaci\u00f3n<\/strong>.<\/p>\n\n\n\n<p><\/p>","protected":false},"excerpt":{"rendered":"<p>Events Apprentice Alamance company representatives as well as current and graduated apprentices will be touring the local high schools in October and November to inform interested parents and students about the program requirements, benefits, and the application process. If you are an ABSS student, you are welcome to join us at any of the high [&hellip;]<\/p>\n","protected":false},"author":243,"featured_media":0,"parent":0,"menu_order":0,"comment_status":"closed","ping_status":"closed","template":"","meta":{"footnotes":""},"class_list":["post-1284","page","type-page","status-publish","hentry"],"featured_image_urls_v2":{"full":"","thumbnail":"","medium":"","medium_large":"","large":"","1536x1536":"","2048x2048":"","trp-custom-language-flag":"","post-thumbnail":"","header_logo":"","home-hero":"","home-discover-background":"","home-video-thumbnail":"","home-partner-logo":"","page-banner":"","gform-image-choice-sm":"","gform-image-choice-md":"","gform-image-choice-lg":""},"post_excerpt_stackable_v2":"<p>Events Apprentice Alamance company representatives as well as current and graduated apprentices will be touring the local high schools in October and November to inform interested parents and students about the program requirements, benefits, and the application process. If you are an ABSS student, you are welcome to join us at any of the high schools. If you are a non-ABSS student, we ask you to join us at one of the information sessions at Alamance Community College or at one of the events listed below. We will be at your school for a Parent Student Information Session: Alamance Community&hellip;<\/p>\n","category_list_v2":"","author_info_v2":{"name":"HonestlySystems","url":"http:\/\/apprenticealamance.com\/es\/author\/honestlysystems\/"},"comments_num_v2":"0 comments","yoast_head":"<!-- This site is optimized with the Yoast SEO plugin v27.4 - https:\/\/yoast.com\/product\/yoast-seo-wordpress\/ -->\n<title>Events - Career Accelerator Program<\/title>\n<meta name=\"description\" content=\"Join us at Alamance Community College for Apprenticeship Night on November 9th, from 6:00PM-8:00PM. Tour the classrooms, chat with an apprentice, attend an information session, and more.\" \/>\n<meta name=\"robots\" content=\"index, follow, max-snippet:-1, max-image-preview:large, max-video-preview:-1\" \/>\n<link rel=\"canonical\" href=\"http:\/\/apprenticealamance.com\/es\/events\/\" \/>\n<meta property=\"og:locale\" content=\"es_MX\" \/>\n<meta property=\"og:type\" content=\"article\" \/>\n<meta property=\"og:title\" content=\"Events - Career Accelerator Program\" \/>\n<meta property=\"og:description\" content=\"Join us at Alamance Community College for Apprenticeship Night on November 9th, from 6:00PM-8:00PM. Tour the classrooms, chat with an apprentice, attend an information session, and more.\" \/>\n<meta property=\"og:url\" content=\"http:\/\/apprenticealamance.com\/es\/events\/\" \/>\n<meta property=\"og:site_name\" content=\"Career Accelerator Program\" \/>\n<meta property=\"article:modified_time\" content=\"2026-01-29T21:14:38+00:00\" \/>\n<meta name=\"twitter:card\" content=\"summary_large_image\" \/>\n<meta name=\"twitter:label1\" content=\"Tiempo de lectura\" \/>\n\t<meta name=\"twitter:data1\" content=\"2 minutos\" \/>\n<script type=\"application\/ld+json\" class=\"yoast-schema-graph\">{\"@context\":\"https:\\\/\\\/schema.org\",\"@graph\":[{\"@type\":\"WebPage\",\"@id\":\"http:\\\/\\\/apprenticealamance.com\\\/events\\\/\",\"url\":\"http:\\\/\\\/apprenticealamance.com\\\/events\\\/\",\"name\":\"Events - Career Accelerator Program\",\"isPartOf\":{\"@id\":\"https:\\\/\\\/apprenticealamance.com\\\/#website\"},\"datePublished\":\"2024-09-06T05:42:35+00:00\",\"dateModified\":\"2026-01-29T21:14:38+00:00\",\"description\":\"Join us at Alamance Community College for Apprenticeship Night on November 9th, from 6:00PM-8:00PM. Tour the classrooms, chat with an apprentice, attend an information session, and more.\",\"breadcrumb\":{\"@id\":\"http:\\\/\\\/apprenticealamance.com\\\/events\\\/#breadcrumb\"},\"inLanguage\":\"es\",\"potentialAction\":[{\"@type\":\"ReadAction\",\"target\":[\"http:\\\/\\\/apprenticealamance.com\\\/events\\\/\"]}]},{\"@type\":\"BreadcrumbList\",\"@id\":\"http:\\\/\\\/apprenticealamance.com\\\/events\\\/#breadcrumb\",\"itemListElement\":[{\"@type\":\"ListItem\",\"position\":1,\"name\":\"Home\",\"item\":\"https:\\\/\\\/apprenticealamance.com\\\/\"},{\"@type\":\"ListItem\",\"position\":2,\"name\":\"Events\"}]},{\"@type\":\"WebSite\",\"@id\":\"https:\\\/\\\/apprenticealamance.com\\\/#website\",\"url\":\"https:\\\/\\\/apprenticealamance.com\\\/\",\"name\":\"Career Accelerator Program\",\"description\":\"Career Accelerator Program\",\"potentialAction\":[{\"@type\":\"SearchAction\",\"target\":{\"@type\":\"EntryPoint\",\"urlTemplate\":\"https:\\\/\\\/apprenticealamance.com\\\/?s={search_term_string}\"},\"query-input\":{\"@type\":\"PropertyValueSpecification\",\"valueRequired\":true,\"valueName\":\"search_term_string\"}}],\"inLanguage\":\"es\"}]}<\/script>\n<!-- \/ Yoast SEO plugin. -->","yoast_head_json":{"title":"Eventos - Programa Acelerador de Carrera","description":"\u00danase a nosotros en Alamance Community College para la Noche de Aprendizaje el 9 de noviembre, de 6:00PM-8:00PM. Visite las aulas, charle con un aprendiz, asista a una sesi\u00f3n informativa y mucho m\u00e1s.","robots":{"index":"index","follow":"follow","max-snippet":"max-snippet:-1","max-image-preview":"max-image-preview:large","max-video-preview":"max-video-preview:-1"},"canonical":"http:\/\/apprenticealamance.com\/es\/events\/","og_locale":"es_MX","og_type":"article","og_title":"Events - Career Accelerator Program","og_description":"Join us at Alamance Community College for Apprenticeship Night on November 9th, from 6:00PM-8:00PM. Tour the classrooms, chat with an apprentice, attend an information session, and more.","og_url":"http:\/\/apprenticealamance.com\/es\/events\/","og_site_name":"Career Accelerator Program","article_modified_time":"2026-01-29T21:14:38+00:00","twitter_card":"summary_large_image","twitter_misc":{"Tiempo de lectura":"2 minutos"},"schema":{"@context":"https:\/\/schema.org","@graph":[{"@type":"WebPage","@id":"http:\/\/apprenticealamance.com\/events\/","url":"http:\/\/apprenticealamance.com\/events\/","name":"Eventos - Programa Acelerador de Carrera","isPartOf":{"@id":"https:\/\/apprenticealamance.com\/#website"},"datePublished":"2024-09-06T05:42:35+00:00","dateModified":"2026-01-29T21:14:38+00:00","description":"\u00danase a nosotros en Alamance Community College para la Noche de Aprendizaje el 9 de noviembre, de 6:00PM-8:00PM. Visite las aulas, charle con un aprendiz, asista a una sesi\u00f3n informativa y mucho m\u00e1s.","breadcrumb":{"@id":"http:\/\/apprenticealamance.com\/events\/#breadcrumb"},"inLanguage":"es","potentialAction":[{"@type":"ReadAction","target":["http:\/\/apprenticealamance.com\/events\/"]}]},{"@type":"BreadcrumbList","@id":"http:\/\/apprenticealamance.com\/events\/#breadcrumb","itemListElement":[{"@type":"ListItem","position":1,"name":"Home","item":"https:\/\/apprenticealamance.com\/"},{"@type":"ListItem","position":2,"name":"Events"}]},{"@type":"WebSite","@id":"https:\/\/apprenticealamance.com\/#website","url":"https:\/\/apprenticealamance.com\/","name":"Programa Acelerador de Carrera","description":"Programa Acelerador de Carrera","potentialAction":[{"@type":"SearchAction","target":{"@type":"EntryPoint","urlTemplate":"https:\/\/apprenticealamance.com\/?s={search_term_string}"},"query-input":{"@type":"PropertyValueSpecification","valueRequired":true,"valueName":"search_term_string"}}],"inLanguage":"es"}]}},"_links":{"self":[{"href":"http:\/\/apprenticealamance.com\/es\/wp-json\/wp\/v2\/pages\/1284","targetHints":{"allow":["GET"]}}],"collection":[{"href":"http:\/\/apprenticealamance.com\/es\/wp-json\/wp\/v2\/pages"}],"about":[{"href":"http:\/\/apprenticealamance.com\/es\/wp-json\/wp\/v2\/types\/page"}],"author":[{"embeddable":true,"href":"http:\/\/apprenticealamance.com\/es\/wp-json\/wp\/v2\/users\/243"}],"replies":[{"embeddable":true,"href":"http:\/\/apprenticealamance.com\/es\/wp-json\/wp\/v2\/comments?post=1284"}],"version-history":[{"count":0,"href":"http:\/\/apprenticealamance.com\/es\/wp-json\/wp\/v2\/pages\/1284\/revisions"}],"wp:attachment":[{"href":"http:\/\/apprenticealamance.com\/es\/wp-json\/wp\/v2\/media?parent=1284"}],"curies":[{"name":"wp","href":"https:\/\/api.w.org\/{rel}","templated":true}]}}