{"id":1286,"date":"2024-09-20T12:34:16","date_gmt":"2024-09-20T16:34:16","guid":{"rendered":"https:\/\/alamancecapdev.wpenginepowered.com\/?page_id=1286"},"modified":"2024-10-21T15:24:32","modified_gmt":"2024-10-21T19:24:32","slug":"parents","status":"publish","type":"page","link":"http:\/\/apprenticealamance.com\/es\/why-apprenticeship-parents\/parents\/","title":{"rendered":"Padres"},"content":{"rendered":"<div style=\"height:49px\" aria-hidden=\"true\" class=\"wp-block-spacer\"><\/div>\n\n\n\n<div class=\"wp-block-stackable-heading stk-block-heading stk-block-heading--v2 stk-block stk-9a09128\" id=\"help-your-teen-find-success-with-an-apprenticeship\" data-block-id=\"9a09128\"><style>.stk-9a09128 .stk-block-heading__text{color:#181851 !important}<\/style><h1 class=\"stk-block-heading__text has-text-color\">Ayuda a tu hijo adolescente a encontrar el \u00e9xito con un aprendizaje.<\/h1><\/div>\n\n\n\n<p>Como padre, usted quiere que su hijo tenga una experiencia de aprendizaje valiosa para que, cuando salga de las aulas, est\u00e9 preparado con las habilidades vitales que necesita para alcanzar el \u00e9xito profesional y personal. Qu\u00e9 puede ofrecerles el aprendizaje que no puedan ofrecerles otras trayectorias profesionales?<\/p>\n\n\n\n<div style=\"height:66px\" aria-hidden=\"true\" class=\"wp-block-spacer\"><\/div>\n\n\n\n<div class=\"wp-block-stackable-heading stk-block-heading stk-block-heading--v2 stk-block stk-abafbe1\" id=\"a-promising-career-and-college-with-no-debt\" data-block-id=\"abafbe1\"><style>.stk-abafbe1{margin-bottom:10px !important}.stk-abafbe1 .stk-block-heading__text{color:#077E4A !important}<\/style><h3 class=\"stk-block-heading__text has-text-color\">Una carrera prometedora y la universidad sin deudas<\/h3><\/div>\n\n\n\n<p>Con un aprendizaje, su estudiante podr\u00e1:<\/p>\n\n\n\n<ul class=\"wp-block-list\">\n<li>Cobra por aprender habilidades del mundo real<\/li>\n\n\n\n<li>Obtener un t\u00edtulo universitario sin deudas&nbsp;<\/li>\n\n\n\n<li>Prepararse para la promoci\u00f3n profesional<\/li>\n\n\n\n<li>Adquirir experiencia en un campo de inter\u00e9s avanzado<\/li>\n<\/ul>\n\n\n\n<div style=\"height:66px\" aria-hidden=\"true\" class=\"wp-block-spacer\"><\/div>\n\n\n\n<div class=\"wp-block-stackable-heading stk-block-heading stk-block-heading--v2 stk-block stk-ef30a8c\" id=\"early-career-start-equals-financial-stability\" data-block-id=\"ef30a8c\"><style>.stk-ef30a8c{margin-bottom:10px !important}.stk-ef30a8c .stk-block-heading__text{color:#077E4A !important}<\/style><h3 class=\"stk-block-heading__text has-text-color\">Una carrera profesional temprana equivale a estabilidad financiera<\/h3><\/div>\n\n\n\n<p>Los estudiantes de secundaria pueden empezar el programa de aprendizaje de 4 a\u00f1os el verano siguiente a su pen\u00faltimo o \u00faltimo a\u00f1o. Los programas de aprendizaje permiten a los estudiantes iniciarse en el aprendizaje de habilidades profesionales y ganar dinero. Los estudiantes:&nbsp;<\/p>\n\n\n\n<ul class=\"wp-block-list\">\n<li>Terminar el bachillerato y empezar la universidad sin coste alguno<\/li>\n\n\n\n<li>Gana un sueldo mientras aprendes en el trabajo y durante el tiempo que asistes a clases en la universidad&nbsp;<\/li>\n\n\n\n<li>Adquirir conocimientos muy demandados que les preparen para progresar profesionalmente.<\/li>\n<\/ul>\n\n\n\n<p><a href=\"http:\/\/apprenticealamance.com\/es\/how-it-works\/\">Descubra c\u00f3mo funciona el aprendizaje.<\/a><\/p>\n\n\n\n<div style=\"height:66px\" aria-hidden=\"true\" class=\"wp-block-spacer\"><\/div>\n\n\n\n<div class=\"wp-block-stackable-heading stk-block-heading stk-block-heading--v2 stk-block stk-82ba525\" id=\"personal-and-professional-skills-for-life\" data-block-id=\"82ba525\"><style>.stk-82ba525{margin-bottom:10px !important}.stk-82ba525 .stk-block-heading__text{color:#077E4A !important}<\/style><h3 class=\"stk-block-heading__text has-text-color\">Habilidades personales y profesionales para la vida<\/h3><\/div>\n\n\n\n<p>Como padre, te das cuenta de que navegar por la edad adulta no es s\u00f3lo cuesti\u00f3n de conocimientos, sino que tambi\u00e9n incluye habilidades personales. Durante un aprendizaje, los estudiantes trabajan con mentores experimentados, y el programa est\u00e1 dise\u00f1ado para ayudarles a aprender:<\/p>\n\n\n\n<ul class=\"wp-block-list\">\n<li>Comunicaci\u00f3n<\/li>\n\n\n\n<li>Trabajo en equipo<\/li>\n\n\n\n<li>Resoluci\u00f3n de problemas<\/li>\n\n\n\n<li>Responsabilidad<\/li>\n\n\n\n<li>Liderazgo<\/li>\n<\/ul>\n\n\n\n<div class=\"wp-block-ugb-spacer ugb-spacer ugb-7c2452b ugb-spacer--v2 ugb-main-block\"><style>@media screen and (min-width:768px){.ugb-7c2452b.ugb-spacer{height:30px !important}}<\/style><div class=\"ugb-inner-block\"><div class=\"ugb-block-content\"><div class=\"ugb-spacer--inner\"><\/div><\/div><\/div><\/div>\n\n\n\n<section class=\"wp-block-create-block-theme-quote apprentice-block-theme-quote overflow-hidden pink image-have-radius alignfull start-side-content\"><div class=\"wrapper\">\n<div class=\"wp-block-columns apprentice-block-quote-columns is-layout-flex wp-container-core-columns-is-layout-9d6595d7 wp-block-columns-is-layout-flex\">\n<div class=\"wp-block-column apprentice-block-quote-column is-layout-flow wp-block-column-is-layout-flow\" style=\"flex-basis:50%\">\n<blockquote class=\"wp-block-quote apprentice-block-quote is-layout-flow wp-block-quote-is-layout-flow\">\n<p>Este programa ha permitido a Nathan combinar sus objetivos educativos con un aprendizaje en el campo profesional que ha elegido.  Est\u00e1 utilizando lo que aprende en el aula y aplic\u00e1ndolo a lo que hace en el trabajo. Sus clases y libros est\u00e1n pagados, y ya est\u00e1 invirtiendo en un 401K a la edad de 18 a\u00f1os.<\/p>\n\n\n\n<p>Debra Huffines<\/p>\n<cite>Madre de Nathan Huffines, estudiante del Alamance Community College y aprendiz de la cohorte 2020 de GKN.<\/cite><\/blockquote>\n<\/div>\n\n\n\n<div class=\"wp-block-column apprentice-block-quote-column is-layout-flow wp-block-column-is-layout-flow\">\n<figure class=\"wp-block-image size-full is-resized apprentice-block-quote-image\"><img loading=\"lazy\" decoding=\"async\" width=\"2000\" height=\"1333\" src=\"http:\/\/apprenticealamance.com\/wp-content\/uploads\/2020\/12\/Engineered-Controls-International-LOW-Res-39.jpg\" alt=\"\" class=\"wp-image-414\" style=\"width:544px;height:auto\" srcset=\"http:\/\/apprenticealamance.com\/wp-content\/uploads\/2020\/12\/Engineered-Controls-International-LOW-Res-39.jpg 2000w, http:\/\/apprenticealamance.com\/wp-content\/uploads\/2020\/12\/Engineered-Controls-International-LOW-Res-39-300x200.jpg 300w, http:\/\/apprenticealamance.com\/wp-content\/uploads\/2020\/12\/Engineered-Controls-International-LOW-Res-39-1024x682.jpg 1024w, http:\/\/apprenticealamance.com\/wp-content\/uploads\/2020\/12\/Engineered-Controls-International-LOW-Res-39-768x512.jpg 768w, http:\/\/apprenticealamance.com\/wp-content\/uploads\/2020\/12\/Engineered-Controls-International-LOW-Res-39-1536x1024.jpg 1536w, http:\/\/apprenticealamance.com\/wp-content\/uploads\/2020\/12\/Engineered-Controls-International-LOW-Res-39-430x286.jpg 430w, http:\/\/apprenticealamance.com\/wp-content\/uploads\/2020\/12\/Engineered-Controls-International-LOW-Res-39-198x132.jpg 198w, http:\/\/apprenticealamance.com\/wp-content\/uploads\/2020\/12\/Engineered-Controls-International-LOW-Res-39-232x155.jpg 232w\" sizes=\"auto, (max-width: 2000px) 100vw, 2000px\" \/><\/figure>\n<\/div>\n<\/div>\n<\/div><\/section>\n\n\n\n<div class=\"alignfull wp-block-ugb-video-popup ugb-video-popup ugb-e77992b ugb-video-popup--v3 ugb-main-block ugb-main-block--inner-wide ugb--has-block-background\"><style>.ugb-e77992b .ugb-video-popup__wrapper{height:600px !important;border-radius:0px;background-color:#000000;background-image:url(http:\/\/apprenticealamance.com\/wp-content\/uploads\/2019\/07\/CAP-Website-Headers1.jpg)}.ugb-e77992b .ugb-video-popup__wrapper:before{background-color:#000000;opacity:0.3}.ugb-e77992b .ugb-video-popup__wrapper:hover:before{opacity:0.6}.ugb-e77992b.ugb-video-popup{background-color:#e9ecef}.ugb-e77992b.ugb-video-popup:before{background-color:#e9ecef}.ugb-e77992b .ugb-block-title{color:#181851;text-align:center}.ugb-e77992b .ugb-block-description{text-align:center}@media screen and (min-width:768px){.ugb-e77992b.ugb-video-popup{margin-bottom:0px !important;padding-right:35px !important;padding-bottom:75px !important;padding-left:35px !important}}@media screen and (max-width:1025px){.ugb-e77992b .ugb-video-popup__wrapper{height:400px !important}}<\/style><div class=\"ugb-inner-block ugb-inner-block--wide\"><h2 class=\"ugb-block-title ugb-block-title--with-subtitle\"><strong>\u00bfAd\u00f3nde llevar\u00e1 el aprendizaje a tu hijo adolescente?<\/strong><\/h2><p class=\"ugb-block-description\">Mira este v\u00eddeo y descubre c\u00f3mo otros estudiantes est\u00e1n teniendo \u00e9xito con el aprendizaje en el condado de Alamance.<\/p><div class=\"ugb-block-content\"><div class=\"ugb-video-popup__wrapper ugb--shadow-8 ugb--has-background-overlay\" data-video=\"qAuOnjGAzvE\"><button class=\"ugb-video-popup__overlay\" aria-label=\"Jugar\"><span class=\"ugb-video-popup__play-button\"><svg xmlns=\"http:\/\/www.w3.org\/2000\/svg\" viewbox=\"0 0 256 320\" class=\"ugb-play-button-normal\" width=\"30\" height=\"30\"><path d=\"M0 0v320l256-160L0 0z\"><\/path><\/svg><\/span><\/button><\/div><\/div><\/div><\/div>\n\n\n\n<section class=\"wp-block-create-block-cta-tile apprentice-block-main-section orange image-on-top alignfull\"><div class=\"wrapper\"><div class=\"cta-inner\">\n<h2 class=\"wp-block-heading apprentice-block-main-heading\">Descubra c\u00f3mo su estudiante puede solicitarlo hoy mismo<\/h2>\n\n\n\n<p class=\"apprentice-block-main-paragraph\"><\/p>\n\n\n\n<div class=\"wp-block-button oapprentice-block-main-button is-style-apprentice-white-button\"><a class=\"wp-block-button__link wp-element-button\" href=\"http:\/\/apprenticealamance.com\/es\/how-to-apply\/\">M\u00e1s informaci\u00f3n<\/a><\/div>\n<\/div><\/div><\/section>","protected":false},"excerpt":{"rendered":"<p>Help your teen find success with an apprenticeship. As a parent, you want your teen to have a valuable learning experience so that when they step out of the classroom, they are prepared with the life skills they need to find professional and personal success. What can apprenticeship offer them that other career pathways can\u2019t? [&hellip;]<\/p>\n","protected":false},"author":243,"featured_media":465,"parent":33,"menu_order":0,"comment_status":"closed","ping_status":"closed","template":"","meta":{"footnotes":""},"class_list":["post-1286","page","type-page","status-publish","has-post-thumbnail","hentry"],"featured_image_urls_v2":{"full":["http:\/\/apprenticealamance.com\/wp-content\/uploads\/2020\/12\/CAP-Img-Long-Rectangle-FF-1.jpg",2000,500,false],"thumbnail":["http:\/\/apprenticealamance.com\/wp-content\/uploads\/2020\/12\/CAP-Img-Long-Rectangle-FF-1-150x150.jpg",150,150,true],"medium":["http:\/\/apprenticealamance.com\/wp-content\/uploads\/2020\/12\/CAP-Img-Long-Rectangle-FF-1-300x75.jpg",300,75,true],"medium_large":["http:\/\/apprenticealamance.com\/wp-content\/uploads\/2020\/12\/CAP-Img-Long-Rectangle-FF-1-768x192.jpg",768,192,true],"large":["http:\/\/apprenticealamance.com\/wp-content\/uploads\/2020\/12\/CAP-Img-Long-Rectangle-FF-1-1024x256.jpg",1024,256,true],"1536x1536":["http:\/\/apprenticealamance.com\/wp-content\/uploads\/2020\/12\/CAP-Img-Long-Rectangle-FF-1-1536x384.jpg",1536,384,true],"2048x2048":["http:\/\/apprenticealamance.com\/wp-content\/uploads\/2020\/12\/CAP-Img-Long-Rectangle-FF-1.jpg",2000,500,false],"trp-custom-language-flag":["http:\/\/apprenticealamance.com\/wp-content\/uploads\/2020\/12\/CAP-Img-Long-Rectangle-FF-1.jpg",18,5,false],"post-thumbnail":["http:\/\/apprenticealamance.com\/wp-content\/uploads\/2020\/12\/CAP-Img-Long-Rectangle-FF-1-430x286.jpg",430,286,true],"header_logo":["http:\/\/apprenticealamance.com\/wp-content\/uploads\/2020\/12\/CAP-Img-Long-Rectangle-FF-1-416x104.jpg",416,104,true],"home-hero":["http:\/\/apprenticealamance.com\/wp-content\/uploads\/2020\/12\/CAP-Img-Long-Rectangle-FF-1-1624x500.jpg",1624,500,true],"home-discover-background":["http:\/\/apprenticealamance.com\/wp-content\/uploads\/2020\/12\/CAP-Img-Long-Rectangle-FF-1-1600x500.jpg",1600,500,true],"home-video-thumbnail":["http:\/\/apprenticealamance.com\/wp-content\/uploads\/2020\/12\/CAP-Img-Long-Rectangle-FF-1-830x500.jpg",830,500,true],"home-partner-logo":["http:\/\/apprenticealamance.com\/wp-content\/uploads\/2020\/12\/CAP-Img-Long-Rectangle-FF-1-232x58.jpg",232,58,true],"page-banner":["http:\/\/apprenticealamance.com\/wp-content\/uploads\/2020\/12\/CAP-Img-Long-Rectangle-FF-1-1624x500.jpg",1624,500,true],"gform-image-choice-sm":["http:\/\/apprenticealamance.com\/wp-content\/uploads\/2020\/12\/CAP-Img-Long-Rectangle-FF-1.jpg",300,75,false],"gform-image-choice-md":["http:\/\/apprenticealamance.com\/wp-content\/uploads\/2020\/12\/CAP-Img-Long-Rectangle-FF-1.jpg",400,100,false],"gform-image-choice-lg":["http:\/\/apprenticealamance.com\/wp-content\/uploads\/2020\/12\/CAP-Img-Long-Rectangle-FF-1.jpg",600,150,false]},"post_excerpt_stackable_v2":"<p>Help your teen find success with an apprenticeship. As a parent, you want your teen to have a valuable learning experience so that when they step out of the classroom, they are prepared with the life skills they need to find professional and personal success. What can apprenticeship offer them that other career pathways can\u2019t? A Promising Career and College with No Debt With an apprenticeship your student will: Get paid to learn real-world skills Earn a college degree with no debt&nbsp; Become ready for career advancement Gain experience in an advanced field of interest Early Career Start Equals Financial&hellip;<\/p>\n","category_list_v2":"","author_info_v2":{"name":"HonestlySystems","url":"http:\/\/apprenticealamance.com\/es\/author\/honestlysystems\/"},"comments_num_v2":"0 comments","yoast_head":"<!-- This site is optimized with the Yoast SEO plugin v27.4 - https:\/\/yoast.com\/product\/yoast-seo-wordpress\/ -->\n<title>Parents - Career Accelerator Program<\/title>\n<meta name=\"description\" content=\"Explore career paths with your high schooler and learn how they can get paid to learn valuable skills and earn their degree (debt-free!) through apprenticeship.\" \/>\n<meta name=\"robots\" content=\"index, follow, max-snippet:-1, max-image-preview:large, max-video-preview:-1\" \/>\n<link rel=\"canonical\" href=\"http:\/\/apprenticealamance.com\/es\/why-apprenticeship-parents\/parents\/\" \/>\n<meta property=\"og:locale\" content=\"es_MX\" \/>\n<meta property=\"og:type\" content=\"article\" \/>\n<meta property=\"og:title\" content=\"Parents - Career Accelerator Program\" \/>\n<meta property=\"og:description\" content=\"Explore career paths with your high schooler and learn how they can get paid to learn valuable skills and earn their degree (debt-free!) through apprenticeship.\" \/>\n<meta property=\"og:url\" content=\"http:\/\/apprenticealamance.com\/es\/why-apprenticeship-parents\/parents\/\" \/>\n<meta property=\"og:site_name\" content=\"Career Accelerator Program\" \/>\n<meta property=\"article:modified_time\" content=\"2024-10-21T19:24:32+00:00\" \/>\n<meta property=\"og:image\" content=\"http:\/\/apprenticealamance.com\/wp-content\/uploads\/2020\/12\/CAP-Img-Long-Rectangle-FF-1.jpg\" \/>\n\t<meta property=\"og:image:width\" content=\"2000\" \/>\n\t<meta property=\"og:image:height\" content=\"500\" \/>\n\t<meta property=\"og:image:type\" content=\"image\/jpeg\" \/>\n<meta name=\"twitter:card\" content=\"summary_large_image\" \/>\n<meta name=\"twitter:label1\" content=\"Tiempo de lectura\" \/>\n\t<meta name=\"twitter:data1\" content=\"2 minutos\" \/>\n<script type=\"application\/ld+json\" class=\"yoast-schema-graph\">{\"@context\":\"https:\\\/\\\/schema.org\",\"@graph\":[{\"@type\":\"WebPage\",\"@id\":\"http:\\\/\\\/apprenticealamance.com\\\/es\\\/why-apprenticeship-parents\\\/parents\\\/\",\"url\":\"http:\\\/\\\/apprenticealamance.com\\\/es\\\/why-apprenticeship-parents\\\/parents\\\/\",\"name\":\"Parents - Career Accelerator Program\",\"isPartOf\":{\"@id\":\"https:\\\/\\\/apprenticealamance.com\\\/es\\\/#website\"},\"primaryImageOfPage\":{\"@id\":\"http:\\\/\\\/apprenticealamance.com\\\/es\\\/why-apprenticeship-parents\\\/parents\\\/#primaryimage\"},\"image\":{\"@id\":\"http:\\\/\\\/apprenticealamance.com\\\/es\\\/why-apprenticeship-parents\\\/parents\\\/#primaryimage\"},\"thumbnailUrl\":\"http:\\\/\\\/apprenticealamance.com\\\/wp-content\\\/uploads\\\/2020\\\/12\\\/CAP-Img-Long-Rectangle-FF-1.jpg\",\"datePublished\":\"2024-09-20T16:34:16+00:00\",\"dateModified\":\"2024-10-21T19:24:32+00:00\",\"description\":\"Explore career paths with your high schooler and learn how they can get paid to learn valuable skills and earn their degree (debt-free!) through apprenticeship.\",\"breadcrumb\":{\"@id\":\"http:\\\/\\\/apprenticealamance.com\\\/es\\\/why-apprenticeship-parents\\\/parents\\\/#breadcrumb\"},\"inLanguage\":\"es\",\"potentialAction\":[{\"@type\":\"ReadAction\",\"target\":[\"http:\\\/\\\/apprenticealamance.com\\\/es\\\/why-apprenticeship-parents\\\/parents\\\/\"]}]},{\"@type\":\"ImageObject\",\"inLanguage\":\"es\",\"@id\":\"http:\\\/\\\/apprenticealamance.com\\\/es\\\/why-apprenticeship-parents\\\/parents\\\/#primaryimage\",\"url\":\"http:\\\/\\\/apprenticealamance.com\\\/wp-content\\\/uploads\\\/2020\\\/12\\\/CAP-Img-Long-Rectangle-FF-1.jpg\",\"contentUrl\":\"http:\\\/\\\/apprenticealamance.com\\\/wp-content\\\/uploads\\\/2020\\\/12\\\/CAP-Img-Long-Rectangle-FF-1.jpg\",\"width\":2000,\"height\":500,\"caption\":\"Apprentice working with a machine\"},{\"@type\":\"BreadcrumbList\",\"@id\":\"http:\\\/\\\/apprenticealamance.com\\\/es\\\/why-apprenticeship-parents\\\/parents\\\/#breadcrumb\",\"itemListElement\":[{\"@type\":\"ListItem\",\"position\":1,\"name\":\"Home\",\"item\":\"https:\\\/\\\/apprenticealamance.com\\\/es\\\/\"},{\"@type\":\"ListItem\",\"position\":2,\"name\":\"Why Apprenticeship &#8211; Parents\",\"item\":\"http:\\\/\\\/apprenticealamance.com\\\/es\\\/?page_id=33\"},{\"@type\":\"ListItem\",\"position\":3,\"name\":\"Parents\"}]},{\"@type\":\"WebSite\",\"@id\":\"https:\\\/\\\/apprenticealamance.com\\\/es\\\/#website\",\"url\":\"https:\\\/\\\/apprenticealamance.com\\\/es\\\/\",\"name\":\"Career Accelerator Program\",\"description\":\"Career Accelerator Program\",\"potentialAction\":[{\"@type\":\"SearchAction\",\"target\":{\"@type\":\"EntryPoint\",\"urlTemplate\":\"https:\\\/\\\/apprenticealamance.com\\\/es\\\/?s={search_term_string}\"},\"query-input\":{\"@type\":\"PropertyValueSpecification\",\"valueRequired\":true,\"valueName\":\"search_term_string\"}}],\"inLanguage\":\"es\"}]}<\/script>\n<!-- \/ Yoast SEO plugin. -->","yoast_head_json":{"title":"Padres - Programa Acelerador de Carrera","description":"Explora las trayectorias profesionales con tu hijo de secundaria y aprende c\u00f3mo pueden cobrar por aprender habilidades valiosas y obtener su t\u00edtulo (\u00a1sin deudas!) a trav\u00e9s del aprendizaje.","robots":{"index":"index","follow":"follow","max-snippet":"max-snippet:-1","max-image-preview":"max-image-preview:large","max-video-preview":"max-video-preview:-1"},"canonical":"http:\/\/apprenticealamance.com\/es\/why-apprenticeship-parents\/parents\/","og_locale":"es_MX","og_type":"article","og_title":"Parents - Career Accelerator Program","og_description":"Explore career paths with your high schooler and learn how they can get paid to learn valuable skills and earn their degree (debt-free!) through apprenticeship.","og_url":"http:\/\/apprenticealamance.com\/es\/why-apprenticeship-parents\/parents\/","og_site_name":"Career Accelerator Program","article_modified_time":"2024-10-21T19:24:32+00:00","og_image":[{"width":2000,"height":500,"url":"http:\/\/apprenticealamance.com\/wp-content\/uploads\/2020\/12\/CAP-Img-Long-Rectangle-FF-1.jpg","type":"image\/jpeg"}],"twitter_card":"summary_large_image","twitter_misc":{"Tiempo de lectura":"2 minutos"},"schema":{"@context":"https:\/\/schema.org","@graph":[{"@type":"WebPage","@id":"http:\/\/apprenticealamance.com\/es\/why-apprenticeship-parents\/parents\/","url":"http:\/\/apprenticealamance.com\/es\/why-apprenticeship-parents\/parents\/","name":"Padres - Programa Acelerador de Carrera","isPartOf":{"@id":"https:\/\/apprenticealamance.com\/es\/#website"},"primaryImageOfPage":{"@id":"http:\/\/apprenticealamance.com\/es\/why-apprenticeship-parents\/parents\/#primaryimage"},"image":{"@id":"http:\/\/apprenticealamance.com\/es\/why-apprenticeship-parents\/parents\/#primaryimage"},"thumbnailUrl":"http:\/\/apprenticealamance.com\/wp-content\/uploads\/2020\/12\/CAP-Img-Long-Rectangle-FF-1.jpg","datePublished":"2024-09-20T16:34:16+00:00","dateModified":"2024-10-21T19:24:32+00:00","description":"Explora las trayectorias profesionales con tu hijo de secundaria y aprende c\u00f3mo pueden cobrar por aprender habilidades valiosas y obtener su t\u00edtulo (\u00a1sin deudas!) a trav\u00e9s del aprendizaje.","breadcrumb":{"@id":"http:\/\/apprenticealamance.com\/es\/why-apprenticeship-parents\/parents\/#breadcrumb"},"inLanguage":"es","potentialAction":[{"@type":"ReadAction","target":["http:\/\/apprenticealamance.com\/es\/why-apprenticeship-parents\/parents\/"]}]},{"@type":"ImageObject","inLanguage":"es","@id":"http:\/\/apprenticealamance.com\/es\/why-apprenticeship-parents\/parents\/#primaryimage","url":"http:\/\/apprenticealamance.com\/wp-content\/uploads\/2020\/12\/CAP-Img-Long-Rectangle-FF-1.jpg","contentUrl":"http:\/\/apprenticealamance.com\/wp-content\/uploads\/2020\/12\/CAP-Img-Long-Rectangle-FF-1.jpg","width":2000,"height":500,"caption":"Apprentice working with a machine"},{"@type":"BreadcrumbList","@id":"http:\/\/apprenticealamance.com\/es\/why-apprenticeship-parents\/parents\/#breadcrumb","itemListElement":[{"@type":"ListItem","position":1,"name":"Home","item":"https:\/\/apprenticealamance.com\/es\/"},{"@type":"ListItem","position":2,"name":"Why Apprenticeship &#8211; Parents","item":"http:\/\/apprenticealamance.com\/es\/?page_id=33"},{"@type":"ListItem","position":3,"name":"Parents"}]},{"@type":"WebSite","@id":"https:\/\/apprenticealamance.com\/es\/#website","url":"https:\/\/apprenticealamance.com\/es\/","name":"Programa Acelerador de Carrera","description":"Programa Acelerador de Carrera","potentialAction":[{"@type":"SearchAction","target":{"@type":"EntryPoint","urlTemplate":"https:\/\/apprenticealamance.com\/es\/?s={search_term_string}"},"query-input":{"@type":"PropertyValueSpecification","valueRequired":true,"valueName":"search_term_string"}}],"inLanguage":"es"}]}},"_links":{"self":[{"href":"http:\/\/apprenticealamance.com\/es\/wp-json\/wp\/v2\/pages\/1286","targetHints":{"allow":["GET"]}}],"collection":[{"href":"http:\/\/apprenticealamance.com\/es\/wp-json\/wp\/v2\/pages"}],"about":[{"href":"http:\/\/apprenticealamance.com\/es\/wp-json\/wp\/v2\/types\/page"}],"author":[{"embeddable":true,"href":"http:\/\/apprenticealamance.com\/es\/wp-json\/wp\/v2\/users\/243"}],"replies":[{"embeddable":true,"href":"http:\/\/apprenticealamance.com\/es\/wp-json\/wp\/v2\/comments?post=1286"}],"version-history":[{"count":0,"href":"http:\/\/apprenticealamance.com\/es\/wp-json\/wp\/v2\/pages\/1286\/revisions"}],"up":[{"embeddable":true,"href":"http:\/\/apprenticealamance.com\/es\/wp-json\/wp\/v2\/pages\/33"}],"wp:featuredmedia":[{"embeddable":true,"href":"http:\/\/apprenticealamance.com\/es\/wp-json\/wp\/v2\/media\/465"}],"wp:attachment":[{"href":"http:\/\/apprenticealamance.com\/es\/wp-json\/wp\/v2\/media?parent=1286"}],"curies":[{"name":"wp","href":"https:\/\/api.w.org\/{rel}","templated":true}]}}