{"id":143,"date":"2019-07-23T22:08:32","date_gmt":"2019-07-24T02:08:32","guid":{"rendered":"http:\/\/apprenticealamance.com\/?page_id=143"},"modified":"2022-11-09T08:43:29","modified_gmt":"2022-11-09T13:43:29","slug":"shawmut","status":"publish","type":"page","link":"http:\/\/apprenticealamance.com\/es\/participating-employers\/shawmut\/","title":{"rendered":"Corporaci\u00f3n Shawmut"},"content":{"rendered":"<p>Fundada en 1916, Shawmut Corporation es una empresa familiar de cuarta generaci\u00f3n dedicada a la fabricaci\u00f3n de materiales avanzados con sede en West Bridgewater, Massachusetts.  Shawmut cuenta con m\u00e1s de 700 empleados en todo el mundo, repartidos en diez plantas de fabricaci\u00f3n y siete oficinas comerciales en Norteam\u00e9rica, Europa y Asia.<\/p>\n\n\n\n<p>Shawmut utiliza la innovaci\u00f3n en materiales para mejorar la vida de las personas y es l\u00edder mundial en materiales avanzados, fabricaci\u00f3n textil, formaci\u00f3n de tejidos, recubrimiento e innovaci\u00f3n en procesos de laminaci\u00f3n en los mercados mundiales de automoci\u00f3n, salud y seguridad, militar y protecci\u00f3n, filtraci\u00f3n y soluciones de laminaci\u00f3n personalizadas. Shawmut es el mayor laminador independiente de tejidos t\u00e9cnicos de Estados Unidos.<\/p>\n\n\n\n<p>Lo que empez\u00f3 en la estructura de la f\u00e1brica de lana m\u00e1s antigua de Estados Unidos produciendo tejido trenzado e hilo sint\u00e9tico ha ido evolucionando con el tiempo hasta crear una gama de materiales compuestos, textiles t\u00e9cnicos y soluciones de laminaci\u00f3n en todo el mundo.<\/p>\n\n\n\n<p>Shawmut Corporation tambi\u00e9n tiene una larga historia de apoyo a la naci\u00f3n en tiempos de crisis y necesidad. La empresa fabric\u00f3 materiales de protecci\u00f3n para las tropas durante la Primera Guerra Mundial, paraca\u00eddas antibombas, chaquetas de campa\u00f1a y mantas durante la Segunda Guerra Mundial, ropa interior larga para los soldados durante la Guerra de Corea, y ahora est\u00e1 fabricando EPI para apoyar al pa\u00eds durante la pandemia de COVID-19 y m\u00e1s all\u00e1.<\/p>\n\n\n\n<p>Lo que permanece constante en Shawmut es el compromiso con la innovaci\u00f3n de procesos, la experiencia en ingenier\u00eda textil y la dedicaci\u00f3n a ser un proveedor de confianza para sus clientes. Nuestro equipo mundial de ingenieros de aplicaciones y materiales trabaja con los clientes para definir los requisitos de rendimiento detallados y aprovecha sus profundos conocimientos y d\u00e9cadas de experiencia en aplicaciones para dise\u00f1ar una soluci\u00f3n de materiales de valor a\u00f1adido para cada necesidad.<\/p>\n\n\n\n<p>Shawmut Corporation puede encontrarse en l\u00ednea en <a href=\"https:\/\/nam04.safelinks.protection.outlook.com\/?url=https%3A%2F%2Fwww.linkedin.com%2Fcompany%2Fshawmut-corporation%2F&amp;data=05%7C01%7Clparker%40shawmutcorporation.com%7C435e26d08eb64c1dd88508dac1c7a151%7C502b9e2f630441dea97b4e69e49fc971%7C1%7C0%7C638035360397760527%7CUnknown%7CTWFpbGZsb3d8eyJWIjoiMC4wLjAwMDAiLCJQIjoiV2luMzIiLCJBTiI6Ik1haWwiLCJXVCI6Mn0%3D%7C3000%7C%7C%7C&amp;sdata=qzi7fS1anUAnGGzRUkleqsPgjyuDc%2FyBRfgVg%2BtTskY%3D&amp;reserved=0\" target=\"_blank\" rel=\"noreferrer noopener\">LinkedIn<\/a>, <a href=\"http:\/\/Facebook\" target=\"_blank\" rel=\"noreferrer noopener\">Facebook<\/a> y <a href=\"https:\/\/nam04.safelinks.protection.outlook.com\/?url=https%3A%2F%2Fwww.instagram.com%2Fshawmutdesignstudio%2F&amp;data=05%7C01%7Clparker%40shawmutcorporation.com%7C435e26d08eb64c1dd88508dac1c7a151%7C502b9e2f630441dea97b4e69e49fc971%7C1%7C0%7C638035360397760527%7CUnknown%7CTWFpbGZsb3d8eyJWIjoiMC4wLjAwMDAiLCJQIjoiV2luMzIiLCJBTiI6Ik1haWwiLCJXVCI6Mn0%3D%7C3000%7C%7C%7C&amp;sdata=TQ9Lp4veoGiE3i6%2Fbc7k%2BycTdShbviV0uhB%2FNcNOYfE%3D&amp;reserved=0\" target=\"_blank\" rel=\"noreferrer noopener\">Instagram<\/a>. Para m\u00e1s informaci\u00f3n, visite <a href=\"https:\/\/nam04.safelinks.protection.outlook.com\/?url=http%3A%2F%2Fwww.shawmutcorp.com%2F&amp;data=05%7C01%7Clparker%40shawmutcorporation.com%7C435e26d08eb64c1dd88508dac1c7a151%7C502b9e2f630441dea97b4e69e49fc971%7C1%7C0%7C638035360397760527%7CUnknown%7CTWFpbGZsb3d8eyJWIjoiMC4wLjAwMDAiLCJQIjoiV2luMzIiLCJBTiI6Ik1haWwiLCJXVCI6Mn0%3D%7C3000%7C%7C%7C&amp;sdata=60rudIJE2bv9eE%2Fe9Lc7FmY1zKRiPy3LYnYwdd2ORG0%3D&amp;reserved=0\" target=\"_blank\" rel=\"noreferrer noopener\">www.shawmutcorp.com<\/a>.<\/p>","protected":false},"excerpt":{"rendered":"<p>Founded in 1916, Shawmut Corporation is a fourth-generation, family-owned-and-operated advanced materials manufacturer headquartered in West Bridgewater, MA.&nbsp; Shawmut employs over 700 employees worldwide in ten global manufacturing plants and seven commercial offices across North America, Europe, and Asia. Shawmut uses materials innovation to improve people\u2019s lives and is a global leader in advanced materials, textile [&hellip;]<\/p>\n","protected":false},"author":2,"featured_media":0,"parent":55,"menu_order":0,"comment_status":"closed","ping_status":"closed","template":"","meta":{"footnotes":""},"class_list":["post-143","page","type-page","status-publish","hentry"],"featured_image_urls_v2":{"full":"","thumbnail":"","medium":"","medium_large":"","large":"","1536x1536":"","2048x2048":"","trp-custom-language-flag":"","post-thumbnail":"","header_logo":"","home-hero":"","home-discover-background":"","home-video-thumbnail":"","home-partner-logo":"","page-banner":"","gform-image-choice-sm":"","gform-image-choice-md":"","gform-image-choice-lg":""},"post_excerpt_stackable_v2":"<p>Founded in 1916, Shawmut Corporation is a fourth-generation, family-owned-and-operated advanced materials manufacturer headquartered in West Bridgewater, MA.&nbsp; Shawmut employs over 700 employees worldwide in ten global manufacturing plants and seven commercial offices across North America, Europe, and Asia. Shawmut uses materials innovation to improve people\u2019s lives and is a global leader in advanced materials, textile manufacturing, fabric formation, coating, and lamination process innovation across the global Automotive, Health &amp; Safety, Military &amp; Protective, Filtration, and Custom Lamination Solutions markets. Shawmut is the largest independent laminator in the U.S. for technical fabrics. What started in the structure of America\u2019s oldest woolen&hellip;<\/p>\n","category_list_v2":"","author_info_v2":{"name":"Marketing Estrella del Norte","url":"http:\/\/apprenticealamance.com\/es\/author\/nsm\/"},"comments_num_v2":"0 comments","yoast_head":"<!-- This site is optimized with the Yoast SEO plugin v27.4 - https:\/\/yoast.com\/product\/yoast-seo-wordpress\/ -->\n<title>Shawmut Corporation - Career Accelerator Program<\/title>\n<meta name=\"robots\" content=\"index, follow, max-snippet:-1, max-image-preview:large, max-video-preview:-1\" \/>\n<link rel=\"canonical\" href=\"http:\/\/apprenticealamance.com\/es\/participating-employers\/shawmut\/\" \/>\n<meta property=\"og:locale\" content=\"es_MX\" \/>\n<meta property=\"og:type\" content=\"article\" \/>\n<meta property=\"og:title\" content=\"Shawmut Corporation - Career Accelerator Program\" \/>\n<meta property=\"og:description\" content=\"Founded in 1916, Shawmut Corporation is a fourth-generation, family-owned-and-operated advanced materials manufacturer headquartered in West Bridgewater, MA.&nbsp; Shawmut employs over 700 employees worldwide in ten global manufacturing plants and seven commercial offices across North America, Europe, and Asia. Shawmut uses materials innovation to improve people\u2019s lives and is a global leader in advanced materials, textile [&hellip;]\" \/>\n<meta property=\"og:url\" content=\"http:\/\/apprenticealamance.com\/es\/participating-employers\/shawmut\/\" \/>\n<meta property=\"og:site_name\" content=\"Career Accelerator Program\" \/>\n<meta property=\"article:modified_time\" content=\"2022-11-09T13:43:29+00:00\" \/>\n<meta name=\"twitter:card\" content=\"summary_large_image\" \/>\n<meta name=\"twitter:label1\" content=\"Tiempo de lectura\" \/>\n\t<meta name=\"twitter:data1\" content=\"2 minutos\" \/>\n<script type=\"application\/ld+json\" class=\"yoast-schema-graph\">{\"@context\":\"https:\\\/\\\/schema.org\",\"@graph\":[{\"@type\":\"WebPage\",\"@id\":\"http:\\\/\\\/apprenticealamance.com\\\/es\\\/participating-employers\\\/shawmut\\\/\",\"url\":\"http:\\\/\\\/apprenticealamance.com\\\/es\\\/participating-employers\\\/shawmut\\\/\",\"name\":\"Shawmut Corporation - Career Accelerator Program\",\"isPartOf\":{\"@id\":\"https:\\\/\\\/apprenticealamance.com\\\/#website\"},\"datePublished\":\"2019-07-24T02:08:32+00:00\",\"dateModified\":\"2022-11-09T13:43:29+00:00\",\"breadcrumb\":{\"@id\":\"http:\\\/\\\/apprenticealamance.com\\\/es\\\/participating-employers\\\/shawmut\\\/#breadcrumb\"},\"inLanguage\":\"es\",\"potentialAction\":[{\"@type\":\"ReadAction\",\"target\":[\"http:\\\/\\\/apprenticealamance.com\\\/es\\\/participating-employers\\\/shawmut\\\/\"]}]},{\"@type\":\"BreadcrumbList\",\"@id\":\"http:\\\/\\\/apprenticealamance.com\\\/es\\\/participating-employers\\\/shawmut\\\/#breadcrumb\",\"itemListElement\":[{\"@type\":\"ListItem\",\"position\":1,\"name\":\"Home\",\"item\":\"https:\\\/\\\/apprenticealamance.com\\\/\"},{\"@type\":\"ListItem\",\"position\":2,\"name\":\"Participating Employers\",\"item\":\"http:\\\/\\\/apprenticealamance.com\\\/participating-employers\\\/\"},{\"@type\":\"ListItem\",\"position\":3,\"name\":\"Shawmut Corporation\"}]},{\"@type\":\"WebSite\",\"@id\":\"https:\\\/\\\/apprenticealamance.com\\\/#website\",\"url\":\"https:\\\/\\\/apprenticealamance.com\\\/\",\"name\":\"Career Accelerator Program\",\"description\":\"Career Accelerator Program\",\"potentialAction\":[{\"@type\":\"SearchAction\",\"target\":{\"@type\":\"EntryPoint\",\"urlTemplate\":\"https:\\\/\\\/apprenticealamance.com\\\/?s={search_term_string}\"},\"query-input\":{\"@type\":\"PropertyValueSpecification\",\"valueRequired\":true,\"valueName\":\"search_term_string\"}}],\"inLanguage\":\"es\"}]}<\/script>\n<!-- \/ Yoast SEO plugin. -->","yoast_head_json":{"title":"Shawmut Corporation - Programa acelerador de carreras profesionales","robots":{"index":"index","follow":"follow","max-snippet":"max-snippet:-1","max-image-preview":"max-image-preview:large","max-video-preview":"max-video-preview:-1"},"canonical":"http:\/\/apprenticealamance.com\/es\/participating-employers\/shawmut\/","og_locale":"es_MX","og_type":"article","og_title":"Shawmut Corporation - Career Accelerator Program","og_description":"Founded in 1916, Shawmut Corporation is a fourth-generation, family-owned-and-operated advanced materials manufacturer headquartered in West Bridgewater, MA.&nbsp; Shawmut employs over 700 employees worldwide in ten global manufacturing plants and seven commercial offices across North America, Europe, and Asia. Shawmut uses materials innovation to improve people\u2019s lives and is a global leader in advanced materials, textile [&hellip;]","og_url":"http:\/\/apprenticealamance.com\/es\/participating-employers\/shawmut\/","og_site_name":"Career Accelerator Program","article_modified_time":"2022-11-09T13:43:29+00:00","twitter_card":"summary_large_image","twitter_misc":{"Tiempo de lectura":"2 minutos"},"schema":{"@context":"https:\/\/schema.org","@graph":[{"@type":"WebPage","@id":"http:\/\/apprenticealamance.com\/es\/participating-employers\/shawmut\/","url":"http:\/\/apprenticealamance.com\/es\/participating-employers\/shawmut\/","name":"Shawmut Corporation - Programa acelerador de carreras profesionales","isPartOf":{"@id":"https:\/\/apprenticealamance.com\/#website"},"datePublished":"2019-07-24T02:08:32+00:00","dateModified":"2022-11-09T13:43:29+00:00","breadcrumb":{"@id":"http:\/\/apprenticealamance.com\/es\/participating-employers\/shawmut\/#breadcrumb"},"inLanguage":"es","potentialAction":[{"@type":"ReadAction","target":["http:\/\/apprenticealamance.com\/es\/participating-employers\/shawmut\/"]}]},{"@type":"BreadcrumbList","@id":"http:\/\/apprenticealamance.com\/es\/participating-employers\/shawmut\/#breadcrumb","itemListElement":[{"@type":"ListItem","position":1,"name":"Home","item":"https:\/\/apprenticealamance.com\/"},{"@type":"ListItem","position":2,"name":"Participating Employers","item":"http:\/\/apprenticealamance.com\/participating-employers\/"},{"@type":"ListItem","position":3,"name":"Shawmut Corporation"}]},{"@type":"WebSite","@id":"https:\/\/apprenticealamance.com\/#website","url":"https:\/\/apprenticealamance.com\/","name":"Programa Acelerador de Carrera","description":"Programa Acelerador de Carrera","potentialAction":[{"@type":"SearchAction","target":{"@type":"EntryPoint","urlTemplate":"https:\/\/apprenticealamance.com\/?s={search_term_string}"},"query-input":{"@type":"PropertyValueSpecification","valueRequired":true,"valueName":"search_term_string"}}],"inLanguage":"es"}]}},"_links":{"self":[{"href":"http:\/\/apprenticealamance.com\/es\/wp-json\/wp\/v2\/pages\/143","targetHints":{"allow":["GET"]}}],"collection":[{"href":"http:\/\/apprenticealamance.com\/es\/wp-json\/wp\/v2\/pages"}],"about":[{"href":"http:\/\/apprenticealamance.com\/es\/wp-json\/wp\/v2\/types\/page"}],"author":[{"embeddable":true,"href":"http:\/\/apprenticealamance.com\/es\/wp-json\/wp\/v2\/users\/2"}],"replies":[{"embeddable":true,"href":"http:\/\/apprenticealamance.com\/es\/wp-json\/wp\/v2\/comments?post=143"}],"version-history":[{"count":0,"href":"http:\/\/apprenticealamance.com\/es\/wp-json\/wp\/v2\/pages\/143\/revisions"}],"up":[{"embeddable":true,"href":"http:\/\/apprenticealamance.com\/es\/wp-json\/wp\/v2\/pages\/55"}],"wp:attachment":[{"href":"http:\/\/apprenticealamance.com\/es\/wp-json\/wp\/v2\/media?parent=143"}],"curies":[{"name":"wp","href":"https:\/\/api.w.org\/{rel}","templated":true}]}}