{"id":1430,"date":"2024-09-20T11:42:51","date_gmt":"2024-09-20T15:42:51","guid":{"rendered":"https:\/\/alamancecapdev.wpenginepowered.com\/?page_id=1430"},"modified":"2024-09-25T20:11:24","modified_gmt":"2024-09-26T00:11:24","slug":"how-it-works","status":"publish","type":"page","link":"http:\/\/apprenticealamance.com\/es\/how-it-works\/","title":{"rendered":"C\u00f3mo funciona"},"content":{"rendered":"<div style=\"height:100px\" aria-hidden=\"true\" class=\"wp-block-spacer\"><\/div>\n\n\n\n<div class=\"wp-block-stackable-heading stk-block-heading stk-block-heading--v2 stk-block stk-0990b17\" id=\"how-it-works\" data-block-id=\"0990b17\"><style>.stk-0990b17 .stk-block-heading__text{color:#181851 !important}<\/style><h1 class=\"stk-block-heading__text has-text-color\">C\u00f3mo funciona<\/h1><\/div>\n\n\n\n<p>Los aprendices pueden ganar dinero en el trabajo en cuanto empiezan el programa de aprendizaje, al tiempo que reciben clases universitarias sin coste alguno. De hecho, a los estudiantes se les paga por el tiempo que pasan en clase. Descubre c\u00f3mo puedes empezar una carrera prometedora, obtener un t\u00edtulo universitario y conseguir estabilidad financiera.<br><\/p>\n\n\n\n<ul class=\"wp-block-list\">\n<li>Cobra 8.000 horas de formaci\u00f3n en el puesto de trabajo y en el aula durante los 4 a\u00f1os del programa<\/li>\n\n\n\n<li>Obt\u00e9n un t\u00edtulo de Asociado en Ciencias Aplicadas (AAS) del Alamance Community College<\/li>\n\n\n\n<li>Todos los gastos de matr\u00edcula, libros y tasas del programa de grado asociado est\u00e1n cubiertos, por lo que te graduar\u00e1s sin deudas.<\/li>\n\n\n\n<li>Tener la opci\u00f3n, una vez finalizado el aprendizaje, de transferir los cr\u00e9ditos a la mayor\u00eda de las universidades estatales de cuatro a\u00f1os para obtener una licenciatura.&nbsp;<\/li>\n\n\n\n<li>Obtener una certificaci\u00f3n especializada y una experiencia reconocida y buscada por los empleadores.<\/li>\n\n\n\n<li>Muchas empresas ofrecen seguro m\u00e9dico, jubilaci\u00f3n y permisos retribuidos a los aprendices.<\/li>\n\n\n\n<li>Oportunidad de aumentar el salario en funci\u00f3n de las calificaciones y el rendimiento en el trabajo<\/li>\n<\/ul>\n\n\n\n<div style=\"height:66px\" aria-hidden=\"true\" class=\"wp-block-spacer\"><\/div>\n\n\n\n<div class=\"wp-block-stackable-heading stk-block-heading stk-block-heading--v2 stk-block stk-6433d35\" id=\"strong-the-value-of-apprenticeship-strong\" data-block-id=\"6433d35\"><style>.stk-6433d35{margin-bottom:10px !important}.stk-6433d35 .stk-block-heading__text{color:#077E4A !important}<\/style><h3 class=\"stk-block-heading__text has-text-color\"><strong>El valor del aprendizaje<\/strong><\/h3><\/div>\n\n\n\n<p>El valor de las clases universitarias m\u00e1s la paga recibida por la formaci\u00f3n en el trabajo y en el aula equivale a una beca de $150.000.<br><\/p>\n\n\n\n<figure class=\"wp-block-image size-large\"><img loading=\"lazy\" decoding=\"async\" width=\"1024\" height=\"576\" src=\"http:\/\/apprenticealamance.com\/wp-content\/uploads\/2024\/09\/Apprentice-Alamance-Teacher-Presentation.pptx-1024x576.png\" alt=\"\" class=\"wp-image-1461\" srcset=\"http:\/\/apprenticealamance.com\/wp-content\/uploads\/2024\/09\/Apprentice-Alamance-Teacher-Presentation.pptx-1024x576.png 1024w, http:\/\/apprenticealamance.com\/wp-content\/uploads\/2024\/09\/Apprentice-Alamance-Teacher-Presentation.pptx-300x169.png 300w, http:\/\/apprenticealamance.com\/wp-content\/uploads\/2024\/09\/Apprentice-Alamance-Teacher-Presentation.pptx-768x432.png 768w, http:\/\/apprenticealamance.com\/wp-content\/uploads\/2024\/09\/Apprentice-Alamance-Teacher-Presentation.pptx-235x132.png 235w, http:\/\/apprenticealamance.com\/wp-content\/uploads\/2024\/09\/Apprentice-Alamance-Teacher-Presentation.pptx-232x131.png 232w, http:\/\/apprenticealamance.com\/wp-content\/uploads\/2024\/09\/Apprentice-Alamance-Teacher-Presentation.pptx.png 1280w\" sizes=\"auto, (max-width: 1024px) 100vw, 1024px\" \/><\/figure>\n\n\n\n<div style=\"height:66px\" aria-hidden=\"true\" class=\"wp-block-spacer\"><\/div>\n\n\n\n<div class=\"wp-block-stackable-heading stk-block-heading stk-block-heading--v2 stk-block stk-4f1ad7b\" id=\"strong-ready-to-apply-strong\" data-block-id=\"4f1ad7b\"><style>.stk-4f1ad7b{margin-bottom:10px !important}.stk-4f1ad7b .stk-block-heading__text{color:#077E4A !important}<\/style><h3 class=\"stk-block-heading__text has-text-color\"><strong>\u00bfListo para solicitarlo?<\/strong><\/h3><\/div>\n\n\n\n<p>Encuentre toda la informaci\u00f3n que necesita sobre <a href=\"http:\/\/apprenticealamance.com\/es\/how-to-apply\/\">c\u00f3mo solicitar un aprendizaje<\/a>. Conocer\u00e1 las visitas a las empresas locales que participan en el programa de aprendizaje, los pasos para solicitarlo y los plazos, <a href=\"http:\/\/apprenticealamance.com\/es\/student-requirements\/\">requisitos de los estudiantes<\/a>y mucho m\u00e1s.<br><\/p>","protected":false},"excerpt":{"rendered":"<p>How It Works Apprentices are able to earn money on the job as soon as they start the apprenticeship program while also taking college classes at no cost. In fact, students actually get paid for time spent in class. See how you can get a jump start on a promising career, a college degree, and [&hellip;]<\/p>\n","protected":false},"author":243,"featured_media":1449,"parent":0,"menu_order":0,"comment_status":"closed","ping_status":"closed","template":"","meta":{"footnotes":""},"class_list":["post-1430","page","type-page","status-publish","has-post-thumbnail","hentry"],"featured_image_urls_v2":{"full":["http:\/\/apprenticealamance.com\/wp-content\/uploads\/2024\/09\/222-Apprentice-Alamance-Graduation-2024-Tim-Coffey-Photography-3.jpg",1624,527,false],"thumbnail":["http:\/\/apprenticealamance.com\/wp-content\/uploads\/2024\/09\/222-Apprentice-Alamance-Graduation-2024-Tim-Coffey-Photography-3-150x150.jpg",150,150,true],"medium":["http:\/\/apprenticealamance.com\/wp-content\/uploads\/2024\/09\/222-Apprentice-Alamance-Graduation-2024-Tim-Coffey-Photography-3-300x97.jpg",300,97,true],"medium_large":["http:\/\/apprenticealamance.com\/wp-content\/uploads\/2024\/09\/222-Apprentice-Alamance-Graduation-2024-Tim-Coffey-Photography-3-768x249.jpg",768,249,true],"large":["http:\/\/apprenticealamance.com\/wp-content\/uploads\/2024\/09\/222-Apprentice-Alamance-Graduation-2024-Tim-Coffey-Photography-3-1024x332.jpg",1024,332,true],"1536x1536":["http:\/\/apprenticealamance.com\/wp-content\/uploads\/2024\/09\/222-Apprentice-Alamance-Graduation-2024-Tim-Coffey-Photography-3-1536x498.jpg",1536,498,true],"2048x2048":["http:\/\/apprenticealamance.com\/wp-content\/uploads\/2024\/09\/222-Apprentice-Alamance-Graduation-2024-Tim-Coffey-Photography-3.jpg",1624,527,false],"trp-custom-language-flag":["http:\/\/apprenticealamance.com\/wp-content\/uploads\/2024\/09\/222-Apprentice-Alamance-Graduation-2024-Tim-Coffey-Photography-3.jpg",18,6,false],"post-thumbnail":["http:\/\/apprenticealamance.com\/wp-content\/uploads\/2024\/09\/222-Apprentice-Alamance-Graduation-2024-Tim-Coffey-Photography-3-430x286.jpg",430,286,true],"header_logo":["http:\/\/apprenticealamance.com\/wp-content\/uploads\/2024\/09\/222-Apprentice-Alamance-Graduation-2024-Tim-Coffey-Photography-3-407x132.jpg",407,132,true],"home-hero":["http:\/\/apprenticealamance.com\/wp-content\/uploads\/2024\/09\/222-Apprentice-Alamance-Graduation-2024-Tim-Coffey-Photography-3.jpg",1624,527,false],"home-discover-background":["http:\/\/apprenticealamance.com\/wp-content\/uploads\/2024\/09\/222-Apprentice-Alamance-Graduation-2024-Tim-Coffey-Photography-3-1600x527.jpg",1600,527,true],"home-video-thumbnail":["http:\/\/apprenticealamance.com\/wp-content\/uploads\/2024\/09\/222-Apprentice-Alamance-Graduation-2024-Tim-Coffey-Photography-3-830x515.jpg",830,515,true],"home-partner-logo":["http:\/\/apprenticealamance.com\/wp-content\/uploads\/2024\/09\/222-Apprentice-Alamance-Graduation-2024-Tim-Coffey-Photography-3-232x75.jpg",232,75,true],"page-banner":["http:\/\/apprenticealamance.com\/wp-content\/uploads\/2024\/09\/222-Apprentice-Alamance-Graduation-2024-Tim-Coffey-Photography-3.jpg",1624,527,false],"gform-image-choice-sm":["http:\/\/apprenticealamance.com\/wp-content\/uploads\/2024\/09\/222-Apprentice-Alamance-Graduation-2024-Tim-Coffey-Photography-3.jpg",300,97,false],"gform-image-choice-md":["http:\/\/apprenticealamance.com\/wp-content\/uploads\/2024\/09\/222-Apprentice-Alamance-Graduation-2024-Tim-Coffey-Photography-3.jpg",400,130,false],"gform-image-choice-lg":["http:\/\/apprenticealamance.com\/wp-content\/uploads\/2024\/09\/222-Apprentice-Alamance-Graduation-2024-Tim-Coffey-Photography-3.jpg",600,195,false]},"post_excerpt_stackable_v2":"<p>How It Works Apprentices are able to earn money on the job as soon as they start the apprenticeship program while also taking college classes at no cost. In fact, students actually get paid for time spent in class. See how you can get a jump start on a promising career, a college degree, and financial stability. Get paid for 8,000 hours of on-the-job and classroom training during the 4-year program Earn an Associate of Applied Science (AAS) from Alamance Community College All tuition, books, and fees for the associate\u2019s degree program are covered, so you graduate debt-free Have the&hellip;<\/p>\n","category_list_v2":"","author_info_v2":{"name":"HonestlySystems","url":"http:\/\/apprenticealamance.com\/es\/author\/honestlysystems\/"},"comments_num_v2":"0 comments","yoast_head":"<!-- This site is optimized with the Yoast SEO plugin v27.4 - https:\/\/yoast.com\/product\/yoast-seo-wordpress\/ -->\n<title>How Apprenticeship Works in Alamance County - Learn and Earn - CAP<\/title>\n<meta name=\"robots\" content=\"index, follow, max-snippet:-1, max-image-preview:large, max-video-preview:-1\" \/>\n<link rel=\"canonical\" href=\"http:\/\/apprenticealamance.com\/es\/how-it-works\/\" \/>\n<meta property=\"og:locale\" content=\"es_MX\" \/>\n<meta property=\"og:type\" content=\"article\" \/>\n<meta property=\"og:title\" content=\"How Apprenticeship Works in Alamance County - Learn and Earn - CAP\" \/>\n<meta property=\"og:description\" content=\"How It Works Apprentices are able to earn money on the job as soon as they start the apprenticeship program while also taking college classes at no cost. In fact, students actually get paid for time spent in class. See how you can get a jump start on a promising career, a college degree, and [&hellip;]\" \/>\n<meta property=\"og:url\" content=\"http:\/\/apprenticealamance.com\/es\/how-it-works\/\" \/>\n<meta property=\"og:site_name\" content=\"Career Accelerator Program\" \/>\n<meta property=\"article:modified_time\" content=\"2024-09-26T00:11:24+00:00\" \/>\n<meta property=\"og:image\" content=\"http:\/\/apprenticealamance.com\/wp-content\/uploads\/2024\/09\/222-Apprentice-Alamance-Graduation-2024-Tim-Coffey-Photography-3.jpg\" \/>\n\t<meta property=\"og:image:width\" content=\"1624\" \/>\n\t<meta property=\"og:image:height\" content=\"527\" \/>\n\t<meta property=\"og:image:type\" content=\"image\/jpeg\" \/>\n<meta name=\"twitter:card\" content=\"summary_large_image\" \/>\n<meta name=\"twitter:label1\" content=\"Tiempo de lectura\" \/>\n\t<meta name=\"twitter:data1\" content=\"2 minutos\" \/>\n<script type=\"application\/ld+json\" class=\"yoast-schema-graph\">{\"@context\":\"https:\\\/\\\/schema.org\",\"@graph\":[{\"@type\":\"WebPage\",\"@id\":\"http:\\\/\\\/apprenticealamance.com\\\/es\\\/how-it-works\\\/\",\"url\":\"http:\\\/\\\/apprenticealamance.com\\\/es\\\/how-it-works\\\/\",\"name\":\"How Apprenticeship Works in Alamance County - Learn and Earn - CAP\",\"isPartOf\":{\"@id\":\"https:\\\/\\\/apprenticealamance.com\\\/es\\\/#website\"},\"primaryImageOfPage\":{\"@id\":\"http:\\\/\\\/apprenticealamance.com\\\/es\\\/how-it-works\\\/#primaryimage\"},\"image\":{\"@id\":\"http:\\\/\\\/apprenticealamance.com\\\/es\\\/how-it-works\\\/#primaryimage\"},\"thumbnailUrl\":\"http:\\\/\\\/apprenticealamance.com\\\/wp-content\\\/uploads\\\/2024\\\/09\\\/222-Apprentice-Alamance-Graduation-2024-Tim-Coffey-Photography-3.jpg\",\"datePublished\":\"2024-09-20T15:42:51+00:00\",\"dateModified\":\"2024-09-26T00:11:24+00:00\",\"breadcrumb\":{\"@id\":\"http:\\\/\\\/apprenticealamance.com\\\/es\\\/how-it-works\\\/#breadcrumb\"},\"inLanguage\":\"es\",\"potentialAction\":[{\"@type\":\"ReadAction\",\"target\":[\"http:\\\/\\\/apprenticealamance.com\\\/es\\\/how-it-works\\\/\"]}]},{\"@type\":\"ImageObject\",\"inLanguage\":\"es\",\"@id\":\"http:\\\/\\\/apprenticealamance.com\\\/es\\\/how-it-works\\\/#primaryimage\",\"url\":\"http:\\\/\\\/apprenticealamance.com\\\/wp-content\\\/uploads\\\/2024\\\/09\\\/222-Apprentice-Alamance-Graduation-2024-Tim-Coffey-Photography-3.jpg\",\"contentUrl\":\"http:\\\/\\\/apprenticealamance.com\\\/wp-content\\\/uploads\\\/2024\\\/09\\\/222-Apprentice-Alamance-Graduation-2024-Tim-Coffey-Photography-3.jpg\",\"width\":1624,\"height\":527},{\"@type\":\"BreadcrumbList\",\"@id\":\"http:\\\/\\\/apprenticealamance.com\\\/es\\\/how-it-works\\\/#breadcrumb\",\"itemListElement\":[{\"@type\":\"ListItem\",\"position\":1,\"name\":\"Home\",\"item\":\"https:\\\/\\\/apprenticealamance.com\\\/es\\\/\"},{\"@type\":\"ListItem\",\"position\":2,\"name\":\"How It Works\"}]},{\"@type\":\"WebSite\",\"@id\":\"https:\\\/\\\/apprenticealamance.com\\\/es\\\/#website\",\"url\":\"https:\\\/\\\/apprenticealamance.com\\\/es\\\/\",\"name\":\"Career Accelerator Program\",\"description\":\"Career Accelerator Program\",\"potentialAction\":[{\"@type\":\"SearchAction\",\"target\":{\"@type\":\"EntryPoint\",\"urlTemplate\":\"https:\\\/\\\/apprenticealamance.com\\\/es\\\/?s={search_term_string}\"},\"query-input\":{\"@type\":\"PropertyValueSpecification\",\"valueRequired\":true,\"valueName\":\"search_term_string\"}}],\"inLanguage\":\"es\"}]}<\/script>\n<!-- \/ Yoast SEO plugin. -->","yoast_head_json":{"title":"C\u00f3mo funciona el aprendizaje en el condado de Alamance - Aprenda y gane - CAP","robots":{"index":"index","follow":"follow","max-snippet":"max-snippet:-1","max-image-preview":"max-image-preview:large","max-video-preview":"max-video-preview:-1"},"canonical":"http:\/\/apprenticealamance.com\/es\/how-it-works\/","og_locale":"es_MX","og_type":"article","og_title":"How Apprenticeship Works in Alamance County - Learn and Earn - CAP","og_description":"How It Works Apprentices are able to earn money on the job as soon as they start the apprenticeship program while also taking college classes at no cost. In fact, students actually get paid for time spent in class. See how you can get a jump start on a promising career, a college degree, and [&hellip;]","og_url":"http:\/\/apprenticealamance.com\/es\/how-it-works\/","og_site_name":"Career Accelerator Program","article_modified_time":"2024-09-26T00:11:24+00:00","og_image":[{"width":1624,"height":527,"url":"http:\/\/apprenticealamance.com\/wp-content\/uploads\/2024\/09\/222-Apprentice-Alamance-Graduation-2024-Tim-Coffey-Photography-3.jpg","type":"image\/jpeg"}],"twitter_card":"summary_large_image","twitter_misc":{"Tiempo de lectura":"2 minutos"},"schema":{"@context":"https:\/\/schema.org","@graph":[{"@type":"WebPage","@id":"http:\/\/apprenticealamance.com\/es\/how-it-works\/","url":"http:\/\/apprenticealamance.com\/es\/how-it-works\/","name":"C\u00f3mo funciona el aprendizaje en el condado de Alamance - Aprenda y gane - CAP","isPartOf":{"@id":"https:\/\/apprenticealamance.com\/es\/#website"},"primaryImageOfPage":{"@id":"http:\/\/apprenticealamance.com\/es\/how-it-works\/#primaryimage"},"image":{"@id":"http:\/\/apprenticealamance.com\/es\/how-it-works\/#primaryimage"},"thumbnailUrl":"http:\/\/apprenticealamance.com\/wp-content\/uploads\/2024\/09\/222-Apprentice-Alamance-Graduation-2024-Tim-Coffey-Photography-3.jpg","datePublished":"2024-09-20T15:42:51+00:00","dateModified":"2024-09-26T00:11:24+00:00","breadcrumb":{"@id":"http:\/\/apprenticealamance.com\/es\/how-it-works\/#breadcrumb"},"inLanguage":"es","potentialAction":[{"@type":"ReadAction","target":["http:\/\/apprenticealamance.com\/es\/how-it-works\/"]}]},{"@type":"ImageObject","inLanguage":"es","@id":"http:\/\/apprenticealamance.com\/es\/how-it-works\/#primaryimage","url":"http:\/\/apprenticealamance.com\/wp-content\/uploads\/2024\/09\/222-Apprentice-Alamance-Graduation-2024-Tim-Coffey-Photography-3.jpg","contentUrl":"http:\/\/apprenticealamance.com\/wp-content\/uploads\/2024\/09\/222-Apprentice-Alamance-Graduation-2024-Tim-Coffey-Photography-3.jpg","width":1624,"height":527},{"@type":"BreadcrumbList","@id":"http:\/\/apprenticealamance.com\/es\/how-it-works\/#breadcrumb","itemListElement":[{"@type":"ListItem","position":1,"name":"Home","item":"https:\/\/apprenticealamance.com\/es\/"},{"@type":"ListItem","position":2,"name":"How It Works"}]},{"@type":"WebSite","@id":"https:\/\/apprenticealamance.com\/es\/#website","url":"https:\/\/apprenticealamance.com\/es\/","name":"Programa Acelerador de Carrera","description":"Programa Acelerador de Carrera","potentialAction":[{"@type":"SearchAction","target":{"@type":"EntryPoint","urlTemplate":"https:\/\/apprenticealamance.com\/es\/?s={search_term_string}"},"query-input":{"@type":"PropertyValueSpecification","valueRequired":true,"valueName":"search_term_string"}}],"inLanguage":"es"}]}},"_links":{"self":[{"href":"http:\/\/apprenticealamance.com\/es\/wp-json\/wp\/v2\/pages\/1430","targetHints":{"allow":["GET"]}}],"collection":[{"href":"http:\/\/apprenticealamance.com\/es\/wp-json\/wp\/v2\/pages"}],"about":[{"href":"http:\/\/apprenticealamance.com\/es\/wp-json\/wp\/v2\/types\/page"}],"author":[{"embeddable":true,"href":"http:\/\/apprenticealamance.com\/es\/wp-json\/wp\/v2\/users\/243"}],"replies":[{"embeddable":true,"href":"http:\/\/apprenticealamance.com\/es\/wp-json\/wp\/v2\/comments?post=1430"}],"version-history":[{"count":0,"href":"http:\/\/apprenticealamance.com\/es\/wp-json\/wp\/v2\/pages\/1430\/revisions"}],"wp:featuredmedia":[{"embeddable":true,"href":"http:\/\/apprenticealamance.com\/es\/wp-json\/wp\/v2\/media\/1449"}],"wp:attachment":[{"href":"http:\/\/apprenticealamance.com\/es\/wp-json\/wp\/v2\/media?parent=1430"}],"curies":[{"name":"wp","href":"https:\/\/api.w.org\/{rel}","templated":true}]}}