{"id":149,"date":"2019-07-23T22:12:32","date_gmt":"2019-07-24T02:12:32","guid":{"rendered":"http:\/\/apprenticealamance.com\/?page_id=149"},"modified":"2024-09-09T06:30:01","modified_gmt":"2024-09-09T10:30:01","slug":"indulor","status":"publish","type":"page","link":"http:\/\/apprenticealamance.com\/es\/participating-employers\/indulor\/","title":{"rendered":"Indulor"},"content":{"rendered":"<div class=\"wp-block-stackable-heading stk-block-heading stk-block-heading--v2 stk-block stk-7a53f62\" id=\"indulor\" data-block-id=\"7a53f62\"><style>.stk-7a53f62 .stk-block-heading__text{color:#181851 !important}<\/style><h1 class=\"stk-block-heading__text has-text-color\">Indulor<\/h1><\/div>\n\n\n\n<p>Indulor es una empresa familiar de tama\u00f1o medio en su segunda generaci\u00f3n. El desarrollo, la producci\u00f3n y la comercializaci\u00f3n de pol\u00edmeros constituyen una parte importante de la actividad de Indulor.<\/p>\n\n\n\n<p>Indulor es un proveedor importante para los siguientes sectores<\/p>\n\n\n\n<ul class=\"wp-block-list\">\n<li>Artes gr\u00e1ficas<\/li>\n\n\n\n<li>Revestimientos arquitect\u00f3nicos<\/li>\n\n\n\n<li>Acabados de madera<\/li>\n\n\n\n<li>Acabados de papel<\/li>\n\n\n\n<li>Acabados textiles<\/li>\n\n\n\n<li>Adhesivos<\/li>\n\n\n\n<li>Cuidado personal<\/li>\n\n\n\n<li>Productos dom\u00e9sticos e institucionales<\/li>\n<\/ul>\n\n\n\n<figure class=\"wp-block-embed is-type-video is-provider-youtube wp-block-embed-youtube wp-embed-aspect-16-9 wp-has-aspect-ratio\"><div class=\"wp-block-embed__wrapper\">\n<iframe loading=\"lazy\" title=\"Indulor America LP\" width=\"500\" height=\"281\" src=\"https:\/\/www.youtube.com\/embed\/0Jt0ws6wyYo?feature=oembed\" frameborder=\"0\" allow=\"accelerometer; autoplay; clipboard-write; encrypted-media; gyroscope; picture-in-picture; web-share\" referrerpolicy=\"strict-origin-when-cross-origin\" allowfullscreen><\/iframe>\n<\/div><\/figure>","protected":false},"excerpt":{"rendered":"<p>Indulor Indulor es una empresa familiar de tama\u00f1o medio en su segunda generaci\u00f3n. El desarrollo, la producci\u00f3n y la comercializaci\u00f3n de pol\u00edmeros constituyen una parte importante de la actividad de Indulor. Indulor es un importante proveedor de los siguientes sectores<\/p>","protected":false},"author":2,"featured_media":0,"parent":55,"menu_order":0,"comment_status":"closed","ping_status":"closed","template":"","meta":{"footnotes":""},"class_list":["post-149","page","type-page","status-publish","hentry"],"featured_image_urls_v2":{"full":"","thumbnail":"","medium":"","medium_large":"","large":"","1536x1536":"","2048x2048":"","trp-custom-language-flag":"","post-thumbnail":"","header_logo":"","home-hero":"","home-discover-background":"","home-video-thumbnail":"","home-partner-logo":"","page-banner":"","gform-image-choice-sm":"","gform-image-choice-md":"","gform-image-choice-lg":""},"post_excerpt_stackable_v2":"<p>Indulor Indulor is a medium-sized, family-owned company in its second generation. The development, production and marketing of polymers makes up a major part of Indulor&#8217;s business. Indulor is a significant supplier for the following sectors Graphic arts Architectural coatings Wood finishings Paper finishings Textile finishings Adhesives Personal care Household and institutional products<\/p>\n","category_list_v2":"","author_info_v2":{"name":"Marketing Estrella del Norte","url":"http:\/\/apprenticealamance.com\/es\/author\/nsm\/"},"comments_num_v2":"0 comments","yoast_head":"<!-- This site is optimized with the Yoast SEO plugin v27.4 - https:\/\/yoast.com\/product\/yoast-seo-wordpress\/ -->\n<title>Indulor - Career Accelerator Program<\/title>\n<meta name=\"robots\" content=\"index, follow, max-snippet:-1, max-image-preview:large, max-video-preview:-1\" \/>\n<link rel=\"canonical\" href=\"http:\/\/apprenticealamance.com\/es\/participating-employers\/indulor\/\" \/>\n<meta property=\"og:locale\" content=\"es_MX\" \/>\n<meta property=\"og:type\" content=\"article\" \/>\n<meta property=\"og:title\" content=\"Indulor - Career Accelerator Program\" \/>\n<meta property=\"og:description\" content=\"Indulor Indulor is a medium-sized, family-owned company in its second generation. The development, production and marketing of polymers makes up a major part of Indulor&#8217;s business. Indulor is a significant supplier for the following sectors\" \/>\n<meta property=\"og:url\" content=\"http:\/\/apprenticealamance.com\/es\/participating-employers\/indulor\/\" \/>\n<meta property=\"og:site_name\" content=\"Career Accelerator Program\" \/>\n<meta property=\"article:modified_time\" content=\"2024-09-09T10:30:01+00:00\" \/>\n<meta name=\"twitter:card\" content=\"summary_large_image\" \/>\n<meta name=\"twitter:label1\" content=\"Tiempo de lectura\" \/>\n\t<meta name=\"twitter:data1\" content=\"1 minuto\" \/>\n<script type=\"application\/ld+json\" class=\"yoast-schema-graph\">{\"@context\":\"https:\\\/\\\/schema.org\",\"@graph\":[{\"@type\":\"WebPage\",\"@id\":\"http:\\\/\\\/apprenticealamance.com\\\/es\\\/participating-employers\\\/indulor\\\/\",\"url\":\"http:\\\/\\\/apprenticealamance.com\\\/es\\\/participating-employers\\\/indulor\\\/\",\"name\":\"Indulor - Career Accelerator Program\",\"isPartOf\":{\"@id\":\"https:\\\/\\\/apprenticealamance.com\\\/#website\"},\"datePublished\":\"2019-07-24T02:12:32+00:00\",\"dateModified\":\"2024-09-09T10:30:01+00:00\",\"breadcrumb\":{\"@id\":\"http:\\\/\\\/apprenticealamance.com\\\/es\\\/participating-employers\\\/indulor\\\/#breadcrumb\"},\"inLanguage\":\"es\",\"potentialAction\":[{\"@type\":\"ReadAction\",\"target\":[\"http:\\\/\\\/apprenticealamance.com\\\/es\\\/participating-employers\\\/indulor\\\/\"]}]},{\"@type\":\"BreadcrumbList\",\"@id\":\"http:\\\/\\\/apprenticealamance.com\\\/es\\\/participating-employers\\\/indulor\\\/#breadcrumb\",\"itemListElement\":[{\"@type\":\"ListItem\",\"position\":1,\"name\":\"Home\",\"item\":\"https:\\\/\\\/apprenticealamance.com\\\/\"},{\"@type\":\"ListItem\",\"position\":2,\"name\":\"Participating Employers\",\"item\":\"http:\\\/\\\/apprenticealamance.com\\\/participating-employers\\\/\"},{\"@type\":\"ListItem\",\"position\":3,\"name\":\"Indulor\"}]},{\"@type\":\"WebSite\",\"@id\":\"https:\\\/\\\/apprenticealamance.com\\\/#website\",\"url\":\"https:\\\/\\\/apprenticealamance.com\\\/\",\"name\":\"Career Accelerator Program\",\"description\":\"Career Accelerator Program\",\"potentialAction\":[{\"@type\":\"SearchAction\",\"target\":{\"@type\":\"EntryPoint\",\"urlTemplate\":\"https:\\\/\\\/apprenticealamance.com\\\/?s={search_term_string}\"},\"query-input\":{\"@type\":\"PropertyValueSpecification\",\"valueRequired\":true,\"valueName\":\"search_term_string\"}}],\"inLanguage\":\"es\"}]}<\/script>\n<!-- \/ Yoast SEO plugin. -->","yoast_head_json":{"title":"Indulor - Career Accelerator Program","robots":{"index":"index","follow":"follow","max-snippet":"max-snippet:-1","max-image-preview":"max-image-preview:large","max-video-preview":"max-video-preview:-1"},"canonical":"http:\/\/apprenticealamance.com\/es\/participating-employers\/indulor\/","og_locale":"es_MX","og_type":"article","og_title":"Indulor - Career Accelerator Program","og_description":"Indulor Indulor is a medium-sized, family-owned company in its second generation. The development, production and marketing of polymers makes up a major part of Indulor&#8217;s business. Indulor is a significant supplier for the following sectors","og_url":"http:\/\/apprenticealamance.com\/es\/participating-employers\/indulor\/","og_site_name":"Career Accelerator Program","article_modified_time":"2024-09-09T10:30:01+00:00","twitter_card":"summary_large_image","twitter_misc":{"Tiempo de lectura":"1 minuto"},"schema":{"@context":"https:\/\/schema.org","@graph":[{"@type":"WebPage","@id":"http:\/\/apprenticealamance.com\/es\/participating-employers\/indulor\/","url":"http:\/\/apprenticealamance.com\/es\/participating-employers\/indulor\/","name":"Indulor - Career Accelerator Program","isPartOf":{"@id":"https:\/\/apprenticealamance.com\/#website"},"datePublished":"2019-07-24T02:12:32+00:00","dateModified":"2024-09-09T10:30:01+00:00","breadcrumb":{"@id":"http:\/\/apprenticealamance.com\/es\/participating-employers\/indulor\/#breadcrumb"},"inLanguage":"es","potentialAction":[{"@type":"ReadAction","target":["http:\/\/apprenticealamance.com\/es\/participating-employers\/indulor\/"]}]},{"@type":"BreadcrumbList","@id":"http:\/\/apprenticealamance.com\/es\/participating-employers\/indulor\/#breadcrumb","itemListElement":[{"@type":"ListItem","position":1,"name":"Home","item":"https:\/\/apprenticealamance.com\/"},{"@type":"ListItem","position":2,"name":"Participating Employers","item":"http:\/\/apprenticealamance.com\/participating-employers\/"},{"@type":"ListItem","position":3,"name":"Indulor"}]},{"@type":"WebSite","@id":"https:\/\/apprenticealamance.com\/#website","url":"https:\/\/apprenticealamance.com\/","name":"Programa Acelerador de Carrera","description":"Programa Acelerador de Carrera","potentialAction":[{"@type":"SearchAction","target":{"@type":"EntryPoint","urlTemplate":"https:\/\/apprenticealamance.com\/?s={search_term_string}"},"query-input":{"@type":"PropertyValueSpecification","valueRequired":true,"valueName":"search_term_string"}}],"inLanguage":"es"}]}},"_links":{"self":[{"href":"http:\/\/apprenticealamance.com\/es\/wp-json\/wp\/v2\/pages\/149","targetHints":{"allow":["GET"]}}],"collection":[{"href":"http:\/\/apprenticealamance.com\/es\/wp-json\/wp\/v2\/pages"}],"about":[{"href":"http:\/\/apprenticealamance.com\/es\/wp-json\/wp\/v2\/types\/page"}],"author":[{"embeddable":true,"href":"http:\/\/apprenticealamance.com\/es\/wp-json\/wp\/v2\/users\/2"}],"replies":[{"embeddable":true,"href":"http:\/\/apprenticealamance.com\/es\/wp-json\/wp\/v2\/comments?post=149"}],"version-history":[{"count":0,"href":"http:\/\/apprenticealamance.com\/es\/wp-json\/wp\/v2\/pages\/149\/revisions"}],"up":[{"embeddable":true,"href":"http:\/\/apprenticealamance.com\/es\/wp-json\/wp\/v2\/pages\/55"}],"wp:attachment":[{"href":"http:\/\/apprenticealamance.com\/es\/wp-json\/wp\/v2\/media?parent=149"}],"curies":[{"name":"wp","href":"https:\/\/api.w.org\/{rel}","templated":true}]}}