{"id":151,"date":"2019-07-23T22:13:09","date_gmt":"2019-07-24T02:13:09","guid":{"rendered":"http:\/\/apprenticealamance.com\/?page_id=151"},"modified":"2024-09-09T06:28:02","modified_gmt":"2024-09-09T10:28:02","slug":"glen-raven","status":"publish","type":"page","link":"http:\/\/apprenticealamance.com\/es\/participating-employers\/glen-raven\/","title":{"rendered":"Glen Raven"},"content":{"rendered":"<div class=\"wp-block-stackable-heading stk-block-heading stk-block-heading--v2 stk-block stk-fd90c32\" id=\"glen-raven\" data-block-id=\"fd90c32\"><style>.stk-fd90c32 .stk-block-heading__text{color:#181851 !important}<\/style><h1 class=\"stk-block-heading__text has-text-color\">Glen Raven<\/h1><\/div>\n\n\n\n<p>Glen Raven se fund\u00f3 en 1880 y desde entonces ha sido l\u00edder nacional en la producci\u00f3n de tejidos. Por ejemplo, la empresa suministr\u00f3 paraca\u00eddas a los militares de la naci\u00f3n en la Segunda Guerra Mundial.<\/p>\n\n\n\n<p>Glen Raven ofrece soluciones empresariales para los siguientes sectores<\/p>\n\n\n\n<ul class=\"wp-block-list\">\n<li>Automoci\u00f3n (por ejemplo, capotas de descapotables y tejidos de revestimientos de techo)<\/li>\n\n\n\n<li>Filtraci\u00f3n (por ejemplo, elementos de filtraci\u00f3n de agua)<\/li>\n\n\n\n<li>Banderas y estandartes<\/li>\n\n\n\n<li>Muebles<\/li>\n\n\n\n<li>Geosint\u00e9ticos (por ejemplo, materiales de geomalla)<\/li>\n\n\n\n<li>Lonas y cubiertas industriales<\/li>\n\n\n\n<li>Tejidos marinos<\/li>\n\n\n\n<li>Tejidos para medios de comunicaci\u00f3n<\/li>\n\n\n\n<li>Tejidos militares<\/li>\n\n\n\n<li>Vestuario de protecci\u00f3n<\/li>\n\n\n\n<li>Protecci\u00f3n solar y persianas<\/li>\n\n\n\n<li>Revestimientos de ventanas<\/li>\n<\/ul>\n\n\n\n<figure class=\"wp-block-embed is-type-video is-provider-youtube wp-block-embed-youtube wp-embed-aspect-16-9 wp-has-aspect-ratio\"><div class=\"wp-block-embed__wrapper\">\n<iframe loading=\"lazy\" title=\"Fabricantes de Sunbrella\" width=\"500\" height=\"281\" src=\"https:\/\/www.youtube.com\/embed\/czyP_vZyhHw?feature=oembed\" frameborder=\"0\" allow=\"accelerometer; autoplay; clipboard-write; encrypted-media; gyroscope; picture-in-picture; web-share\" referrerpolicy=\"strict-origin-when-cross-origin\" allowfullscreen><\/iframe>\n<\/div><\/figure>","protected":false},"excerpt":{"rendered":"<p>Glen Raven Glen Raven se fund\u00f3 en 1880, y desde entonces ha sido l\u00edder nacional en la producci\u00f3n de tejidos. Por ejemplo, la empresa proporcion\u00f3 paraca\u00eddas a los militares de la naci\u00f3n en la Segunda Guerra Mundial. Glen Raven ofrece soluciones empresariales para los siguientes sectores<\/p>","protected":false},"author":2,"featured_media":0,"parent":55,"menu_order":0,"comment_status":"closed","ping_status":"closed","template":"","meta":{"footnotes":""},"class_list":["post-151","page","type-page","status-publish","hentry"],"featured_image_urls_v2":{"full":"","thumbnail":"","medium":"","medium_large":"","large":"","1536x1536":"","2048x2048":"","trp-custom-language-flag":"","post-thumbnail":"","header_logo":"","home-hero":"","home-discover-background":"","home-video-thumbnail":"","home-partner-logo":"","page-banner":"","gform-image-choice-sm":"","gform-image-choice-md":"","gform-image-choice-lg":""},"post_excerpt_stackable_v2":"<p>Glen Raven Glen Raven was founded in 1880, and has been a national leader in fabrics production ever since. For instance, the company provided parachutes for the nation&#8217;s military in World War II. Glen Raven offers business solutions for the following sectors Automotive (e.g. convertible tops and headliner fabrics) Filtration (e.g. water filtration elements) Flags and banners Furniture Geosynthetics (e.g. geogrid materials) Industrial tarps and covers Marine fabrics Media fabrics Military fabrics Protective workwear Solar protection and shades Window coverings<\/p>\n","category_list_v2":"","author_info_v2":{"name":"Marketing Estrella del Norte","url":"http:\/\/apprenticealamance.com\/es\/author\/nsm\/"},"comments_num_v2":"0 comments","yoast_head":"<!-- This site is optimized with the Yoast SEO plugin v27.4 - https:\/\/yoast.com\/product\/yoast-seo-wordpress\/ -->\n<title>Glen Raven - Career Accelerator Program<\/title>\n<meta name=\"robots\" content=\"index, follow, max-snippet:-1, max-image-preview:large, max-video-preview:-1\" \/>\n<link rel=\"canonical\" href=\"http:\/\/apprenticealamance.com\/es\/participating-employers\/glen-raven\/\" \/>\n<meta property=\"og:locale\" content=\"es_MX\" \/>\n<meta property=\"og:type\" content=\"article\" \/>\n<meta property=\"og:title\" content=\"Glen Raven - Career Accelerator Program\" \/>\n<meta property=\"og:description\" content=\"Glen Raven Glen Raven was founded in 1880, and has been a national leader in fabrics production ever since. For instance, the company provided parachutes for the nation&#8217;s military in World War II. Glen Raven offers business solutions for the following sectors\" \/>\n<meta property=\"og:url\" content=\"http:\/\/apprenticealamance.com\/es\/participating-employers\/glen-raven\/\" \/>\n<meta property=\"og:site_name\" content=\"Career Accelerator Program\" \/>\n<meta property=\"article:modified_time\" content=\"2024-09-09T10:28:02+00:00\" \/>\n<meta name=\"twitter:card\" content=\"summary_large_image\" \/>\n<meta name=\"twitter:label1\" content=\"Tiempo de lectura\" \/>\n\t<meta name=\"twitter:data1\" content=\"1 minuto\" \/>\n<script type=\"application\/ld+json\" class=\"yoast-schema-graph\">{\"@context\":\"https:\\\/\\\/schema.org\",\"@graph\":[{\"@type\":\"WebPage\",\"@id\":\"http:\\\/\\\/apprenticealamance.com\\\/participating-employers\\\/glen-raven\\\/\",\"url\":\"http:\\\/\\\/apprenticealamance.com\\\/participating-employers\\\/glen-raven\\\/\",\"name\":\"Glen Raven - Career Accelerator Program\",\"isPartOf\":{\"@id\":\"https:\\\/\\\/apprenticealamance.com\\\/#website\"},\"datePublished\":\"2019-07-24T02:13:09+00:00\",\"dateModified\":\"2024-09-09T10:28:02+00:00\",\"breadcrumb\":{\"@id\":\"http:\\\/\\\/apprenticealamance.com\\\/participating-employers\\\/glen-raven\\\/#breadcrumb\"},\"inLanguage\":\"es\",\"potentialAction\":[{\"@type\":\"ReadAction\",\"target\":[\"http:\\\/\\\/apprenticealamance.com\\\/participating-employers\\\/glen-raven\\\/\"]}]},{\"@type\":\"BreadcrumbList\",\"@id\":\"http:\\\/\\\/apprenticealamance.com\\\/participating-employers\\\/glen-raven\\\/#breadcrumb\",\"itemListElement\":[{\"@type\":\"ListItem\",\"position\":1,\"name\":\"Home\",\"item\":\"https:\\\/\\\/apprenticealamance.com\\\/\"},{\"@type\":\"ListItem\",\"position\":2,\"name\":\"Participating Employers\",\"item\":\"http:\\\/\\\/apprenticealamance.com\\\/participating-employers\\\/\"},{\"@type\":\"ListItem\",\"position\":3,\"name\":\"Glen Raven\"}]},{\"@type\":\"WebSite\",\"@id\":\"https:\\\/\\\/apprenticealamance.com\\\/#website\",\"url\":\"https:\\\/\\\/apprenticealamance.com\\\/\",\"name\":\"Career Accelerator Program\",\"description\":\"Career Accelerator Program\",\"potentialAction\":[{\"@type\":\"SearchAction\",\"target\":{\"@type\":\"EntryPoint\",\"urlTemplate\":\"https:\\\/\\\/apprenticealamance.com\\\/?s={search_term_string}\"},\"query-input\":{\"@type\":\"PropertyValueSpecification\",\"valueRequired\":true,\"valueName\":\"search_term_string\"}}],\"inLanguage\":\"es\"}]}<\/script>\n<!-- \/ Yoast SEO plugin. -->","yoast_head_json":{"title":"Glen Raven - Career Accelerator Program","robots":{"index":"index","follow":"follow","max-snippet":"max-snippet:-1","max-image-preview":"max-image-preview:large","max-video-preview":"max-video-preview:-1"},"canonical":"http:\/\/apprenticealamance.com\/es\/participating-employers\/glen-raven\/","og_locale":"es_MX","og_type":"article","og_title":"Glen Raven - Career Accelerator Program","og_description":"Glen Raven Glen Raven was founded in 1880, and has been a national leader in fabrics production ever since. For instance, the company provided parachutes for the nation&#8217;s military in World War II. Glen Raven offers business solutions for the following sectors","og_url":"http:\/\/apprenticealamance.com\/es\/participating-employers\/glen-raven\/","og_site_name":"Career Accelerator Program","article_modified_time":"2024-09-09T10:28:02+00:00","twitter_card":"summary_large_image","twitter_misc":{"Tiempo de lectura":"1 minuto"},"schema":{"@context":"https:\/\/schema.org","@graph":[{"@type":"WebPage","@id":"http:\/\/apprenticealamance.com\/participating-employers\/glen-raven\/","url":"http:\/\/apprenticealamance.com\/participating-employers\/glen-raven\/","name":"Glen Raven - Career Accelerator Program","isPartOf":{"@id":"https:\/\/apprenticealamance.com\/#website"},"datePublished":"2019-07-24T02:13:09+00:00","dateModified":"2024-09-09T10:28:02+00:00","breadcrumb":{"@id":"http:\/\/apprenticealamance.com\/participating-employers\/glen-raven\/#breadcrumb"},"inLanguage":"es","potentialAction":[{"@type":"ReadAction","target":["http:\/\/apprenticealamance.com\/participating-employers\/glen-raven\/"]}]},{"@type":"BreadcrumbList","@id":"http:\/\/apprenticealamance.com\/participating-employers\/glen-raven\/#breadcrumb","itemListElement":[{"@type":"ListItem","position":1,"name":"Home","item":"https:\/\/apprenticealamance.com\/"},{"@type":"ListItem","position":2,"name":"Participating Employers","item":"http:\/\/apprenticealamance.com\/participating-employers\/"},{"@type":"ListItem","position":3,"name":"Glen Raven"}]},{"@type":"WebSite","@id":"https:\/\/apprenticealamance.com\/#website","url":"https:\/\/apprenticealamance.com\/","name":"Programa Acelerador de Carrera","description":"Programa Acelerador de Carrera","potentialAction":[{"@type":"SearchAction","target":{"@type":"EntryPoint","urlTemplate":"https:\/\/apprenticealamance.com\/?s={search_term_string}"},"query-input":{"@type":"PropertyValueSpecification","valueRequired":true,"valueName":"search_term_string"}}],"inLanguage":"es"}]}},"_links":{"self":[{"href":"http:\/\/apprenticealamance.com\/es\/wp-json\/wp\/v2\/pages\/151","targetHints":{"allow":["GET"]}}],"collection":[{"href":"http:\/\/apprenticealamance.com\/es\/wp-json\/wp\/v2\/pages"}],"about":[{"href":"http:\/\/apprenticealamance.com\/es\/wp-json\/wp\/v2\/types\/page"}],"author":[{"embeddable":true,"href":"http:\/\/apprenticealamance.com\/es\/wp-json\/wp\/v2\/users\/2"}],"replies":[{"embeddable":true,"href":"http:\/\/apprenticealamance.com\/es\/wp-json\/wp\/v2\/comments?post=151"}],"version-history":[{"count":0,"href":"http:\/\/apprenticealamance.com\/es\/wp-json\/wp\/v2\/pages\/151\/revisions"}],"up":[{"embeddable":true,"href":"http:\/\/apprenticealamance.com\/es\/wp-json\/wp\/v2\/pages\/55"}],"wp:attachment":[{"href":"http:\/\/apprenticealamance.com\/es\/wp-json\/wp\/v2\/media?parent=151"}],"curies":[{"name":"wp","href":"https:\/\/api.w.org\/{rel}","templated":true}]}}