{"id":153,"date":"2019-07-23T22:13:44","date_gmt":"2019-07-24T02:13:44","guid":{"rendered":"http:\/\/apprenticealamance.com\/?page_id=153"},"modified":"2024-09-09T06:25:54","modified_gmt":"2024-09-09T10:25:54","slug":"gkn-driveline","status":"publish","type":"page","link":"http:\/\/apprenticealamance.com\/es\/participating-employers\/gkn-driveline\/","title":{"rendered":"GKN Driveline"},"content":{"rendered":"<div class=\"wp-block-stackable-heading stk-block-heading stk-block-heading--v2 stk-block stk-aa7055d\" id=\"gkn-driveline\" data-block-id=\"aa7055d\"><style>.stk-aa7055d .stk-block-heading__text{color:#181851 !important}<\/style><h1 class=\"stk-block-heading__text has-text-color\">GKN Driveline<\/h1><\/div>\n\n\n\n<p>GKN Driveline desarrolla, fabrica y suministra productos y sistemas de transmisi\u00f3n para autom\u00f3viles. M\u00e1s del 50 % de los coches nuevos contienen una cadena cinem\u00e1tica de GKN.<\/p>\n\n\n\n<figure class=\"wp-block-embed is-type-video is-provider-youtube wp-block-embed-youtube wp-embed-aspect-16-9 wp-has-aspect-ratio\"><div class=\"wp-block-embed__wrapper\">\n<iframe loading=\"lazy\" title=\"GKN Driveline\" width=\"500\" height=\"281\" src=\"https:\/\/www.youtube.com\/embed\/0YP7FgAEVGo?feature=oembed\" frameborder=\"0\" allow=\"accelerometer; autoplay; clipboard-write; encrypted-media; gyroscope; picture-in-picture; web-share\" referrerpolicy=\"strict-origin-when-cross-origin\" allowfullscreen><\/iframe>\n<\/div><\/figure>","protected":false},"excerpt":{"rendered":"<p>GKN Driveline GKN Driveline desarrolla, fabrica y suministra productos y sistemas de transmisi\u00f3n para autom\u00f3viles. M\u00e1s del 50 % de los coches nuevos llevan una cadena cinem\u00e1tica de GKN.<\/p>","protected":false},"author":2,"featured_media":0,"parent":55,"menu_order":0,"comment_status":"closed","ping_status":"closed","template":"","meta":{"footnotes":""},"class_list":["post-153","page","type-page","status-publish","hentry"],"featured_image_urls_v2":{"full":"","thumbnail":"","medium":"","medium_large":"","large":"","1536x1536":"","2048x2048":"","trp-custom-language-flag":"","post-thumbnail":"","header_logo":"","home-hero":"","home-discover-background":"","home-video-thumbnail":"","home-partner-logo":"","page-banner":"","gform-image-choice-sm":"","gform-image-choice-md":"","gform-image-choice-lg":""},"post_excerpt_stackable_v2":"<p>GKN Driveline GKN Driveline develops, builds and supplies automotive driveline products and systems. More than 50 % of new cars contain a driveline by GKN.<\/p>\n","category_list_v2":"","author_info_v2":{"name":"Marketing Estrella del Norte","url":"http:\/\/apprenticealamance.com\/es\/author\/nsm\/"},"comments_num_v2":"0 comments","yoast_head":"<!-- This site is optimized with the Yoast SEO plugin v27.4 - https:\/\/yoast.com\/product\/yoast-seo-wordpress\/ -->\n<title>GKN Driveline - Career Accelerator Program<\/title>\n<meta name=\"robots\" content=\"index, follow, max-snippet:-1, max-image-preview:large, max-video-preview:-1\" \/>\n<link rel=\"canonical\" href=\"http:\/\/apprenticealamance.com\/es\/participating-employers\/gkn-driveline\/\" \/>\n<meta property=\"og:locale\" content=\"es_MX\" \/>\n<meta property=\"og:type\" content=\"article\" \/>\n<meta property=\"og:title\" content=\"GKN Driveline - Career Accelerator Program\" \/>\n<meta property=\"og:description\" content=\"GKN Driveline GKN Driveline develops, builds and supplies automotive driveline products and systems. More than 50 % of new cars contain a driveline by GKN.\" \/>\n<meta property=\"og:url\" content=\"http:\/\/apprenticealamance.com\/es\/participating-employers\/gkn-driveline\/\" \/>\n<meta property=\"og:site_name\" content=\"Career Accelerator Program\" \/>\n<meta property=\"article:modified_time\" content=\"2024-09-09T10:25:54+00:00\" \/>\n<meta name=\"twitter:card\" content=\"summary_large_image\" \/>\n<meta name=\"twitter:label1\" content=\"Tiempo de lectura\" \/>\n\t<meta name=\"twitter:data1\" content=\"1 minuto\" \/>\n<script type=\"application\/ld+json\" class=\"yoast-schema-graph\">{\"@context\":\"https:\\\/\\\/schema.org\",\"@graph\":[{\"@type\":\"WebPage\",\"@id\":\"http:\\\/\\\/apprenticealamance.com\\\/es\\\/participating-employers\\\/gkn-driveline\\\/\",\"url\":\"http:\\\/\\\/apprenticealamance.com\\\/es\\\/participating-employers\\\/gkn-driveline\\\/\",\"name\":\"GKN Driveline - Career Accelerator Program\",\"isPartOf\":{\"@id\":\"https:\\\/\\\/apprenticealamance.com\\\/#website\"},\"datePublished\":\"2019-07-24T02:13:44+00:00\",\"dateModified\":\"2024-09-09T10:25:54+00:00\",\"breadcrumb\":{\"@id\":\"http:\\\/\\\/apprenticealamance.com\\\/es\\\/participating-employers\\\/gkn-driveline\\\/#breadcrumb\"},\"inLanguage\":\"es\",\"potentialAction\":[{\"@type\":\"ReadAction\",\"target\":[\"http:\\\/\\\/apprenticealamance.com\\\/es\\\/participating-employers\\\/gkn-driveline\\\/\"]}]},{\"@type\":\"BreadcrumbList\",\"@id\":\"http:\\\/\\\/apprenticealamance.com\\\/es\\\/participating-employers\\\/gkn-driveline\\\/#breadcrumb\",\"itemListElement\":[{\"@type\":\"ListItem\",\"position\":1,\"name\":\"Home\",\"item\":\"https:\\\/\\\/apprenticealamance.com\\\/\"},{\"@type\":\"ListItem\",\"position\":2,\"name\":\"Participating Employers\",\"item\":\"http:\\\/\\\/apprenticealamance.com\\\/participating-employers\\\/\"},{\"@type\":\"ListItem\",\"position\":3,\"name\":\"GKN Driveline\"}]},{\"@type\":\"WebSite\",\"@id\":\"https:\\\/\\\/apprenticealamance.com\\\/#website\",\"url\":\"https:\\\/\\\/apprenticealamance.com\\\/\",\"name\":\"Career Accelerator Program\",\"description\":\"Career Accelerator Program\",\"potentialAction\":[{\"@type\":\"SearchAction\",\"target\":{\"@type\":\"EntryPoint\",\"urlTemplate\":\"https:\\\/\\\/apprenticealamance.com\\\/?s={search_term_string}\"},\"query-input\":{\"@type\":\"PropertyValueSpecification\",\"valueRequired\":true,\"valueName\":\"search_term_string\"}}],\"inLanguage\":\"es\"}]}<\/script>\n<!-- \/ Yoast SEO plugin. -->","yoast_head_json":{"title":"GKN Driveline - Programa acelerador de carreras profesionales","robots":{"index":"index","follow":"follow","max-snippet":"max-snippet:-1","max-image-preview":"max-image-preview:large","max-video-preview":"max-video-preview:-1"},"canonical":"http:\/\/apprenticealamance.com\/es\/participating-employers\/gkn-driveline\/","og_locale":"es_MX","og_type":"article","og_title":"GKN Driveline - Career Accelerator Program","og_description":"GKN Driveline GKN Driveline develops, builds and supplies automotive driveline products and systems. More than 50 % of new cars contain a driveline by GKN.","og_url":"http:\/\/apprenticealamance.com\/es\/participating-employers\/gkn-driveline\/","og_site_name":"Career Accelerator Program","article_modified_time":"2024-09-09T10:25:54+00:00","twitter_card":"summary_large_image","twitter_misc":{"Tiempo de lectura":"1 minuto"},"schema":{"@context":"https:\/\/schema.org","@graph":[{"@type":"WebPage","@id":"http:\/\/apprenticealamance.com\/es\/participating-employers\/gkn-driveline\/","url":"http:\/\/apprenticealamance.com\/es\/participating-employers\/gkn-driveline\/","name":"GKN Driveline - Programa acelerador de carreras profesionales","isPartOf":{"@id":"https:\/\/apprenticealamance.com\/#website"},"datePublished":"2019-07-24T02:13:44+00:00","dateModified":"2024-09-09T10:25:54+00:00","breadcrumb":{"@id":"http:\/\/apprenticealamance.com\/es\/participating-employers\/gkn-driveline\/#breadcrumb"},"inLanguage":"es","potentialAction":[{"@type":"ReadAction","target":["http:\/\/apprenticealamance.com\/es\/participating-employers\/gkn-driveline\/"]}]},{"@type":"BreadcrumbList","@id":"http:\/\/apprenticealamance.com\/es\/participating-employers\/gkn-driveline\/#breadcrumb","itemListElement":[{"@type":"ListItem","position":1,"name":"Home","item":"https:\/\/apprenticealamance.com\/"},{"@type":"ListItem","position":2,"name":"Participating Employers","item":"http:\/\/apprenticealamance.com\/participating-employers\/"},{"@type":"ListItem","position":3,"name":"GKN Driveline"}]},{"@type":"WebSite","@id":"https:\/\/apprenticealamance.com\/#website","url":"https:\/\/apprenticealamance.com\/","name":"Programa Acelerador de Carrera","description":"Programa Acelerador de Carrera","potentialAction":[{"@type":"SearchAction","target":{"@type":"EntryPoint","urlTemplate":"https:\/\/apprenticealamance.com\/?s={search_term_string}"},"query-input":{"@type":"PropertyValueSpecification","valueRequired":true,"valueName":"search_term_string"}}],"inLanguage":"es"}]}},"_links":{"self":[{"href":"http:\/\/apprenticealamance.com\/es\/wp-json\/wp\/v2\/pages\/153","targetHints":{"allow":["GET"]}}],"collection":[{"href":"http:\/\/apprenticealamance.com\/es\/wp-json\/wp\/v2\/pages"}],"about":[{"href":"http:\/\/apprenticealamance.com\/es\/wp-json\/wp\/v2\/types\/page"}],"author":[{"embeddable":true,"href":"http:\/\/apprenticealamance.com\/es\/wp-json\/wp\/v2\/users\/2"}],"replies":[{"embeddable":true,"href":"http:\/\/apprenticealamance.com\/es\/wp-json\/wp\/v2\/comments?post=153"}],"version-history":[{"count":0,"href":"http:\/\/apprenticealamance.com\/es\/wp-json\/wp\/v2\/pages\/153\/revisions"}],"up":[{"embeddable":true,"href":"http:\/\/apprenticealamance.com\/es\/wp-json\/wp\/v2\/pages\/55"}],"wp:attachment":[{"href":"http:\/\/apprenticealamance.com\/es\/wp-json\/wp\/v2\/media?parent=153"}],"curies":[{"name":"wp","href":"https:\/\/api.w.org\/{rel}","templated":true}]}}