{"id":205,"date":"2019-11-25T15:57:54","date_gmt":"2019-11-25T20:57:54","guid":{"rendered":"https:\/\/alamancecapdev.wpenginepowered.com\/?page_id=205"},"modified":"2024-09-09T09:22:46","modified_gmt":"2024-09-09T13:22:46","slug":"student-application-thank-you","status":"publish","type":"page","link":"http:\/\/apprenticealamance.com\/es\/apply\/student-application\/student-application-thank-you\/","title":{"rendered":"Solicitud de estudiante - Gracias"},"content":{"rendered":"<h3 class=\"wp-block-heading has-midnight-color has-text-color\"><strong>Gracias por rellenar la solicitud en l\u00ednea del CAP.<\/strong><\/h3>\n\n\n\n<p>Para participar en este programa, debe presentar los documentos que se indican a continuaci\u00f3n:<\/p>\n\n\n\n<ul class=\"wp-block-list\">\n<li><strong>Certificado oficial de estudios secundarios<\/strong> (incluidos los grados de oto\u00f1o)<em>- Pide ayuda a tu orientador o al Coordinador de Desarrollo Profesional (CDC).<\/em><\/li>\n\n\n\n<li><strong>Registro oficial de asistencia (a\u00f1o en curso y a\u00f1o anterior, incluido el semestre de oto\u00f1o) <\/strong><em>- Pide ayuda a tu orientador o al Coordinador de Desarrollo Profesional (CDC).<\/em><\/li>\n\n\n\n<li><strong>Firmas<\/strong> - Todas las partes deben haber presentado sus firmas.<\/li>\n<\/ul>\n\n\n\n<p>Estos elementos deben presentarse antes de que finalice el plazo de solicitud (<strong>15 de febrero<\/strong> de cada a\u00f1o). Existen <strong>SIN EXCEPCIONES<\/strong> por solicitudes tard\u00edas o incompletas. Si tiene alguna pregunta, p\u00f3ngase en contacto con su Coordinador de Desarrollo Profesional (CDC).<\/p>\n\n\n\n<p>Si necesita ponerse en contacto con su coordinador de desarrollo profesional, puede encontrar una lista de nombres en esta direcci\u00f3n <a href=\"https:\/\/www.abss.k12.nc.us\/page\/career-technical-education\" target=\"_blank\" rel=\"noreferrer noopener\">sitio web<\/a>.<\/p>","protected":false},"excerpt":{"rendered":"<p>Thank you for completing the CAP online application. To be considered for this program you must submit the items listed below: These items must be submitted before the application deadline (February 15 of each year). There are NO EXCEPTIONS for late or incomplete applications. If you have any questions, contact your Career Development Coordinator (CDC). [&hellip;]<\/p>\n","protected":false},"author":2,"featured_media":0,"parent":74,"menu_order":0,"comment_status":"closed","ping_status":"closed","template":"","meta":{"footnotes":""},"class_list":["post-205","page","type-page","status-publish","hentry"],"featured_image_urls_v2":{"full":"","thumbnail":"","medium":"","medium_large":"","large":"","1536x1536":"","2048x2048":"","trp-custom-language-flag":"","post-thumbnail":"","header_logo":"","home-hero":"","home-discover-background":"","home-video-thumbnail":"","home-partner-logo":"","page-banner":"","gform-image-choice-sm":"","gform-image-choice-md":"","gform-image-choice-lg":""},"post_excerpt_stackable_v2":"<p>Thank you for completing the CAP online application. To be considered for this program you must submit the items listed below: Official High School Transcript (including fall grades)\u2014 Ask your guidance counselor or Career Development Coordinator (CDC) for help. Official Attendance Record (Current &amp; Previous Year, including fall semester) \u2014 Ask your guidance counselor or Career Development Coordinator (CDC) for help. Signatures &#8211; All parties must have submitted their signatures. These items must be submitted before the application deadline (February 15 of each year). There are NO EXCEPTIONS for late or incomplete applications. If you have any questions, contact your&hellip;<\/p>\n","category_list_v2":"","author_info_v2":{"name":"Marketing Estrella del Norte","url":"http:\/\/apprenticealamance.com\/es\/author\/nsm\/"},"comments_num_v2":"0 comments","yoast_head":"<!-- This site is optimized with the Yoast SEO plugin v27.5 - https:\/\/yoast.com\/product\/yoast-seo-wordpress\/ -->\n<title>Student Application \u2014 Thank You - Career Accelerator Program<\/title>\n<meta name=\"robots\" content=\"index, follow, max-snippet:-1, max-image-preview:large, max-video-preview:-1\" \/>\n<link rel=\"canonical\" href=\"http:\/\/apprenticealamance.com\/es\/apply\/student-application\/student-application-thank-you\/\" \/>\n<meta property=\"og:locale\" content=\"es_MX\" \/>\n<meta property=\"og:type\" content=\"article\" \/>\n<meta property=\"og:title\" content=\"Student Application \u2014 Thank You - Career Accelerator Program\" \/>\n<meta property=\"og:description\" content=\"Thank you for completing the CAP online application. To be considered for this program you must submit the items listed below: These items must be submitted before the application deadline (February 15 of each year). There are NO EXCEPTIONS for late or incomplete applications. If you have any questions, contact your Career Development Coordinator (CDC). [&hellip;]\" \/>\n<meta property=\"og:url\" content=\"http:\/\/apprenticealamance.com\/es\/apply\/student-application\/student-application-thank-you\/\" \/>\n<meta property=\"og:site_name\" content=\"Career Accelerator Program\" \/>\n<meta property=\"article:modified_time\" content=\"2024-09-09T13:22:46+00:00\" \/>\n<meta name=\"twitter:card\" content=\"summary_large_image\" \/>\n<meta name=\"twitter:label1\" content=\"Tiempo de lectura\" \/>\n\t<meta name=\"twitter:data1\" content=\"1 minuto\" \/>\n<script type=\"application\/ld+json\" class=\"yoast-schema-graph\">{\"@context\":\"https:\\\/\\\/schema.org\",\"@graph\":[{\"@type\":\"WebPage\",\"@id\":\"http:\\\/\\\/apprenticealamance.com\\\/apply\\\/student-application\\\/student-application-thank-you\\\/\",\"url\":\"http:\\\/\\\/apprenticealamance.com\\\/apply\\\/student-application\\\/student-application-thank-you\\\/\",\"name\":\"Student Application \u2014 Thank You - Career Accelerator Program\",\"isPartOf\":{\"@id\":\"https:\\\/\\\/apprenticealamance.com\\\/#website\"},\"datePublished\":\"2019-11-25T20:57:54+00:00\",\"dateModified\":\"2024-09-09T13:22:46+00:00\",\"breadcrumb\":{\"@id\":\"http:\\\/\\\/apprenticealamance.com\\\/apply\\\/student-application\\\/student-application-thank-you\\\/#breadcrumb\"},\"inLanguage\":\"es\",\"potentialAction\":[{\"@type\":\"ReadAction\",\"target\":[\"http:\\\/\\\/apprenticealamance.com\\\/apply\\\/student-application\\\/student-application-thank-you\\\/\"]}]},{\"@type\":\"BreadcrumbList\",\"@id\":\"http:\\\/\\\/apprenticealamance.com\\\/apply\\\/student-application\\\/student-application-thank-you\\\/#breadcrumb\",\"itemListElement\":[{\"@type\":\"ListItem\",\"position\":1,\"name\":\"Home\",\"item\":\"https:\\\/\\\/apprenticealamance.com\\\/\"},{\"@type\":\"ListItem\",\"position\":2,\"name\":\"Apply\",\"item\":\"https:\\\/\\\/apprenticealamance.com\\\/apply\\\/\"},{\"@type\":\"ListItem\",\"position\":3,\"name\":\"Student Application\",\"item\":\"https:\\\/\\\/apprenticealamance.com\\\/apply\\\/student-application\\\/\"},{\"@type\":\"ListItem\",\"position\":4,\"name\":\"Student Application \u2014 Thank You\"}]},{\"@type\":\"WebSite\",\"@id\":\"https:\\\/\\\/apprenticealamance.com\\\/#website\",\"url\":\"https:\\\/\\\/apprenticealamance.com\\\/\",\"name\":\"Career Accelerator Program\",\"description\":\"Career Accelerator Program\",\"potentialAction\":[{\"@type\":\"SearchAction\",\"target\":{\"@type\":\"EntryPoint\",\"urlTemplate\":\"https:\\\/\\\/apprenticealamance.com\\\/?s={search_term_string}\"},\"query-input\":{\"@type\":\"PropertyValueSpecification\",\"valueRequired\":true,\"valueName\":\"search_term_string\"}}],\"inLanguage\":\"es\"}]}<\/script>\n<!-- \/ Yoast SEO plugin. -->","yoast_head_json":{"title":"Student Application \u2014 Thank You - Career Accelerator Program","robots":{"index":"index","follow":"follow","max-snippet":"max-snippet:-1","max-image-preview":"max-image-preview:large","max-video-preview":"max-video-preview:-1"},"canonical":"http:\/\/apprenticealamance.com\/es\/apply\/student-application\/student-application-thank-you\/","og_locale":"es_MX","og_type":"article","og_title":"Student Application \u2014 Thank You - Career Accelerator Program","og_description":"Thank you for completing the CAP online application. To be considered for this program you must submit the items listed below: These items must be submitted before the application deadline (February 15 of each year). There are NO EXCEPTIONS for late or incomplete applications. If you have any questions, contact your Career Development Coordinator (CDC). [&hellip;]","og_url":"http:\/\/apprenticealamance.com\/es\/apply\/student-application\/student-application-thank-you\/","og_site_name":"Career Accelerator Program","article_modified_time":"2024-09-09T13:22:46+00:00","twitter_card":"summary_large_image","twitter_misc":{"Tiempo de lectura":"1 minuto"},"schema":{"@context":"https:\/\/schema.org","@graph":[{"@type":"WebPage","@id":"http:\/\/apprenticealamance.com\/apply\/student-application\/student-application-thank-you\/","url":"http:\/\/apprenticealamance.com\/apply\/student-application\/student-application-thank-you\/","name":"Student Application \u2014 Thank You - Career Accelerator Program","isPartOf":{"@id":"https:\/\/apprenticealamance.com\/#website"},"datePublished":"2019-11-25T20:57:54+00:00","dateModified":"2024-09-09T13:22:46+00:00","breadcrumb":{"@id":"http:\/\/apprenticealamance.com\/apply\/student-application\/student-application-thank-you\/#breadcrumb"},"inLanguage":"es","potentialAction":[{"@type":"ReadAction","target":["http:\/\/apprenticealamance.com\/apply\/student-application\/student-application-thank-you\/"]}]},{"@type":"BreadcrumbList","@id":"http:\/\/apprenticealamance.com\/apply\/student-application\/student-application-thank-you\/#breadcrumb","itemListElement":[{"@type":"ListItem","position":1,"name":"Home","item":"https:\/\/apprenticealamance.com\/"},{"@type":"ListItem","position":2,"name":"Apply","item":"https:\/\/apprenticealamance.com\/apply\/"},{"@type":"ListItem","position":3,"name":"Student Application","item":"https:\/\/apprenticealamance.com\/apply\/student-application\/"},{"@type":"ListItem","position":4,"name":"Student Application \u2014 Thank You"}]},{"@type":"WebSite","@id":"https:\/\/apprenticealamance.com\/#website","url":"https:\/\/apprenticealamance.com\/","name":"Programa Acelerador de Carrera","description":"Programa Acelerador de Carrera","potentialAction":[{"@type":"SearchAction","target":{"@type":"EntryPoint","urlTemplate":"https:\/\/apprenticealamance.com\/?s={search_term_string}"},"query-input":{"@type":"PropertyValueSpecification","valueRequired":true,"valueName":"search_term_string"}}],"inLanguage":"es"}]}},"_links":{"self":[{"href":"http:\/\/apprenticealamance.com\/es\/wp-json\/wp\/v2\/pages\/205","targetHints":{"allow":["GET"]}}],"collection":[{"href":"http:\/\/apprenticealamance.com\/es\/wp-json\/wp\/v2\/pages"}],"about":[{"href":"http:\/\/apprenticealamance.com\/es\/wp-json\/wp\/v2\/types\/page"}],"author":[{"embeddable":true,"href":"http:\/\/apprenticealamance.com\/es\/wp-json\/wp\/v2\/users\/2"}],"replies":[{"embeddable":true,"href":"http:\/\/apprenticealamance.com\/es\/wp-json\/wp\/v2\/comments?post=205"}],"version-history":[{"count":0,"href":"http:\/\/apprenticealamance.com\/es\/wp-json\/wp\/v2\/pages\/205\/revisions"}],"up":[{"embeddable":true,"href":"http:\/\/apprenticealamance.com\/es\/wp-json\/wp\/v2\/pages\/74"}],"wp:attachment":[{"href":"http:\/\/apprenticealamance.com\/es\/wp-json\/wp\/v2\/media?parent=205"}],"curies":[{"name":"wp","href":"https:\/\/api.w.org\/{rel}","templated":true}]}}