{"id":599,"date":"2021-12-13T09:21:34","date_gmt":"2021-12-13T14:21:34","guid":{"rendered":"https:\/\/alamancecapdev.wpenginepowered.com\/?page_id=599"},"modified":"2024-09-09T06:40:03","modified_gmt":"2024-09-09T10:40:03","slug":"elevate-textiles","status":"publish","type":"page","link":"http:\/\/apprenticealamance.com\/es\/participating-employers\/elevate-textiles\/","title":{"rendered":"Elevate Textiles"},"content":{"rendered":"<div class=\"wp-block-stackable-heading stk-block-heading stk-block-heading--v2 stk-block stk-2432c00\" id=\"elevate-textiles\" data-block-id=\"2432c00\"><style>.stk-2432c00 .stk-block-heading__text{color:#181851 !important}<\/style><h1 class=\"stk-block-heading__text has-text-color\">Elevate Textiles<\/h1><\/div>\n\n\n\n<p><meta charset=\"utf-8\"><meta charset=\"utf-8\">Elevate Textiles ofrece soluciones textiles globales y fabrica marcas de tejidos para automoci\u00f3n, confecci\u00f3n, mobiliario interior y aplicaciones industriales.<\/p>\n\n\n\n<p>Visite&nbsp;<a href=\"https:\/\/www.westrock.com\/\" target=\"_blank\" rel=\"noreferrer noopener\">elevatetextiles.com<\/a>&nbsp;para saber m\u00e1s.<\/p>","protected":false},"excerpt":{"rendered":"<p>Elevate Textiles Elevate Textiles ofrece soluciones textiles globales y fabrica marcas de tejidos para automoci\u00f3n, confecci\u00f3n, mobiliario interior y aplicaciones industriales. Visite elevatetextiles.com para obtener m\u00e1s informaci\u00f3n.<\/p>","protected":false},"author":2,"featured_media":0,"parent":55,"menu_order":0,"comment_status":"closed","ping_status":"closed","template":"","meta":{"footnotes":""},"class_list":["post-599","page","type-page","status-publish","hentry"],"featured_image_urls_v2":{"full":"","thumbnail":"","medium":"","medium_large":"","large":"","1536x1536":"","2048x2048":"","trp-custom-language-flag":"","post-thumbnail":"","header_logo":"","home-hero":"","home-discover-background":"","home-video-thumbnail":"","home-partner-logo":"","page-banner":"","gform-image-choice-sm":"","gform-image-choice-md":"","gform-image-choice-lg":""},"post_excerpt_stackable_v2":"<p>Elevate Textiles Elevate Textiles&nbsp;provides global textile solutions and manufactures fabric brands for automotive, apparel, interior furnishing and industrial applications. Visit&nbsp;elevatetextiles.com&nbsp;to find out more.<\/p>\n","category_list_v2":"","author_info_v2":{"name":"Marketing Estrella del Norte","url":"http:\/\/apprenticealamance.com\/es\/author\/nsm\/"},"comments_num_v2":"0 comments","yoast_head":"<!-- This site is optimized with the Yoast SEO plugin v27.4 - https:\/\/yoast.com\/product\/yoast-seo-wordpress\/ -->\n<title>Elevate Textiles - Career Accelerator Program<\/title>\n<meta name=\"robots\" content=\"index, follow, max-snippet:-1, max-image-preview:large, max-video-preview:-1\" \/>\n<link rel=\"canonical\" href=\"http:\/\/apprenticealamance.com\/es\/participating-employers\/elevate-textiles\/\" \/>\n<meta property=\"og:locale\" content=\"es_MX\" \/>\n<meta property=\"og:type\" content=\"article\" \/>\n<meta property=\"og:title\" content=\"Elevate Textiles - Career Accelerator Program\" \/>\n<meta property=\"og:description\" content=\"Elevate Textiles Elevate Textiles&nbsp;provides global textile solutions and manufactures fabric brands for automotive, apparel, interior furnishing and industrial applications. Visit&nbsp;elevatetextiles.com&nbsp;to find out more.\" \/>\n<meta property=\"og:url\" content=\"http:\/\/apprenticealamance.com\/es\/participating-employers\/elevate-textiles\/\" \/>\n<meta property=\"og:site_name\" content=\"Career Accelerator Program\" \/>\n<meta property=\"article:modified_time\" content=\"2024-09-09T10:40:03+00:00\" \/>\n<meta name=\"twitter:card\" content=\"summary_large_image\" \/>\n<meta name=\"twitter:label1\" content=\"Tiempo de lectura\" \/>\n\t<meta name=\"twitter:data1\" content=\"1 minuto\" \/>\n<script type=\"application\/ld+json\" class=\"yoast-schema-graph\">{\"@context\":\"https:\\\/\\\/schema.org\",\"@graph\":[{\"@type\":\"WebPage\",\"@id\":\"http:\\\/\\\/apprenticealamance.com\\\/participating-employers\\\/elevate-textiles\\\/\",\"url\":\"http:\\\/\\\/apprenticealamance.com\\\/participating-employers\\\/elevate-textiles\\\/\",\"name\":\"Elevate Textiles - Career Accelerator Program\",\"isPartOf\":{\"@id\":\"https:\\\/\\\/apprenticealamance.com\\\/#website\"},\"datePublished\":\"2021-12-13T14:21:34+00:00\",\"dateModified\":\"2024-09-09T10:40:03+00:00\",\"breadcrumb\":{\"@id\":\"http:\\\/\\\/apprenticealamance.com\\\/participating-employers\\\/elevate-textiles\\\/#breadcrumb\"},\"inLanguage\":\"es\",\"potentialAction\":[{\"@type\":\"ReadAction\",\"target\":[\"http:\\\/\\\/apprenticealamance.com\\\/participating-employers\\\/elevate-textiles\\\/\"]}]},{\"@type\":\"BreadcrumbList\",\"@id\":\"http:\\\/\\\/apprenticealamance.com\\\/participating-employers\\\/elevate-textiles\\\/#breadcrumb\",\"itemListElement\":[{\"@type\":\"ListItem\",\"position\":1,\"name\":\"Home\",\"item\":\"https:\\\/\\\/apprenticealamance.com\\\/\"},{\"@type\":\"ListItem\",\"position\":2,\"name\":\"Participating Employers\",\"item\":\"http:\\\/\\\/apprenticealamance.com\\\/participating-employers\\\/\"},{\"@type\":\"ListItem\",\"position\":3,\"name\":\"Elevate Textiles\"}]},{\"@type\":\"WebSite\",\"@id\":\"https:\\\/\\\/apprenticealamance.com\\\/#website\",\"url\":\"https:\\\/\\\/apprenticealamance.com\\\/\",\"name\":\"Career Accelerator Program\",\"description\":\"Career Accelerator Program\",\"potentialAction\":[{\"@type\":\"SearchAction\",\"target\":{\"@type\":\"EntryPoint\",\"urlTemplate\":\"https:\\\/\\\/apprenticealamance.com\\\/?s={search_term_string}\"},\"query-input\":{\"@type\":\"PropertyValueSpecification\",\"valueRequired\":true,\"valueName\":\"search_term_string\"}}],\"inLanguage\":\"es\"}]}<\/script>\n<!-- \/ Yoast SEO plugin. -->","yoast_head_json":{"title":"Elevate Textiles - Career Accelerator Program","robots":{"index":"index","follow":"follow","max-snippet":"max-snippet:-1","max-image-preview":"max-image-preview:large","max-video-preview":"max-video-preview:-1"},"canonical":"http:\/\/apprenticealamance.com\/es\/participating-employers\/elevate-textiles\/","og_locale":"es_MX","og_type":"article","og_title":"Elevate Textiles - Career Accelerator Program","og_description":"Elevate Textiles Elevate Textiles&nbsp;provides global textile solutions and manufactures fabric brands for automotive, apparel, interior furnishing and industrial applications. Visit&nbsp;elevatetextiles.com&nbsp;to find out more.","og_url":"http:\/\/apprenticealamance.com\/es\/participating-employers\/elevate-textiles\/","og_site_name":"Career Accelerator Program","article_modified_time":"2024-09-09T10:40:03+00:00","twitter_card":"summary_large_image","twitter_misc":{"Tiempo de lectura":"1 minuto"},"schema":{"@context":"https:\/\/schema.org","@graph":[{"@type":"WebPage","@id":"http:\/\/apprenticealamance.com\/participating-employers\/elevate-textiles\/","url":"http:\/\/apprenticealamance.com\/participating-employers\/elevate-textiles\/","name":"Elevate Textiles - Career Accelerator Program","isPartOf":{"@id":"https:\/\/apprenticealamance.com\/#website"},"datePublished":"2021-12-13T14:21:34+00:00","dateModified":"2024-09-09T10:40:03+00:00","breadcrumb":{"@id":"http:\/\/apprenticealamance.com\/participating-employers\/elevate-textiles\/#breadcrumb"},"inLanguage":"es","potentialAction":[{"@type":"ReadAction","target":["http:\/\/apprenticealamance.com\/participating-employers\/elevate-textiles\/"]}]},{"@type":"BreadcrumbList","@id":"http:\/\/apprenticealamance.com\/participating-employers\/elevate-textiles\/#breadcrumb","itemListElement":[{"@type":"ListItem","position":1,"name":"Home","item":"https:\/\/apprenticealamance.com\/"},{"@type":"ListItem","position":2,"name":"Participating Employers","item":"http:\/\/apprenticealamance.com\/participating-employers\/"},{"@type":"ListItem","position":3,"name":"Elevate Textiles"}]},{"@type":"WebSite","@id":"https:\/\/apprenticealamance.com\/#website","url":"https:\/\/apprenticealamance.com\/","name":"Programa Acelerador de Carrera","description":"Programa Acelerador de Carrera","potentialAction":[{"@type":"SearchAction","target":{"@type":"EntryPoint","urlTemplate":"https:\/\/apprenticealamance.com\/?s={search_term_string}"},"query-input":{"@type":"PropertyValueSpecification","valueRequired":true,"valueName":"search_term_string"}}],"inLanguage":"es"}]}},"_links":{"self":[{"href":"http:\/\/apprenticealamance.com\/es\/wp-json\/wp\/v2\/pages\/599","targetHints":{"allow":["GET"]}}],"collection":[{"href":"http:\/\/apprenticealamance.com\/es\/wp-json\/wp\/v2\/pages"}],"about":[{"href":"http:\/\/apprenticealamance.com\/es\/wp-json\/wp\/v2\/types\/page"}],"author":[{"embeddable":true,"href":"http:\/\/apprenticealamance.com\/es\/wp-json\/wp\/v2\/users\/2"}],"replies":[{"embeddable":true,"href":"http:\/\/apprenticealamance.com\/es\/wp-json\/wp\/v2\/comments?post=599"}],"version-history":[{"count":0,"href":"http:\/\/apprenticealamance.com\/es\/wp-json\/wp\/v2\/pages\/599\/revisions"}],"up":[{"embeddable":true,"href":"http:\/\/apprenticealamance.com\/es\/wp-json\/wp\/v2\/pages\/55"}],"wp:attachment":[{"href":"http:\/\/apprenticealamance.com\/es\/wp-json\/wp\/v2\/media?parent=599"}],"curies":[{"name":"wp","href":"https:\/\/api.w.org\/{rel}","templated":true}]}}