{"id":1142,"date":"2024-09-06T01:42:47","date_gmt":"2024-09-06T05:42:47","guid":{"rendered":"https:\/\/alamancecapdev.wpenginepowered.com\/?page_id=1142"},"modified":"2025-05-27T17:13:42","modified_gmt":"2025-05-27T21:13:42","slug":"how-to-apply","status":"publish","type":"page","link":"https:\/\/apprenticealamance.com\/es\/how-to-apply\/","title":{"rendered":"C\u00f3mo solicitar un puesto de aprendiz en Alamance"},"content":{"rendered":"<section class=\"wp-block-create-block-main-page-hero apprentice-block-page-hero overflow-hidden alignfull orange\"><div class=\"wrapper\">\n<div class=\"wp-block-columns is-layout-flex wp-container-core-columns-is-layout-9d6595d7 wp-block-columns-is-layout-flex\">\n<div class=\"wp-block-column is-layout-flow wp-block-column-is-layout-flow\">\n<h2 class=\"wp-block-heading apprentice-blocks-page-heading\">C\u00f3mo solicitarlo<\/h2>\n\n\n\n<p class=\"apprentice-blocks-page-paragraph\">Nuestro proceso de solicitud te ayuda a dar lo mejor de ti en Apprentice Alamance, tanto si ya te ves teniendo \u00e9xito en un aprendizaje como si quieres aprender m\u00e1s. Tendr\u00e1s la oportunidad de visitar empresas, establecer contactos y ver posibilidades reales de trabajo y carrera en acci\u00f3n.&nbsp;<br><br>Este proceso tambi\u00e9n garantiza que el aprendizaje sea adecuado para ti y para la empresa en la que quieres trabajar.<\/p>\n\n\n\n<div class=\"wp-block-button has-custom-width wp-block-button__width-25 is-style-apprentice-white-button\"><a class=\"wp-block-button__link wp-element-button\" href=\"https:\/\/apprenticealamance.com\/es\/start-an-application\/\">Inicie su solicitud hoy mismo<\/a><\/div>\n<\/div>\n\n\n\n<div class=\"wp-block-column is-layout-flow wp-block-column-is-layout-flow\">\n<figure class=\"wp-block-image size-full apprentice-blocks-page-image\"><img loading=\"lazy\" decoding=\"async\" width=\"1386\" height=\"1039\" src=\"http:\/\/apprenticealamance.com\/wp-content\/uploads\/2024\/09\/Alamance-Hero-image-banner-V1_HOW-TO-APPLY.png\" alt=\"\" class=\"wp-image-1357\" srcset=\"https:\/\/apprenticealamance.com\/wp-content\/uploads\/2024\/09\/Alamance-Hero-image-banner-V1_HOW-TO-APPLY.png 1386w, https:\/\/apprenticealamance.com\/wp-content\/uploads\/2024\/09\/Alamance-Hero-image-banner-V1_HOW-TO-APPLY-300x225.png 300w, https:\/\/apprenticealamance.com\/wp-content\/uploads\/2024\/09\/Alamance-Hero-image-banner-V1_HOW-TO-APPLY-1024x768.png 1024w, https:\/\/apprenticealamance.com\/wp-content\/uploads\/2024\/09\/Alamance-Hero-image-banner-V1_HOW-TO-APPLY-768x576.png 768w, https:\/\/apprenticealamance.com\/wp-content\/uploads\/2024\/09\/Alamance-Hero-image-banner-V1_HOW-TO-APPLY-176x132.png 176w, https:\/\/apprenticealamance.com\/wp-content\/uploads\/2024\/09\/Alamance-Hero-image-banner-V1_HOW-TO-APPLY-232x174.png 232w\" sizes=\"auto, (max-width: 1386px) 100vw, 1386px\" \/><\/figure>\n<\/div>\n<\/div>\n<\/div><\/section>\n\n\n\n<section class=\"wp-block-create-block-plane-icon-three-cards apprentice-block-plane-icon-three-cards blue alignfull\"><div class=\"wrapper\">\n<div class=\"wp-block-columns apprentice-block-plane-icon-columns is-layout-flex wp-container-core-columns-is-layout-9d6595d7 wp-block-columns-is-layout-flex\">\n<div class=\"wp-block-column apprentice-block-plane-icon-column is-layout-flow wp-block-column-is-layout-flow\">\n<figure class=\"wp-block-image size-large apprentice-block-plane-icon-image\"><img loading=\"lazy\" decoding=\"async\" width=\"384\" height=\"512\" src=\"http:\/\/apprenticealamance.com\/wp-content\/uploads\/2024\/08\/file-magnifying-glass-light.svg\" alt=\"\" class=\"wp-image-1264\"\/><\/figure>\n\n\n\n<h4 class=\"wp-block-heading apprentice-block-plane-icon-heading\">Investigue<\/h4>\n\n\n\n<p class=\"apprentice-block-plane-icon-paragraph\"><\/p>\n\n\n\n<div class=\"wp-block-button apprentice-block-plane-icon-button\"><a class=\"wp-block-button__link wp-element-button\" href=\"#do-your-research\">M\u00e1s informaci\u00f3n<\/a><\/div>\n<\/div>\n\n\n\n<div class=\"wp-block-column apprentice-block-plane-icon-column is-layout-flow wp-block-column-is-layout-flow\">\n<figure class=\"wp-block-image size-large apprentice-block-plane-icon-image\"><img loading=\"lazy\" decoding=\"async\" width=\"512\" height=\"512\" src=\"http:\/\/apprenticealamance.com\/wp-content\/uploads\/2024\/08\/street-view-light-1.svg\" alt=\"\" class=\"wp-image-1268\"\/><\/figure>\n\n\n\n<h4 class=\"wp-block-heading apprentice-block-plane-icon-heading\">Asistir a visitas a empresas<\/h4>\n\n\n\n<p class=\"apprentice-block-plane-icon-paragraph\"><\/p>\n\n\n\n<div class=\"wp-block-button apprentice-block-plane-icon-button\"><a class=\"wp-block-button__link wp-element-button\" href=\"#attend-company-tours\">M\u00e1s informaci\u00f3n<\/a><\/div>\n<\/div>\n\n\n\n<div class=\"wp-block-column apprentice-block-plane-icon-column is-layout-flow wp-block-column-is-layout-flow\">\n<figure class=\"wp-block-image size-large apprentice-block-plane-icon-image\"><img loading=\"lazy\" decoding=\"async\" width=\"512\" height=\"512\" src=\"http:\/\/apprenticealamance.com\/wp-content\/uploads\/2024\/08\/paper-plane-light.svg\" alt=\"\" class=\"wp-image-1263\"\/><\/figure>\n\n\n\n<h4 class=\"wp-block-heading apprentice-block-plane-icon-heading\">Env\u00ede su solicitud<\/h4>\n\n\n\n<p class=\"apprentice-block-plane-icon-paragraph\"><\/p>\n\n\n\n<div class=\"wp-block-button apprentice-block-plane-icon-button\"><a class=\"wp-block-button__link wp-element-button\" href=\"#submit-your-application\">M\u00e1s informaci\u00f3n<\/a><\/div>\n<\/div>\n<\/div>\n<\/div><\/section>\n\n\n\n<section class=\"wp-block-create-block-plane-icon-three-cards apprentice-block-plane-icon-three-cards blue alignfull\"><div class=\"wrapper\">\n<div class=\"wp-block-columns apprentice-block-plane-icon-columns is-layout-flex wp-container-core-columns-is-layout-9d6595d7 wp-block-columns-is-layout-flex\">\n<div class=\"wp-block-column apprentice-block-plane-icon-column is-layout-flow wp-block-column-is-layout-flow\">\n<figure class=\"wp-block-image size-large apprentice-block-plane-icon-image\"><img loading=\"lazy\" decoding=\"async\" width=\"576\" height=\"512\" src=\"http:\/\/apprenticealamance.com\/wp-content\/uploads\/2024\/08\/calendar-circle-plus-light-1.svg\" alt=\"\" class=\"wp-image-1269\"\/><\/figure>\n\n\n\n<h4 class=\"wp-block-heading apprentice-block-plane-icon-heading\">Asistir a la orientaci\u00f3n<\/h4>\n\n\n\n<p class=\"apprentice-block-plane-icon-paragraph\"><\/p>\n\n\n\n<div class=\"wp-block-button apprentice-block-plane-icon-button\"><a class=\"wp-block-button__link wp-element-button\" href=\"#attend-orientation\">M\u00e1s informaci\u00f3n<\/a><\/div>\n<\/div>\n\n\n\n<div class=\"wp-block-column apprentice-block-plane-icon-column is-layout-flow wp-block-column-is-layout-flow\">\n<figure class=\"wp-block-image size-large apprentice-block-plane-icon-image\"><img loading=\"lazy\" decoding=\"async\" width=\"640\" height=\"512\" src=\"http:\/\/apprenticealamance.com\/wp-content\/uploads\/2024\/08\/people-group-light.svg\" alt=\"\" class=\"wp-image-1265\"\/><\/figure>\n\n\n\n<h4 class=\"wp-block-heading apprentice-block-plane-icon-heading\">Completar un preaprendizaje<\/h4>\n\n\n\n<p class=\"apprentice-block-plane-icon-paragraph\"><\/p>\n\n\n\n<div class=\"wp-block-button apprentice-block-plane-icon-button\"><a class=\"wp-block-button__link wp-element-button\" href=\"#complete-a-pre-apprenticeship\">M\u00e1s informaci\u00f3n<\/a><\/div>\n<\/div>\n\n\n\n<div class=\"wp-block-column apprentice-block-plane-icon-column is-layout-flow wp-block-column-is-layout-flow\">\n<figure class=\"wp-block-image size-large apprentice-block-plane-icon-image\"><img loading=\"lazy\" decoding=\"async\" width=\"512\" height=\"512\" src=\"http:\/\/apprenticealamance.com\/wp-content\/uploads\/2024\/08\/briefcase-light-1.svg\" alt=\"\" class=\"wp-image-1267\"\/><\/figure>\n\n\n\n<h4 class=\"wp-block-heading apprentice-block-plane-icon-heading\">Selecci\u00f3n de aprendices<\/h4>\n\n\n\n<p class=\"apprentice-block-plane-icon-paragraph\"><\/p>\n\n\n\n<div class=\"wp-block-button apprentice-block-plane-icon-button\"><a class=\"wp-block-button__link wp-element-button\" href=\"#apprenticeship-selection\">M\u00e1s informaci\u00f3n<\/a><\/div>\n<\/div>\n<\/div>\n<\/div><\/section>\n\n\n\n<section class=\"wp-block-create-block-lead-para apprentice-block-lead-para overflow-hidden white\"><div class=\"wrapper\"><div class=\"category-tag-text\">paso 1<\/div>\n\n<h2 class=\"wp-block-heading apprentice-blocks-page-heading has-midnight-color has-text-color has-link-color wp-elements-ff34cecbacadcade1b74a6ba378106eb\" id=\"do-your-research\">Investigue<\/h2>\n\n\n<p class=\"apprentice-blocks-page-paragraph\">Explore los beneficios y oportunidades disponibles a trav\u00e9s de Aprendiz Alamance en l\u00ednea y a trav\u00e9s de los siguientes eventos y oportunidades:<\/p>\n\n<\/div><\/section>\n\n\n\n<section class=\"wp-block-create-block-bullet-list apprentice-block-bullet-list white\"><div class=\"wrapper\">\n\n<ul class=\"wp-block-list apprentice-bullet-list\">\n\n<li>Habla con el coordinador de desarrollo profesional de tu centro sobre el aprendizaje.<\/li>\n\n\n<li>Asista a una sesi\u00f3n informativa en su instituto local. Las sesiones cuentan con representantes de nuestros empleadores asociados y est\u00e1n abiertas a estudiantes y padres.<\/li>\n\n\n<li>Revise los requisitos de elegibilidad del programa.<\/li>\n\n\n<li>Si estudias en casa o no encuentras informaci\u00f3n en tu centro sobre el aprendizaje, <a href=\"http:\/\/apprenticealamance.com\/es\/contact-us\/\">p\u00f3ngase en contacto con nosotros.&nbsp;<\/a><\/li>\n\n\n<li>Habla con uno de tus padres o tutores sobre el aprendizaje. Es una oportunidad apasionante, pero tambi\u00e9n un gran compromiso.<\/li>\n\n<\/ul>\n\n<\/div><\/section>\n\n\n\n<section class=\"wp-block-create-block-lead-para apprentice-block-lead-para overflow-hidden white\"><div class=\"wrapper\"><div class=\"category-tag-text\">Paso 2<\/div>\n\n<h2 class=\"wp-block-heading apprentice-blocks-page-heading\" id=\"attend-company-tours\">Asistir a visitas a empresas<\/h2>\n\n\n<p class=\"apprentice-blocks-page-paragraph\">Las visitas a empresas son necesarias para solicitar el puesto de Aprendiz Alamance. Desde noviembre hasta finales de enero, nuestros empleadores asociados invitan a los futuros aprendices y a sus padres o tutores a visitar sus instalaciones, conocer el funcionamiento de la empresa y descubrir las ventajas de sus programas de aprendizaje espec\u00edficos.<br><br>Los aspirantes a aprendices y sus padres o tutores deben asistir al menos a una visita a la empresa para poder participar en el programa de aprendizaje. Varias empresas ofrecen visitas virtuales para mayor comodidad<\/p>\n\n<\/div><\/section>\n\n\n\n<section class=\"wp-block-create-block-lead-para apprentice-block-lead-para overflow-hidden white\"><div class=\"wrapper\"><div class=\"category-tag-text\">Paso 3<\/div>\n\n<h2 class=\"wp-block-heading apprentice-blocks-page-heading\" id=\"submit-your-application\">Env\u00ede su solicitud<\/h2>\n\n\n<p class=\"apprentice-blocks-page-paragraph\">El plazo de presentaci\u00f3n de solicitudes finaliza el 15 de febrero de cada a\u00f1o. Debes crear una cuenta, rellenar tu solicitud inicial, presentar tu expediente acad\u00e9mico y tus registros de asistencia, y hacer que uno de tus padres o tutores y tu coordinador de desarrollo profesional la revisen. Una vez que tu coordinador de desarrollo profesional haya dado el visto bueno, nuestros empleados asociados podr\u00e1n revisarla y empezar a considerarte para un puesto en su organizaci\u00f3n.<\/p>\n\n<\/div><\/section>\n\n\n\n<section class=\"wp-block-create-block-lead-para apprentice-block-lead-para overflow-hidden white\"><div class=\"wrapper\"><div class=\"category-tag-text\">paso 4<\/div>\n\n<h2 class=\"wp-block-heading apprentice-blocks-page-heading\" id=\"attend-orientation\">Asistir a la orientaci\u00f3n<\/h2>\n\n\n<p class=\"apprentice-blocks-page-paragraph\">En marzo, los solicitantes seleccionados recibir\u00e1n invitaciones para continuar el proceso asistiendo a una sesi\u00f3n de orientaci\u00f3n que se celebra en marzo de cada a\u00f1o. La orientaci\u00f3n dura cuatro tardes. Si es seleccionado, puede esperar lo siguiente de la orientaci\u00f3n:<\/p>\n\n<\/div><\/section>\n\n\n\n<section class=\"wp-block-create-block-bullet-list apprentice-block-bullet-list white\"><div class=\"wrapper\">\n\n<ul class=\"wp-block-list apprentice-bullet-list\">\n\n<li>Actividades pr\u00e1cticas, situaciones de resoluci\u00f3n de problemas, creaci\u00f3n de equipos y pruebas, todo ello mientras se observa e interact\u00faa con representantes de la empresa.<\/li>\n\n\n<li>Encuentros con representantes de las empresas para obtener m\u00e1s informaci\u00f3n sobre sus programas de formaci\u00f3n.<\/li>\n\n\n<li>Programa de emparejamiento al final de las cuatro tardes (los estudiantes y las empresas seleccionan a sus tres mejores candidatos, y Apprentice Alamance crea emparejamientos para maximizar el \u00e9xito).<\/li>\n\n<\/ul>\n\n<\/div><\/section>\n\n\n\n<section class=\"wp-block-create-block-lead-para apprentice-block-lead-para overflow-hidden white\"><div class=\"wrapper\"><div class=\"category-tag-text\">paso 5<\/div>\n\n<h2 class=\"wp-block-heading apprentice-blocks-page-heading\" id=\"complete-a-pre-apprenticeship\">Completar un preaprendizaje<\/h2>\n\n\n<p class=\"apprentice-blocks-page-paragraph\">Los estudiantes que coincidan con una empresa y cumplan todos los requisitos ser\u00e1n invitados a ser preaprendices. Los estudiantes ser\u00e1n notificados de esta oferta a mediados de abril. El preaprendizaje remunerado de seis semanas combina el trabajo en la empresa con la asistencia a clases en el Alamance Community College.<br><br>Durante el periodo de preaprendizaje, los empleadores evaluar\u00e1n las calificaciones, el rendimiento, la asistencia y la adaptaci\u00f3n general de los estudiantes a la empresa y al programa de aprendizaje.<\/p>\n\n<\/div><\/section>\n\n\n\n<section class=\"wp-block-create-block-lead-para apprentice-block-lead-para overflow-hidden white\"><div class=\"wrapper\"><div class=\"category-tag-text\">paso 6<\/div>\n\n<h2 class=\"wp-block-heading apprentice-blocks-page-heading\" id=\"apprenticeship-selection\">Selecci\u00f3n de aprendices<\/h2>\n\n\n<p class=\"apprentice-blocks-page-paragraph\">Los estudiantes individuales se reunir\u00e1n con el representante de su empresa en relaci\u00f3n con la selecci\u00f3n de aprendices en agosto. En ese momento, los estudiantes que sean aceptados en Apprentice Alamance recibir\u00e1n informaci\u00f3n sobre c\u00f3mo ajustar sus horarios, asistir a la ceremonia oficial de firma e inscribirse en las clases en Alamance Community College.<br><br>En algunos casos, un preaprendiz puede no ser seleccionado como aprendiz. Si un estudiante est\u00e1 en su \u00faltimo a\u00f1o de carrera y sigue interesado en el programa, puede volver a pasar por el proceso al a\u00f1o siguiente.<\/p>\n\n<\/div><\/section>\n\n\n\n<div style=\"height:25px\" aria-hidden=\"true\" class=\"wp-block-spacer\"><\/div>\n\n\n\n<section class=\"wp-block-create-block-cta-tile apprentice-block-main-section orange image-on-top alignfull\"><div class=\"wrapper\"><div class=\"cta-inner\">\n<h2 class=\"wp-block-heading apprentice-block-main-heading\">Empiece hoy mismo con su solicitud.<\/h2>\n\n\n\n<p class=\"apprentice-block-main-paragraph\"><\/p>\n\n\n\n<div class=\"wp-block-button oapprentice-block-main-button is-style-apprentice-white-button\"><a class=\"wp-block-button__link wp-element-button\" href=\"http:\/\/apprenticealamance.com\/es\/start-application\/\">Iniciar solicitud<\/a><\/div>\n<\/div><\/div><\/section>","protected":false},"excerpt":{"rendered":"","protected":false},"author":243,"featured_media":0,"parent":0,"menu_order":0,"comment_status":"closed","ping_status":"closed","template":"","meta":{"footnotes":""},"class_list":["post-1142","page","type-page","status-publish","hentry"],"featured_image_urls_v2":{"full":"","thumbnail":"","medium":"","medium_large":"","large":"","1536x1536":"","2048x2048":"","trp-custom-language-flag":"","post-thumbnail":"","header_logo":"","home-hero":"","home-discover-background":"","home-video-thumbnail":"","home-partner-logo":"","page-banner":"","gform-image-choice-sm":"","gform-image-choice-md":"","gform-image-choice-lg":""},"post_excerpt_stackable_v2":"<p>How to Apply Our application process helps you put your best foot forward at Apprentice Alamance, whether you already see yourself finding success in an apprenticeship or you want to learn more. You will get a chance to tour companies, make connections, and see actual job and career possibilities in action.&nbsp;This process also ensures the apprenticeship is a good match for you and the company you want to work with. Start Your Application Today Do Your Research Learn More Attend Company Tours Learn More Submit Your Application Learn More Attend Orientation Learn More Complete a Pre-Apprenticeship Learn More Apprenticeship Selection&hellip;<\/p>\n","category_list_v2":"","author_info_v2":{"name":"HonestlySystems","url":"https:\/\/apprenticealamance.com\/es\/author\/honestlysystems\/"},"comments_num_v2":"0 comments","yoast_head":"<!-- This site is optimized with the Yoast SEO plugin v27.4 - https:\/\/yoast.com\/product\/yoast-seo-wordpress\/ -->\n<title>How to Apply | Apprentice Alamance - Career Accelerator Program<\/title>\n<meta name=\"robots\" content=\"index, follow, max-snippet:-1, max-image-preview:large, max-video-preview:-1\" \/>\n<link rel=\"canonical\" href=\"https:\/\/apprenticealamance.com\/es\/how-to-apply\/\" \/>\n<meta property=\"og:locale\" content=\"es_MX\" \/>\n<meta property=\"og:type\" content=\"article\" \/>\n<meta property=\"og:title\" content=\"How to Apply | Apprentice Alamance - Career Accelerator Program\" \/>\n<meta property=\"og:url\" content=\"https:\/\/apprenticealamance.com\/es\/how-to-apply\/\" \/>\n<meta property=\"og:site_name\" content=\"Career Accelerator Program\" \/>\n<meta property=\"article:modified_time\" content=\"2025-05-27T21:13:42+00:00\" \/>\n<meta property=\"og:image\" content=\"http:\/\/apprenticealamance.com\/wp-content\/uploads\/2024\/09\/Alamance-Hero-image-banner-V1_HOW-TO-APPLY.png\" \/>\n<meta name=\"twitter:card\" content=\"summary_large_image\" \/>\n<meta name=\"twitter:label1\" content=\"Tiempo de lectura\" \/>\n\t<meta name=\"twitter:data1\" content=\"4 minutos\" \/>\n<script type=\"application\/ld+json\" class=\"yoast-schema-graph\">{\"@context\":\"https:\\\/\\\/schema.org\",\"@graph\":[{\"@type\":\"WebPage\",\"@id\":\"https:\\\/\\\/apprenticealamance.com\\\/how-to-apply\\\/\",\"url\":\"https:\\\/\\\/apprenticealamance.com\\\/how-to-apply\\\/\",\"name\":\"How to Apply | Apprentice Alamance - Career Accelerator Program\",\"isPartOf\":{\"@id\":\"https:\\\/\\\/apprenticealamance.com\\\/#website\"},\"primaryImageOfPage\":{\"@id\":\"https:\\\/\\\/apprenticealamance.com\\\/how-to-apply\\\/#primaryimage\"},\"image\":{\"@id\":\"https:\\\/\\\/apprenticealamance.com\\\/how-to-apply\\\/#primaryimage\"},\"thumbnailUrl\":\"http:\\\/\\\/apprenticealamance.com\\\/wp-content\\\/uploads\\\/2024\\\/09\\\/Alamance-Hero-image-banner-V1_HOW-TO-APPLY.png\",\"datePublished\":\"2024-09-06T05:42:47+00:00\",\"dateModified\":\"2025-05-27T21:13:42+00:00\",\"breadcrumb\":{\"@id\":\"https:\\\/\\\/apprenticealamance.com\\\/how-to-apply\\\/#breadcrumb\"},\"inLanguage\":\"es\",\"potentialAction\":[{\"@type\":\"ReadAction\",\"target\":[\"https:\\\/\\\/apprenticealamance.com\\\/how-to-apply\\\/\"]}]},{\"@type\":\"ImageObject\",\"inLanguage\":\"es\",\"@id\":\"https:\\\/\\\/apprenticealamance.com\\\/how-to-apply\\\/#primaryimage\",\"url\":\"http:\\\/\\\/apprenticealamance.com\\\/wp-content\\\/uploads\\\/2024\\\/09\\\/Alamance-Hero-image-banner-V1_HOW-TO-APPLY.png\",\"contentUrl\":\"http:\\\/\\\/apprenticealamance.com\\\/wp-content\\\/uploads\\\/2024\\\/09\\\/Alamance-Hero-image-banner-V1_HOW-TO-APPLY.png\"},{\"@type\":\"BreadcrumbList\",\"@id\":\"https:\\\/\\\/apprenticealamance.com\\\/how-to-apply\\\/#breadcrumb\",\"itemListElement\":[{\"@type\":\"ListItem\",\"position\":1,\"name\":\"Home\",\"item\":\"https:\\\/\\\/apprenticealamance.com\\\/\"},{\"@type\":\"ListItem\",\"position\":2,\"name\":\"How to Apply | Apprentice Alamance\"}]},{\"@type\":\"WebSite\",\"@id\":\"https:\\\/\\\/apprenticealamance.com\\\/#website\",\"url\":\"https:\\\/\\\/apprenticealamance.com\\\/\",\"name\":\"Career Accelerator Program\",\"description\":\"Career Accelerator Program\",\"potentialAction\":[{\"@type\":\"SearchAction\",\"target\":{\"@type\":\"EntryPoint\",\"urlTemplate\":\"https:\\\/\\\/apprenticealamance.com\\\/?s={search_term_string}\"},\"query-input\":{\"@type\":\"PropertyValueSpecification\",\"valueRequired\":true,\"valueName\":\"search_term_string\"}}],\"inLanguage\":\"es\"}]}<\/script>\n<!-- \/ Yoast SEO plugin. -->","yoast_head_json":{"title":"C\u00f3mo solicitarlo | Aprendiz Alamance - Programa Acelerador de Carreras Profesionales","robots":{"index":"index","follow":"follow","max-snippet":"max-snippet:-1","max-image-preview":"max-image-preview:large","max-video-preview":"max-video-preview:-1"},"canonical":"https:\/\/apprenticealamance.com\/es\/how-to-apply\/","og_locale":"es_MX","og_type":"article","og_title":"How to Apply | Apprentice Alamance - Career Accelerator Program","og_url":"https:\/\/apprenticealamance.com\/es\/how-to-apply\/","og_site_name":"Career Accelerator Program","article_modified_time":"2025-05-27T21:13:42+00:00","og_image":[{"url":"http:\/\/apprenticealamance.com\/wp-content\/uploads\/2024\/09\/Alamance-Hero-image-banner-V1_HOW-TO-APPLY.png","type":"","width":"","height":""}],"twitter_card":"summary_large_image","twitter_misc":{"Tiempo de lectura":"4 minutos"},"schema":{"@context":"https:\/\/schema.org","@graph":[{"@type":"WebPage","@id":"https:\/\/apprenticealamance.com\/how-to-apply\/","url":"https:\/\/apprenticealamance.com\/how-to-apply\/","name":"C\u00f3mo solicitarlo | Aprendiz Alamance - Programa Acelerador de Carreras Profesionales","isPartOf":{"@id":"https:\/\/apprenticealamance.com\/#website"},"primaryImageOfPage":{"@id":"https:\/\/apprenticealamance.com\/how-to-apply\/#primaryimage"},"image":{"@id":"https:\/\/apprenticealamance.com\/how-to-apply\/#primaryimage"},"thumbnailUrl":"http:\/\/apprenticealamance.com\/wp-content\/uploads\/2024\/09\/Alamance-Hero-image-banner-V1_HOW-TO-APPLY.png","datePublished":"2024-09-06T05:42:47+00:00","dateModified":"2025-05-27T21:13:42+00:00","breadcrumb":{"@id":"https:\/\/apprenticealamance.com\/how-to-apply\/#breadcrumb"},"inLanguage":"es","potentialAction":[{"@type":"ReadAction","target":["https:\/\/apprenticealamance.com\/how-to-apply\/"]}]},{"@type":"ImageObject","inLanguage":"es","@id":"https:\/\/apprenticealamance.com\/how-to-apply\/#primaryimage","url":"http:\/\/apprenticealamance.com\/wp-content\/uploads\/2024\/09\/Alamance-Hero-image-banner-V1_HOW-TO-APPLY.png","contentUrl":"http:\/\/apprenticealamance.com\/wp-content\/uploads\/2024\/09\/Alamance-Hero-image-banner-V1_HOW-TO-APPLY.png"},{"@type":"BreadcrumbList","@id":"https:\/\/apprenticealamance.com\/how-to-apply\/#breadcrumb","itemListElement":[{"@type":"ListItem","position":1,"name":"Home","item":"https:\/\/apprenticealamance.com\/"},{"@type":"ListItem","position":2,"name":"How to Apply | Apprentice Alamance"}]},{"@type":"WebSite","@id":"https:\/\/apprenticealamance.com\/#website","url":"https:\/\/apprenticealamance.com\/","name":"Programa Acelerador de Carrera","description":"Programa Acelerador de Carrera","potentialAction":[{"@type":"SearchAction","target":{"@type":"EntryPoint","urlTemplate":"https:\/\/apprenticealamance.com\/?s={search_term_string}"},"query-input":{"@type":"PropertyValueSpecification","valueRequired":true,"valueName":"search_term_string"}}],"inLanguage":"es"}]}},"_links":{"self":[{"href":"https:\/\/apprenticealamance.com\/es\/wp-json\/wp\/v2\/pages\/1142","targetHints":{"allow":["GET"]}}],"collection":[{"href":"https:\/\/apprenticealamance.com\/es\/wp-json\/wp\/v2\/pages"}],"about":[{"href":"https:\/\/apprenticealamance.com\/es\/wp-json\/wp\/v2\/types\/page"}],"author":[{"embeddable":true,"href":"https:\/\/apprenticealamance.com\/es\/wp-json\/wp\/v2\/users\/243"}],"replies":[{"embeddable":true,"href":"https:\/\/apprenticealamance.com\/es\/wp-json\/wp\/v2\/comments?post=1142"}],"version-history":[{"count":0,"href":"https:\/\/apprenticealamance.com\/es\/wp-json\/wp\/v2\/pages\/1142\/revisions"}],"wp:attachment":[{"href":"https:\/\/apprenticealamance.com\/es\/wp-json\/wp\/v2\/media?parent=1142"}],"curies":[{"name":"wp","href":"https:\/\/api.w.org\/{rel}","templated":true}]}}